{"id":14881,"date":"2015-07-13T20:38:09","date_gmt":"2015-07-13T18:38:09","guid":{"rendered":"http:\/\/www.heku-produkte.de\/?page_id=14881"},"modified":"2024-04-17T16:18:51","modified_gmt":"2024-04-17T14:18:51","slug":"heku-startseite-3","status":"publish","type":"page","link":"https:\/\/www.heku-produkte.de\/","title":{"rendered":"Home"},"content":{"rendered":"<div class=\"wpb-content-wrapper\"><p>[vc_row css_animation=&#8220;&#8220; row_type=&#8220;row&#8220; use_row_as_full_screen_section=&#8220;no&#8220; type=&#8220;full_width&#8220; angled_section=&#8220;no&#8220; text_align=&#8220;left&#8220; background_image_as_pattern=&#8220;without_pattern&#8220; padding_top=&#8220;87&#8243; padding_bottom=&#8220;34&#8243;][vc_column][vc_column_text]<\/p>\n<h1 style=\"text-align: center;\">WILLKOMMEN BEI HEKU<\/h1>\n<p>[\/vc_column_text][\/vc_column][\/vc_row][vc_row css_animation=&#8220;&#8220; row_type=&#8220;row&#8220; use_row_as_full_screen_section=&#8220;no&#8220; type=&#8220;full_width&#8220; angled_section=&#8220;no&#8220; text_align=&#8220;left&#8220; background_image_as_pattern=&#8220;without_pattern&#8220; css=&#8220;.vc_custom_1436863982501{padding-top: 0px !important;padding-bottom: 100px !important;}&#8220;][vc_column width=&#8220;1\/6&#8243;][vc_column_text]<br \/>\n[\/vc_column_text][\/vc_column][vc_column width=&#8220;2\/3&#8243; el_class=&#8220;addtoany_share_save_container&#8220;][vc_column_text css=&#8220;.vc_custom_1544517197014{padding-bottom: 30px !important;}&#8220;]<\/p>\n<h4 style=\"text-align: center;\">Die HEKU GmbH ist ein Marketing- und Vertriebsunternehmen mit Schwerpunkten im Bereich Papierwaren und Konsumg\u00fcter sowie Artikeln des t\u00e4glichen Bedarfs. Durch die mittlerweile 30-j\u00e4hrige Erfahrung hat sich die HEKU GmbH zu einem der f\u00fchrenden Handelspartner mit professionellen Dienstleistungsqualit\u00e4ten im Preiseinstiegssegment etabliert.<\/h4>\n<p>[\/vc_column_text]<a id=\"&lt;\/p&gt;\n&lt;p&gt;&lt;center&gt;\" itemprop=\"url\" href=\"http:\/\/www.heku-produkte.de\/index.php\/heku-philosophie\/\" target=\"_self\"  class=\"qbutton  center default\" style=\"\">Das ist HEKU<\/a>[\/vc_column][vc_column width=&#8220;1\/6&#8243;][vc_column_text]<br \/>\n[\/vc_column_text][\/vc_column][\/vc_row][vc_row row_type=&#8220;content_menu&#8220; disable_element=&#8220;yes&#8220; background_color=&#8220;#636466&#8243; css=&#8220;.vc_custom_1496916663157{padding-top: 30px !important;padding-bottom: 40px !important;background-color: #dddddd !important;}&#8220;][vc_column][vc_column_text]<br \/>\n[\/vc_column_text][vc_column_text css=&#8220;.vc_custom_1457516406827{padding-top: 0px !important;padding-bottom: 0px !important;}&#8220;]<\/center><\/p>\n<h3 style=\"text-align: center;\"><span style=\"color: #000000;\">Lassen Sie sich von der F\u00fclle an Artikeln in unserem Sortiment inspirieren.<\/span><\/h3>\n<h3 style=\"text-align: center;\"><span style=\"color: #000000;\">Ob allt\u00e4gliche Gebrauchsg\u00fcter f\u00fcr den Haushalt, kreative Geschenkaccessoires oder Weihnachtliche Dekoartikel \u2013 hier finden Sie garantiert das richtige.<\/span><\/h3>\n<p>[\/vc_column_text][vc_column_text]<br \/>\n[\/vc_column_text][\/vc_column][\/vc_row]<\/p>\n<\/div>","protected":false},"excerpt":{"rendered":"<p>[vc_row css_animation=&#8220;&#8220; row_type=&#8220;row&#8220; use_row_as_full_screen_section=&#8220;no&#8220; type=&#8220;full_width&#8220; angled_section=&#8220;no&#8220; text_align=&#8220;left&#8220; background_image_as_pattern=&#8220;without_pattern&#8220; padding_top=&#8220;87&#8243; padding_bottom=&#8220;34&#8243;][vc_column][vc_column_text] WILLKOMMEN BEI HEKU [\/vc_column_text][\/vc_column][\/vc_row][vc_row css_animation=&#8220;&#8220; row_type=&#8220;row&#8220; use_row_as_full_screen_section=&#8220;no&#8220; type=&#8220;full_width&#8220; angled_section=&#8220;no&#8220; text_align=&#8220;left&#8220; background_image_as_pattern=&#8220;without_pattern&#8220; css=&#8220;.vc_custom_1436863982501{padding-top: 0px !important;padding-bottom: 100px !important;}&#8220;][vc_column width=&#8220;1\/6&#8243;][vc_column_text] [\/vc_column_text][\/vc_column][vc_column width=&#8220;2\/3&#8243; el_class=&#8220;addtoany_share_save_container&#8220;][vc_column_text css=&#8220;.vc_custom_1544517197014{padding-bottom: 30px !important;}&#8220;] Die HEKU GmbH ist ein Marketing- und Vertriebsunternehmen mit Schwerpunkten im Bereich&#8230;<\/p>\n","protected":false},"author":1,"featured_media":0,"parent":0,"menu_order":0,"comment_status":"open","ping_status":"open","template":"full_width.php","meta":{"footnotes":""},"class_list":["post-14881","page","type-page","status-publish","hentry"],"_links":{"self":[{"href":"https:\/\/www.heku-produkte.de\/index.php\/wp-json\/wp\/v2\/pages\/14881","targetHints":{"allow":["GET"]}}],"collection":[{"href":"https:\/\/www.heku-produkte.de\/index.php\/wp-json\/wp\/v2\/pages"}],"about":[{"href":"https:\/\/www.heku-produkte.de\/index.php\/wp-json\/wp\/v2\/types\/page"}],"author":[{"embeddable":true,"href":"https:\/\/www.heku-produkte.de\/index.php\/wp-json\/wp\/v2\/users\/1"}],"replies":[{"embeddable":true,"href":"https:\/\/www.heku-produkte.de\/index.php\/wp-json\/wp\/v2\/comments?post=14881"}],"version-history":[{"count":263,"href":"https:\/\/www.heku-produkte.de\/index.php\/wp-json\/wp\/v2\/pages\/14881\/revisions"}],"predecessor-version":[{"id":20861,"href":"https:\/\/www.heku-produkte.de\/index.php\/wp-json\/wp\/v2\/pages\/14881\/revisions\/20861"}],"wp:attachment":[{"href":"https:\/\/www.heku-produkte.de\/index.php\/wp-json\/wp\/v2\/media?parent=14881"}],"curies":[{"name":"wp","href":"https:\/\/api.w.org\/{rel}","templated":true}]}}