{"id":14910,"date":"2015-07-13T23:25:36","date_gmt":"2015-07-13T21:25:36","guid":{"rendered":"http:\/\/www.heku-produkte.de\/?page_id=14910"},"modified":"2022-02-07T10:18:36","modified_gmt":"2022-02-07T09:18:36","slug":"heku-philosophie","status":"publish","type":"page","link":"https:\/\/www.heku-produkte.de\/index.php\/heku-philosophie\/","title":{"rendered":"HEKU Philosophie"},"content":{"rendered":"<div class=\"wpb-content-wrapper\"><p>[vc_row css_animation=&#8220;&#8220; row_type=&#8220;row&#8220; use_row_as_full_screen_section=&#8220;no&#8220; type=&#8220;full_width&#8220; angled_section=&#8220;no&#8220; text_align=&#8220;left&#8220; background_image_as_pattern=&#8220;without_pattern&#8220;][vc_column][vc_single_image image=&#8220;15898&#8243; img_size=&#8220;full&#8220; alignment=&#8220;center&#8220; qode_css_animation=&#8220;&#8220; css=&#8220;.vc_custom_1439793937688{padding-bottom: 50px !important;}&#8220;][\/vc_column][\/vc_row][vc_row css_animation=&#8220;&#8220; row_type=&#8220;row&#8220; use_row_as_full_screen_section=&#8220;no&#8220; type=&#8220;full_width&#8220; angled_section=&#8220;no&#8220; text_align=&#8220;left&#8220; background_image_as_pattern=&#8220;without_pattern&#8220; css=&#8220;.vc_custom_1437029659223{padding-bottom: 100px !important;}&#8220;][vc_column width=&#8220;1\/4&#8243;][vc_column_text]<br \/>\n[\/vc_column_text][\/vc_column][vc_column width=&#8220;1\/2&#8243;][vc_column_text]<\/p>\n<h1 style=\"text-align: center;\">DIE HEKU PHILOSOPHIE<\/h1>\n<p>[\/vc_column_text][vc_column_text css=&#8220;.vc_custom_1580898140414{padding-top: 30px !important;}&#8220;]<\/p>\n<h4 style=\"text-align: center;\">Die HEKU GmbH ist ein Marketing- und Vertriebsunternehmen mit Schwerpunkten in den Bereichen Papierwaren und Konsumg\u00fcter sowie Artikeln des t\u00e4glichen Bedarfs. Durch die mehr als 30-j\u00e4hrige Erfahrung ist die HEKU GmbH als einer der f\u00fchrenden Handelspartner im Preiseinstiegssegment etabliert.<\/h4>\n<p>[\/vc_column_text][\/vc_column][vc_column width=&#8220;1\/4&#8243;][vc_column_text]<br \/>\n[\/vc_column_text][\/vc_column][\/vc_row][vc_row css_animation=&#8220;&#8220; row_type=&#8220;row&#8220; use_row_as_full_screen_section=&#8220;no&#8220; type=&#8220;grid&#8220; angled_section=&#8220;no&#8220; text_align=&#8220;left&#8220; background_image_as_pattern=&#8220;without_pattern&#8220;][vc_column width=&#8220;1\/3&#8243;][vc_single_image image=&#8220;15900&#8243; img_size=&#8220;400&#215;325&#8243; qode_css_animation=&#8220;&#8220;][\/vc_column][vc_column width=&#8220;2\/3&#8243;][vc_column_text]Das Unternehmen wird von den drei gesch\u00e4ftsf\u00fchrenden Gesellschaftern Andreas Bertram, Marco Diller und Andreas Matthies geleitet.<\/p>\n<p>&nbsp;<\/p>\n<p>Die HEKU GmbH vereint 20\u00a0 Warengruppen und Warensortimente unter einem Dach. \u00dcber 2.000 Artikel aus verschiedensten Produktionsst\u00e4tten werden unter der Marke \u201eHEKU\u201c zusammengef\u00fchrt und an den Handel geliefert.<br \/>\nBei der Herstellung unserer gesamten HEKU-Produktpalette b\u00fcndeln wir leistungsstarke und zuverl\u00e4ssige Produzenten weltweit.\u00a0 Das dahinter stehende Win-to-Win-Prinzip mit unseren Lieferanten wird auch zuk\u00fcnftig eine ma\u00dfgebliche S\u00e4ule unseres Unternehmens darstellen.[\/vc_column_text][\/vc_column][\/vc_row][vc_row css_animation=&#8220;&#8220; row_type=&#8220;row&#8220; use_row_as_full_screen_section=&#8220;no&#8220; type=&#8220;full_width&#8220; angled_section=&#8220;no&#8220; text_align=&#8220;left&#8220; background_image_as_pattern=&#8220;without_pattern&#8220;][vc_column][vc_empty_space height=&#8220;30px&#8220;][\/vc_column][\/vc_row][vc_row css_animation=&#8220;&#8220; row_type=&#8220;row&#8220; use_row_as_full_screen_section=&#8220;no&#8220; type=&#8220;grid&#8220; angled_section=&#8220;no&#8220; text_align=&#8220;left&#8220; background_image_as_pattern=&#8220;without_pattern&#8220;][vc_column width=&#8220;2\/3&#8243;][vc_column_text]Im Zuge der Rohstoff- und Energiewende\u00a0 stellen wir uns weiterhin der Herausforderung, wirtschaftliche Gesichtspunkte mit \u00f6kologischen Interessen zu vereinbaren. Das beginnt\u00a0 bereits mit der Verwendung umweltfreundlicher Recyclingmaterialien oder nachwachsender Rohstoffe und wird mit innovativen L\u00f6sungen f\u00fcr energieeffiziente Prozesse weitergef\u00fchrt. Insbesondere mit unserem neuen <span style=\"color: #afc701;\"><strong>be green<\/strong><\/span>-Sortiment f\u00fcr Einwegartikel m\u00f6chten wir die \u00f6kologische Ausrichtung gemeinsam mit unseren Kunden forcieren.<\/p>\n<p>&nbsp;<\/p>\n<p>Die unterschiedlichen <span style=\"color: #afc701;\"><strong>be green<\/strong><\/span>-Artikel aus nachwachsenden Rohstoffen wie Holz, Mais und Zuckerrohr werden auch optisch durch ein gr\u00fcnes Etiketten- und Kartondesign hervorgehoben. Selbstverst\u00e4ndlich wird\u00a0 die Einbindung der bisherigen Qualit\u00e4tsmerkmale in der Artikelkennzeichnung beibehalten, wie z.B. \u201eQualit\u00e4t \u2013 Made in Germany\u201c \/ \u201eQualit\u00e4t \u2013 Made in EU\u201c oder das FSC-Logo. Damit wird dem Endverbraucher deutlich symbolisiert, dass wir seit Jahren einerseits gro\u00dfen Wert darauf legen, mit unseren HEKU-Produkten die steigenden gesetzlichen Qualit\u00e4tsstandards zu erf\u00fcllen und andererseits die begrenzten Ressourcen durch unser <span style=\"color: #afc701;\"><strong>be green<\/strong><\/span>-Sortiment zu schonen. In regelm\u00e4\u00dfigen Audits wird \u00fcberpr\u00fcft, ob die Prozesse, Anforderungen und Richtlinien die geforderten Standards erf\u00fcllen.[\/vc_column_text][\/vc_column][vc_column width=&#8220;1\/3&#8243;][vc_single_image image=&#8220;15901&#8243; img_size=&#8220;400&#215;325&#8243; qode_css_animation=&#8220;&#8220;][vc_single_image image=&#8220;16749&#8243; img_size=&#8220;400 x 124&#8243; onclick=&#8220;link_image&#8220; qode_css_animation=&#8220;&#8220; css=&#8220;.vc_custom_1483606408247{padding-top: 8px !important;}&#8220;][\/vc_column][\/vc_row][vc_row css_animation=&#8220;&#8220; row_type=&#8220;row&#8220; use_row_as_full_screen_section=&#8220;no&#8220; type=&#8220;full_width&#8220; angled_section=&#8220;no&#8220; text_align=&#8220;left&#8220; background_image_as_pattern=&#8220;without_pattern&#8220;][vc_column][vc_empty_space height=&#8220;30px&#8220;][\/vc_column][\/vc_row][vc_row css_animation=&#8220;&#8220; row_type=&#8220;row&#8220; use_row_as_full_screen_section=&#8220;no&#8220; type=&#8220;grid&#8220; angled_section=&#8220;no&#8220; text_align=&#8220;left&#8220; background_image_as_pattern=&#8220;without_pattern&#8220;][vc_column width=&#8220;1\/3&#8243;][vc_single_image image=&#8220;15927&#8243; img_size=&#8220;400&#215;325&#8243; qode_css_animation=&#8220;&#8220;][\/vc_column][vc_column width=&#8220;2\/3&#8243;][vc_column_text]Besonders in Zeiten schwankender, sich ver\u00e4ndernder M\u00e4rkte ist unsere konstante Lieferf\u00e4higkeit von immer gr\u00f6\u00dfer werdender Bedeutung. Aus diesem Grund haben wir Anfang 2017 unsere eigene Lagerkapazit\u00e4t mit dem Bau einer weiteren Lagerhalle nochmals auf ca. 20.000 Palettenstellpl\u00e4tze erh\u00f6ht. Durch die Fertigstellung unseres Logistikzentrums in jenem Jahr konnten wir insbesondere interne Abl\u00e4ufe verbessern. Somit ist die effektive Warenwirtschaft von der Beschaffung \u00fcber die Zwischenlagerung und auftragsspezifischen Zusammenstellung bis hin zur zuverl\u00e4ssigen Lieferung an den Kunden weiter optimiert worden.<\/p>\n<p>&nbsp;<\/p>\n<p>Neben dem stetigen Ausbau unserer Standardwarengruppen wird auch das Volumen an \u201eprivate-label\u201c-Produkten immer gr\u00f6\u00dfer, da vor allem deren strategische Bedeutung im Handel deutlich zugenommen hat. Hierbei steht nicht nur die Kundenbindung durch die Eigenmarke im Vordergrund, sondern auch die stetige Sortimentserweiterung.[\/vc_column_text][\/vc_column][\/vc_row][vc_row css_animation=&#8220;&#8220; row_type=&#8220;row&#8220; use_row_as_full_screen_section=&#8220;no&#8220; type=&#8220;full_width&#8220; angled_section=&#8220;no&#8220; text_align=&#8220;left&#8220; background_image_as_pattern=&#8220;without_pattern&#8220;][vc_column][vc_empty_space height=&#8220;30px&#8220;][\/vc_column][\/vc_row][vc_row css_animation=&#8220;&#8220; row_type=&#8220;row&#8220; use_row_as_full_screen_section=&#8220;no&#8220; type=&#8220;grid&#8220; angled_section=&#8220;no&#8220; text_align=&#8220;left&#8220; background_image_as_pattern=&#8220;without_pattern&#8220;][vc_column width=&#8220;2\/3&#8243;][vc_column_text]Als Erg\u00e4nzung zu unserem umfangreichen Standardsortiment werden st\u00e4ndig wechselnde Aktionsartikel aus dem Non-Food-Bereich angeboten. Mit diesen Artikeln erhalten unsere Handelspartner neue Impulse f\u00fcr ertragsf\u00f6rdernde Werbeaktionen oder Display-Zusatzplatzierungen.<\/p>\n<p>&nbsp;<\/p>\n<p>Zu unseren Kunden z\u00e4hlen der klassische Lebensmitteleinzelhandel, namhafte Handelsketten, Discounter, Bau-, Getr\u00e4nke- und Postenm\u00e4rkte sowie v\u00f6llig \u201eartfremde\u201c Unternehmungen, die mit HEKU-Artikeln ihr bestehendes Sortiment erweitern.<\/p>\n<p>&nbsp;<\/p>\n<p>Unternehmensphilosophie der HEKU GmbH ist die konzeptionelle Erweiterung der einzelnen Warengruppen. In unserem aktuellen Produktkatalog haben wir eine Vielzahl neuer Produkte f\u00fcr Sie aufgenommen und bei bestehenden Artikeln neue Dekor- und Farbtrends ber\u00fccksichtigt.[\/vc_column_text][\/vc_column][vc_column width=&#8220;1\/3&#8243;][vc_single_image image=&#8220;15980&#8243; img_size=&#8220;400&#215;325&#8243; qode_css_animation=&#8220;&#8220;][\/vc_column][\/vc_row][vc_row css_animation=&#8220;&#8220; row_type=&#8220;row&#8220; use_row_as_full_screen_section=&#8220;no&#8220; type=&#8220;full_width&#8220; angled_section=&#8220;no&#8220; text_align=&#8220;left&#8220; background_image_as_pattern=&#8220;without_pattern&#8220;][vc_column][vc_empty_space height=&#8220;30px&#8220;][\/vc_column][\/vc_row][vc_row css_animation=&#8220;&#8220; row_type=&#8220;row&#8220; use_row_as_full_screen_section=&#8220;no&#8220; type=&#8220;grid&#8220; angled_section=&#8220;no&#8220; text_align=&#8220;left&#8220; background_image_as_pattern=&#8220;without_pattern&#8220;][vc_column width=&#8220;1\/3&#8243;][vc_single_image image=&#8220;16872&#8243; img_size=&#8220;150x150px&#8220; qode_css_animation=&#8220;&#8220;][\/vc_column][vc_column width=&#8220;2\/3&#8243;][vc_column_text]Seit Anfang 2016 sind wir Mitglied der Business Social Compliance Initiative (BSCI), einer Plattform zur Verbesserung sozialer Standards in der weltweiten Wertsch\u00f6pfungskette.[\/vc_column_text][\/vc_column][\/vc_row][vc_row css_animation=&#8220;&#8220; row_type=&#8220;row&#8220; use_row_as_full_screen_section=&#8220;no&#8220; type=&#8220;full_width&#8220; angled_section=&#8220;no&#8220; text_align=&#8220;left&#8220; background_image_as_pattern=&#8220;without_pattern&#8220;][vc_column][vc_empty_space height=&#8220;30px&#8220;][\/vc_column][\/vc_row]<\/p>\n<\/div>","protected":false},"excerpt":{"rendered":"<p>[vc_row css_animation=&#8220;&#8220; row_type=&#8220;row&#8220; use_row_as_full_screen_section=&#8220;no&#8220; type=&#8220;full_width&#8220; angled_section=&#8220;no&#8220; text_align=&#8220;left&#8220; background_image_as_pattern=&#8220;without_pattern&#8220;][vc_column][vc_single_image image=&#8220;15898&#8243; img_size=&#8220;full&#8220; alignment=&#8220;center&#8220; qode_css_animation=&#8220;&#8220; css=&#8220;.vc_custom_1439793937688{padding-bottom: 50px !important;}&#8220;][\/vc_column][\/vc_row][vc_row css_animation=&#8220;&#8220; row_type=&#8220;row&#8220; use_row_as_full_screen_section=&#8220;no&#8220; type=&#8220;full_width&#8220; angled_section=&#8220;no&#8220; text_align=&#8220;left&#8220; background_image_as_pattern=&#8220;without_pattern&#8220; css=&#8220;.vc_custom_1437029659223{padding-bottom: 100px !important;}&#8220;][vc_column width=&#8220;1\/4&#8243;][vc_column_text] [\/vc_column_text][\/vc_column][vc_column width=&#8220;1\/2&#8243;][vc_column_text] DIE HEKU PHILOSOPHIE [\/vc_column_text][vc_column_text css=&#8220;.vc_custom_1580898140414{padding-top: 30px !important;}&#8220;] Die HEKU GmbH ist ein Marketing- und Vertriebsunternehmen mit Schwerpunkten&#8230;<\/p>\n","protected":false},"author":1,"featured_media":0,"parent":0,"menu_order":0,"comment_status":"open","ping_status":"open","template":"full_width.php","meta":{"footnotes":""},"class_list":["post-14910","page","type-page","status-publish","hentry"],"_links":{"self":[{"href":"https:\/\/www.heku-produkte.de\/index.php\/wp-json\/wp\/v2\/pages\/14910","targetHints":{"allow":["GET"]}}],"collection":[{"href":"https:\/\/www.heku-produkte.de\/index.php\/wp-json\/wp\/v2\/pages"}],"about":[{"href":"https:\/\/www.heku-produkte.de\/index.php\/wp-json\/wp\/v2\/types\/page"}],"author":[{"embeddable":true,"href":"https:\/\/www.heku-produkte.de\/index.php\/wp-json\/wp\/v2\/users\/1"}],"replies":[{"embeddable":true,"href":"https:\/\/www.heku-produkte.de\/index.php\/wp-json\/wp\/v2\/comments?post=14910"}],"version-history":[{"count":88,"href":"https:\/\/www.heku-produkte.de\/index.php\/wp-json\/wp\/v2\/pages\/14910\/revisions"}],"predecessor-version":[{"id":20179,"href":"https:\/\/www.heku-produkte.de\/index.php\/wp-json\/wp\/v2\/pages\/14910\/revisions\/20179"}],"wp:attachment":[{"href":"https:\/\/www.heku-produkte.de\/index.php\/wp-json\/wp\/v2\/media?parent=14910"}],"curies":[{"name":"wp","href":"https:\/\/api.w.org\/{rel}","templated":true}]}}