{"id":15294,"date":"2015-07-16T08:22:07","date_gmt":"2015-07-16T06:22:07","guid":{"rendered":"http:\/\/www.heku-produkte.de\/?page_id=15294"},"modified":"2026-01-29T07:25:33","modified_gmt":"2026-01-29T06:25:33","slug":"messetermine","status":"publish","type":"page","link":"https:\/\/www.heku-produkte.de\/index.php\/messetermine\/","title":{"rendered":"Messetermine"},"content":{"rendered":"<div class=\"wpb-content-wrapper\"><p>[vc_row css_animation=&#8220;&#8220; row_type=&#8220;row&#8220; use_row_as_full_screen_section=&#8220;no&#8220; type=&#8220;full_width&#8220; angled_section=&#8220;no&#8220; text_align=&#8220;left&#8220; background_image_as_pattern=&#8220;without_pattern&#8220;][vc_column][vc_single_image image=&#8220;15942&#8243; img_size=&#8220;full&#8220; alignment=&#8220;center&#8220; qode_css_animation=&#8220;&#8220;][\/vc_column][\/vc_row][vc_row css_animation=&#8220;&#8220; row_type=&#8220;row&#8220; use_row_as_full_screen_section=&#8220;no&#8220; type=&#8220;full_width&#8220; angled_section=&#8220;no&#8220; text_align=&#8220;left&#8220; background_image_as_pattern=&#8220;without_pattern&#8220; css=&#8220;.vc_custom_1437030125470{padding-top: 50px !important;padding-bottom: 100px !important;}&#8220;][vc_column width=&#8220;1\/4&#8243;][vc_column_text]<br \/>\n[\/vc_column_text][\/vc_column][vc_column width=&#8220;1\/2&#8243;][vc_column_text]<\/p>\n<h1 style=\"text-align: center;\">MESSETERMINE<\/h1>\n<p>[\/vc_column_text][vc_column_text css=&#8220;.vc_custom_1441791656878{padding-top: 30px !important;}&#8220;]<\/p>\n<h4 style=\"text-align: center;\">Besuchen Sie unsere St\u00e4nde auf den regelm\u00e4\u00dfig stattfindenden Messen \u201eGoodies\u201c in Ankum und \u201eIAW\u201c in K\u00f6ln und \u00fcberzeugen Sie sich pers\u00f6nlich von der Vielfalt und Qualit\u00e4t unserer Waren.<\/h4>\n<p>[\/vc_column_text][\/vc_column][vc_column width=&#8220;1\/4&#8243;][vc_column_text]<br \/>\n[\/vc_column_text][\/vc_column][\/vc_row][vc_row css_animation=&#8220;&#8220; row_type=&#8220;row&#8220; use_row_as_full_screen_section=&#8220;no&#8220; type=&#8220;grid&#8220; angled_section=&#8220;no&#8220; text_align=&#8220;left&#8220; background_image_as_pattern=&#8220;without_pattern&#8220; css=&#8220;.vc_custom_1470728302166{padding-bottom: 100px !important;}&#8220;][vc_column width=&#8220;1\/2&#8243;][vc_single_image image=&#8220;16525&#8243; img_size=&#8220;450&#215;300&#8243; alignment=&#8220;right&#8220; onclick=&#8220;custom_link&#8220; img_link_target=&#8220;_blank&#8220; qode_css_animation=&#8220;&#8220; link=&#8220;http:\/\/www.goodies-center.com&#8220;][\/vc_column][vc_column width=&#8220;1\/2&#8243;][vc_column_text]<\/p>\n<h3>Goodies Ankum<\/h3>\n<p>[\/vc_column_text][vc_column_text css=&#8220;.vc_custom_1769667931173{padding-top: 30px !important;}&#8220;]Am <strong>06. &amp; 07. Mai 2026<\/strong> werden wir wieder f\u00fcr Sie auf der Goodies Rest- und Sonderpostenmesse vertreten sein<\/p>\n<p>&nbsp;<\/p>\n<p>Das GOODIES-Center Gro\u00dfhandels-Messezentrum, das urspr\u00fcnglich POSTEN-Center hie\u00df, entstand aus einer Idee des Ankumer Gro\u00dfunternehmers Georg Dobelmann, der durch sein international operierendes Gro\u00dfhandelsunternehmen EXPO-B\u00d6RSE und seine POSTEN-B\u00d6RSE Einzelhandelskette (mit aktuell 77 M\u00e4rkten) sowohl regional, als auch international, als echter \u201eGuru\u201c im Gesch\u00e4ft mit Restposten, Sonderposten und Aktionswaren gilt.[\/vc_column_text][\/vc_column][\/vc_row]<\/p>\n<\/div>","protected":false},"excerpt":{"rendered":"<p>[vc_row css_animation=&#8220;&#8220; row_type=&#8220;row&#8220; use_row_as_full_screen_section=&#8220;no&#8220; type=&#8220;full_width&#8220; angled_section=&#8220;no&#8220; text_align=&#8220;left&#8220; background_image_as_pattern=&#8220;without_pattern&#8220;][vc_column][vc_single_image image=&#8220;15942&#8243; img_size=&#8220;full&#8220; alignment=&#8220;center&#8220; qode_css_animation=&#8220;&#8220;][\/vc_column][\/vc_row][vc_row css_animation=&#8220;&#8220; row_type=&#8220;row&#8220; use_row_as_full_screen_section=&#8220;no&#8220; type=&#8220;full_width&#8220; angled_section=&#8220;no&#8220; text_align=&#8220;left&#8220; background_image_as_pattern=&#8220;without_pattern&#8220; css=&#8220;.vc_custom_1437030125470{padding-top: 50px !important;padding-bottom: 100px !important;}&#8220;][vc_column width=&#8220;1\/4&#8243;][vc_column_text] [\/vc_column_text][\/vc_column][vc_column width=&#8220;1\/2&#8243;][vc_column_text] MESSETERMINE [\/vc_column_text][vc_column_text css=&#8220;.vc_custom_1441791656878{padding-top: 30px !important;}&#8220;] Besuchen Sie unsere St\u00e4nde auf den regelm\u00e4\u00dfig stattfindenden Messen \u201eGoodies\u201c in Ankum und&#8230;<\/p>\n","protected":false},"author":1,"featured_media":0,"parent":0,"menu_order":0,"comment_status":"open","ping_status":"open","template":"full_width.php","meta":{"footnotes":""},"class_list":["post-15294","page","type-page","status-publish","hentry"],"_links":{"self":[{"href":"https:\/\/www.heku-produkte.de\/index.php\/wp-json\/wp\/v2\/pages\/15294","targetHints":{"allow":["GET"]}}],"collection":[{"href":"https:\/\/www.heku-produkte.de\/index.php\/wp-json\/wp\/v2\/pages"}],"about":[{"href":"https:\/\/www.heku-produkte.de\/index.php\/wp-json\/wp\/v2\/types\/page"}],"author":[{"embeddable":true,"href":"https:\/\/www.heku-produkte.de\/index.php\/wp-json\/wp\/v2\/users\/1"}],"replies":[{"embeddable":true,"href":"https:\/\/www.heku-produkte.de\/index.php\/wp-json\/wp\/v2\/comments?post=15294"}],"version-history":[{"count":118,"href":"https:\/\/www.heku-produkte.de\/index.php\/wp-json\/wp\/v2\/pages\/15294\/revisions"}],"predecessor-version":[{"id":21229,"href":"https:\/\/www.heku-produkte.de\/index.php\/wp-json\/wp\/v2\/pages\/15294\/revisions\/21229"}],"wp:attachment":[{"href":"https:\/\/www.heku-produkte.de\/index.php\/wp-json\/wp\/v2\/media?parent=15294"}],"curies":[{"name":"wp","href":"https:\/\/api.w.org\/{rel}","templated":true}]}}