{"id":15302,"date":"2015-07-16T08:26:23","date_gmt":"2015-07-16T06:26:23","guid":{"rendered":"http:\/\/www.heku-produkte.de\/?page_id=15302"},"modified":"2021-05-10T11:40:26","modified_gmt":"2021-05-10T09:40:26","slug":"datenschutz","status":"publish","type":"page","link":"https:\/\/www.heku-produkte.de\/index.php\/datenschutz\/","title":{"rendered":"Datenschutz"},"content":{"rendered":"<div class=\"wpb-content-wrapper\"><p>[vc_row css_animation=&#8220;&#8220; row_type=&#8220;row&#8220; use_row_as_full_screen_section=&#8220;no&#8220; type=&#8220;full_width&#8220; angled_section=&#8220;no&#8220; text_align=&#8220;left&#8220; background_image_as_pattern=&#8220;without_pattern&#8220;][vc_column][vc_single_image image=&#8220;16137&#8243; img_size=&#8220;full&#8220; alignment=&#8220;center&#8220; qode_css_animation=&#8220;&#8220;][\/vc_column][\/vc_row][vc_row css_animation=&#8220;&#8220; row_type=&#8220;row&#8220; use_row_as_full_screen_section=&#8220;no&#8220; type=&#8220;full_width&#8220; angled_section=&#8220;no&#8220; text_align=&#8220;left&#8220; background_image_as_pattern=&#8220;without_pattern&#8220; css=&#8220;.vc_custom_1437036216140{padding-top: 50px !important;padding-bottom: 100px !important;}&#8220;][vc_column width=&#8220;1\/4&#8243;][vc_column_text]<br \/>\n[\/vc_column_text][\/vc_column][vc_column width=&#8220;1\/2&#8243;][vc_column_text]<\/p>\n<h1 style=\"text-align: center;\">DATENSCHUTZERKL\u00c4RUNG<\/h1>\n<p>[\/vc_column_text][vc_column_text css=&#8220;.vc_custom_1437036622843{padding-top: 30px !important;}&#8220;]<\/p>\n<h4 style=\"text-align: center;\">Haftungsausschluss (Disclaimer)<\/h4>\n<p>[\/vc_column_text][\/vc_column][vc_column width=&#8220;1\/4&#8243;][vc_column_text]<br \/>\n[\/vc_column_text][\/vc_column][\/vc_row][vc_row css_animation=&#8220;&#8220; row_type=&#8220;row&#8220; use_row_as_full_screen_section=&#8220;no&#8220; type=&#8220;grid&#8220; angled_section=&#8220;no&#8220; text_align=&#8220;left&#8220; background_image_as_pattern=&#8220;without_pattern&#8220; css=&#8220;.vc_custom_1437036635620{padding-top: 50px !important;padding-bottom: 100px !important;}&#8220;][vc_column][vc_column_text]<\/p>\n<h3>DATENSCHUTZ<\/h3>\n<p>[\/vc_column_text][vc_column_text css=&#8220;.vc_custom_1613545378039{padding-top: 10px !important;padding-bottom: 50px !important;}&#8220;]<strong>Wir nehmen Datenschutz ernst<\/strong><\/p>\n<p>Der Schutz Ihrer Privatsph\u00e4re bei der Verarbeitung pers\u00f6nlicher Daten ist f\u00fcr uns ein wichtiges Anliegen. Wenn Sie unsere Webseite besuchen speichern unsere Webserver standardm\u00e4\u00dfig die IP Ihres Internet Service Provider, die Webseite, von der aus Sie uns besuchen, die Webseiten, die Sie bei uns besuchen sowie das Datum und die Dauer des Besuches. Diese Informationen sind f\u00fcr die technische \u00dcbertragung der Webseiten und den sicheren Serverbetrieb zwingend erforderlich. Eine personalisierte Auswertung dieser Daten erfolgt nicht.<\/p>\n<p>Sofern Sie uns Daten per Kontakt-Formular senden, werden diese Daten im Zuge der Datensicherung auf unseren Servern gespeichert. Ihre Daten werden von uns ausschlie\u00dflich zur Bearbeitung Ihres Anliegens verwendet. Ihre Daten werden streng vertraulich behandelt. Eine Weitergabe an Dritte erfolgt nicht.<\/p>\n<p>&nbsp;<\/p>\n<p>Verantwortliche Stelle:<\/p>\n<p><strong>HEKU GmbH <\/strong><\/p>\n<p><strong>Papierwaren und Konsumg\u00fcter<\/strong><\/p>\n<p><strong>Handelsstra\u00dfe 1 <\/strong><\/p>\n<p><strong>27374 Visselh\u00f6vede <\/strong><\/p>\n<p>Telefon: 04262-9392-0<\/p>\n<p>Telefax: 04262-9392-91<\/p>\n<p>e-Mail: <a href=\"mailto:Verkauf@HEKU-Produkte.de\">Verkauf@HEKU-Produkte.de<\/a> oder <a href=\"mailto:Datenschutz@HEKU-Produkte.de\">Datenschutz@HEKU-Produkte.de<\/a><\/p>\n<p>&nbsp;<\/p>\n<p>Datenschutzbeauftragter:<\/p>\n<p><strong>Frank Berns<br \/>\n<\/strong><\/p>\n<p><strong>Konzept 17 GmbH<\/strong><\/p>\n<p><strong>Westring 3<\/strong><\/p>\n<p><strong>24850 Schuby<\/strong><\/p>\n<p><strong>Deutschland <\/strong>[\/vc_column_text][vc_column_text]<\/p>\n<h3><strong>PERSONENBEZOGENE DATEN<\/strong><\/h3>\n<p>[\/vc_column_text][vc_column_text css=&#8220;.vc_custom_1613545242908{padding-top: 10px !important;padding-bottom: 50px !important;}&#8220;]Personenbezogene Daten sind Daten \u00fcber Ihre Person. Diese beinhalten Ihren Namen, Ihre Adresse und Ihre Email Adresse. Sie m\u00fcssen auch keine personenbezogenen Daten preisgeben um unsere Internetseite besuchen zu k\u00f6nnen. In einigen F\u00e4llen ben\u00f6tigen wir Ihren Namen und Adresse sowie weitere Informationen um Ihnen die gew\u00fcnschte Dienstleistung anbieten zu k\u00f6nnen.<\/p>\n<p>Das Gleiche gilt f\u00fcr den Fall, dass wir Sie auf Wunsch mit Informationsmaterial beliefern bzw. wenn wir Ihre Anfragen beantworten. In diesen F\u00e4llen werden wir Sie immer darauf hinweisen. Au\u00dferdem speichern wir nur die Daten, die Sie uns automatisch oder freiwillig \u00fcbermittelt haben.<\/p>\n<p>Wenn Sie einen unserer Services nutzen, sammeln wir in der Regel nur die Daten die notwendig sind um Ihnen unseren Service bieten zu k\u00f6nnen. M\u00f6glicherweise fragen wir Sie nach weiteren Informationen, die aber freiwilliger Natur sind. Wann immer wir personenbezogene Daten verarbeiten, tun wir dies um Ihnen unseren Service anbieten zu k\u00f6nnen oder um unsere kommerziellen Ziele zu verfolgen.<\/p>\n<p>&nbsp;<\/p>\n<p><strong>Server-Log-Dateien<\/strong><br \/>\nDer Provider der Seiten erhebt und speichert automatisch Informationen in so genannten Server-Log-Dateien, die Ihr Browser automatisch an uns \u00fcbermittelt. Diese sind:<\/p>\n<p>&nbsp;<\/p>\n<p>\u2013 Browsertyp und Browserversion<br \/>\n\u2013 Verwendetes Betriebssystem<br \/>\n\u2013 Referrer URL<br \/>\n\u2013 Hostname des zugreifenden Rechners<br \/>\n\u2013 Uhrzeit der Serveranfrage<br \/>\n\u2013 IP-Adresse<\/p>\n<p>&nbsp;<\/p>\n<p>Eine Zusammenf\u00fchrung dieser Daten mit anderen Datenquellen wird nicht vorgenommen.<br \/>\nGrundlage f\u00fcr die Datenverarbeitung ist Art. 6 Abs. 1 lit. b DSGVO, der die Verarbeitung von Daten zur Erf\u00fcllung eines Vertrags oder vorvertraglicher Ma\u00dfnahmen gestattet.<\/p>\n<p>&nbsp;<\/p>\n<div class=\"vc_row wpb_row section vc_row-fluid vc_custom_1536044233363 grid_section\">\n<div class=\" section_inner clearfix\">\n<div class=\"section_inner_margin clearfix\">\n<div class=\"wpb_column vc_column_container vc_col-sm-12\">\n<div class=\"vc_column-inner \">\n<div class=\"wpb_wrapper\">\n<div class=\"wpb_text_column wpb_content_element \">\n<div class=\"wpb_wrapper\">\n<p><strong>Datenschutz bei Bewerbungen und im Bewerbungsverfahren<\/strong><\/p>\n<p>Der f\u00fcr die Verarbeitung Verantwortliche erhebt und verarbeitet die personenbezogenen Daten von Bewerbern zum Zwecke der Abwicklung des Bewerbungsverfahrens. Schlie\u00dft der f\u00fcr die Verarbeitung Verantwortliche einen Anstellungsvertrag mit einem Bewerber, werden die \u00fcbermittelten Daten zum Zwecke der Abwicklung des Besch\u00e4ftigungsverh\u00e4ltnisses unter Beachtung der gesetzlichen Vorschriften gespeichert. Wird von dem f\u00fcr die Verarbeitung Verantwortlichen kein Anstellungsvertrag mit dem Bewerber geschlossen, so werden die Bewerbungsunterlagen zwei Monate nach Bekanntgabe der Absageentscheidung vernichtet (dem Bewerber zur\u00fcckgesandt), sofern diesem keine sonstigen berechtigten Interessen des f\u00fcr die Verarbeitung Verantwortlichen entgegenstehen. Sonstiges berechtigtes Interesse in diesem Sinne ist beispielsweise eine Beweispflicht in einem Verfahren nach dem Allgemeinen Gleichbehandlungsgesetz (AGG).<\/p>\n<\/div>\n<\/div>\n<\/div>\n<\/div>\n<\/div>\n<\/div>\n<\/div>\n<\/div>\n<p>[\/vc_column_text][vc_column_text]<\/p>\n<h3><strong>IHRE RECHTE<br \/>\n<\/strong><\/h3>\n<p>[\/vc_column_text][vc_column_text css=&#8220;.vc_custom_1620639583721{padding-top: 10px !important;padding-bottom: 50px !important;}&#8220;]Sie haben gegen\u00fcber uns folgende Rechte hinsichtlich der Sie betreffenden personenbezogenen Daten:<\/p>\n<p>&nbsp;<\/p>\n<p>\u2013 Recht auf Auskunft,<\/p>\n<p>\u2013 Recht auf Berichtigung oder L\u00f6schung,<\/p>\n<p>\u2013 Recht auf Einschr\u00e4nkung der Verarbeitung,<\/p>\n<p>\u2013 Recht auf Widerspruch gegen die Verarbeitung,<\/p>\n<p>\u2013 Recht auf Daten\u00fcbertragbarkeit.<\/p>\n<p>&nbsp;<\/p>\n<p>Sie haben zudem das Recht, sich bei einer Datenschutz-Aufsichtsbeh\u00f6rde \u00fcber die Verarbeitung Ihrer personenbezogenen Daten durch uns zu beschweren.<\/p>\n<p>&nbsp;<\/p>\n<p><strong>Kontaktformular<\/strong><\/p>\n<p>Ihre eingegebenen Angaben aus dem Kontaktformular (insbesondere Name, Firma, Anschrift, Telefon und E-Mail) speichert die HEKU GmbH ausschlie\u00dflich zum Zweck der Bearbeitung der Anfrage und der Kommunikation mit dem Nutzer. Eine verschl\u00fcsselte \u00dcbermittlung der Daten wird nicht garantiert und wir weisen darauf hin, keine vertraulichen Informationen \u00fcber das Kontaktformular zu senden.<br \/>\nDie Daten aus dem Kontaktformular geben wir nicht ohne Ihre Einwilligung weiter.<\/p>\n<p>&nbsp;<\/p>\n<p><strong>Sicherheit<\/strong><\/p>\n<p>Wir haben technische und administrative Sicherheitsvorkehrungen getroffen um Ihre personenbezogenen Daten gegen Verlust, Zerst\u00f6rung, Manipulation und unautorisierten Zugriff zu sch\u00fctzen. All unsere Mitarbeiter sowie f\u00fcr uns t\u00e4tige Dienstleister sind auf die g\u00fcltigen Datenschutzgesetze verpflichtet.<\/p>\n<p>Wann immer wir personenbezogene Daten sammeln und verarbeiten, werden diese verschl\u00fcsselt bevor sie \u00fcbertragen werden. Das hei\u00dft, dass Ihre Daten nicht von Dritten missbraucht werden k\u00f6nnen. Unsere Sicherheitsvorkehrungen unterliegen dabei einem st\u00e4ndigen Verbesserungsprozess und unsere Datenschutzerkl\u00e4rungen werden st\u00e4ndig \u00fcberarbeitet. Bitte stellen Sie sicher, dass Ihnen die aktuellste Version vorliegt.<\/p>\n<p>&nbsp;<\/p>\n<p><strong>\u00c4nderungen unserer Datenschutzerkl\u00e4rungen<\/strong><\/p>\n<p>Wir behalten uns das Recht vor, unsere Datenschutzerkl\u00e4rungen zu \u00e4ndern falls dies aufgrund neuer Technologien notwendig sein sollte. Bitte stellen Sie sicher, dass Ihnen die aktuellste Version vorliegt. Werden an dieser Datenschutzerkl\u00e4rung grundlegende \u00c4nderungen vorgenommen, geben wir diese \u00c4nderungen auf unserer Website bekannt.<\/p>\n<p>&nbsp;<\/p>\n<p><strong>Recht auf Information\/Widerspruch<\/strong><\/p>\n<p>Bitte kontaktieren Sie uns jederzeit, wenn Sie sich informieren m\u00f6chten welche personenbezogenen Daten wir \u00fcber Sie speichern. Au\u00dferdem k\u00f6nnen Sie jederzeit Ihre Erlaubnis an uns, Ihre personenbezogenen Daten zu erheben und zu verarbeiten, zur\u00fcckziehen. In beiden F\u00e4llen wenden Sie sich bitte direkt an uns.<\/p>\n<p>&nbsp;<\/p>\n<p>Alle Interessenten und Besucher unserer Internetseite erreichen uns in Datenschutzfragen unter der oben genannten Adresse.[\/vc_column_text][vc_column_text]<\/p>\n<h3><strong>Datenschutzinformation gem. Art. 13 DSGVO f\u00fcr Bewerber<br \/>\n<\/strong><\/h3>\n<p>[\/vc_column_text][vc_column_text css=&#8220;.vc_custom_1620639599661{padding-top: 10px !important;padding-bottom: 50px !important;}&#8220;]<strong>Zweck und Rechtsgrundlagen<\/strong><\/p>\n<p>Wir verarbeiten Ihre Daten zur Durchf\u00fchrung eines Bewerbungsverfahrens im Rahmen vorvertraglicher Ma\u00dfnahmen gem\u00e4\u00df Art. 6 Abs. 1 lit. b DSGVO sowie \u00a7 26 Abs. 1 BDSG i. V. m. Art. 88 DSGVO.<br \/>\nAutomatische Entscheidungsfindung einschlie\u00dflich Profiling findet nicht statt.<\/p>\n<p>&nbsp;<\/p>\n<p><strong>Empf\u00e4nger Ihrer Daten<\/strong><\/p>\n<p>Innerhalb unseres Unternehmens erhalten nur die Stellen Zugriff auf Ihre personenbezogenen Daten, welche diesen f\u00fcr die Erf\u00fcllung unserer Verarbeitungszwecke ben\u00f6tigen. Eine Weiterleitung Ihrer Daten an Dritte erfolgt nicht.<\/p>\n<p>&nbsp;<\/p>\n<p><strong>Speicherdauer Ihrer Daten<\/strong><\/p>\n<p>Wir l\u00f6schen Ihre Daten sp\u00e4testen sechs Monate nach Beendigung des Bewerbungsverfahrens, es sei denn, Sie willigen aktiv in eine l\u00e4ngere Speicherdauer ein.<\/p>\n<p>&nbsp;<\/p>\n<p><strong>Ihre Rechte<\/strong><\/p>\n<p>Sie haben nach Ma\u00dfgabe des Art. 15 DSGVO das Recht, Auskunft \u00fcber die zu Ihrer Person gespeicherten Daten zu erhalten.<br \/>\nSollten unrichtige personenbezogene Daten verarbeitet worden sein, steht Ihnen gem\u00e4\u00df Art. 16 DSGVO ein Recht auf Berichtigung zu.<br \/>\nLiegen die gesetzlichen Voraussetzungen vor, so k\u00f6nnen Sie die L\u00f6schung oder Einschr\u00e4nkung der Verarbeitung verlangen sowie Widerspruch gegen die Datenverarbeitung einlegen (Art. 17, 18 und 21 DSGVO). Nach Art. 20 DSGVO k\u00f6nnen Sie bei Daten, die auf der Grundlage Ihrer Einwilligung oder eines Vertrags mit Ihnen automatisiert verarbeitet werden, das Recht auf Daten\u00fcbertragbarkeit geltend machen.<\/p>\n<p>Diese Rechte k\u00f6nnen gegen\u00fcber der HEKU GmbH unter der oben in der Rubrik \u201eName und Kontaktdaten des Verantwortlichen\u201c genannten Adresse geltend gemacht werden.<\/p>\n<p>Wenn Sie der Auffassung sind, dass eine Datenverarbeitung gegen Datenschutzrecht verst\u00f6\u00dft, haben Sie das Recht, sich bei einer Datenschutzaufsichtsbeh\u00f6rde zu beschweren.<br \/>\nEine Liste der deutschen Aufsichtsbeh\u00f6rden finden Sie unter folgendem Link:<br \/>\n<a href=\"http:\/\/bfdi.bund.de\/DE\/Infothek\/Anschriften_Links\/anschriften_links-node.html\">bfdi.bund.de\/DE\/Infothek\/Anschriften_Links\/anschriften_links-node.html<\/a>[\/vc_column_text][vc_column_text]<\/p>\n<h3><strong>Datenschutzinformation gem. Art. 13 DSGVO<br \/>\n<\/strong><\/h3>\n<p>[\/vc_column_text][vc_column_text css=&#8220;.vc_custom_1620639622530{padding-top: 10px !important;padding-bottom: 50px !important;}&#8220;]Wir verarbeiten folgende Ihrer personenbezogenen Daten:<br \/>\nName, Vorname, Postanschrift, Telefonnummer, E-Mail-Adresse, Faxnummer und Bankverbindung<\/p>\n<p>&nbsp;<\/p>\n<p><strong>Zweck und Rechtsgrundlagen<\/strong><\/p>\n<p>Zweck der Verarbeitung ist die Zusendung von Gesch\u00e4ftsunterlagen im Rahmen der Erforderlichkeit zur Erf\u00fcllung eines Vertrags bzw. zur Durchf\u00fchrung vorvertraglicher Ma\u00dfnahmen gem\u00e4\u00df Art. 6 Abs. 1 lit. b DSGVO.<\/p>\n<p>&nbsp;<\/p>\n<p><strong>Empf\u00e4nger Ihrer Daten<\/strong><\/p>\n<p>Innerhalb unseres Unternehmens erhalten nur die Stellen Zugriff auf Ihre personenbezogenen Daten, die diesen f\u00fcr die Erf\u00fcllung unserer Verarbeitungszwecke ben\u00f6tigen. Eine Weiterleitung Ihrer Daten an Dritte erfolgt nicht.<\/p>\n<p>&nbsp;<\/p>\n<p><strong>Speicherdauer Ihrer Daten<\/strong><\/p>\n<p>Wir speichern Ihre personenbezogenen Daten f\u00fcr die Dauer unserer Gesch\u00e4ftsbeziehungen und dar\u00fcber hinaus nur so lange, wie wir auf Grundlage gesetzlicher Vorschriften verpflichtet sind.<\/p>\n<p>&nbsp;<\/p>\n<p><strong>Ihre Rechte<\/strong><\/p>\n<p>Sie haben nach Ma\u00dfgabe des Art. 15 DSGVO das Recht, Auskunft \u00fcber die zu Ihrer Person gespeicherten Daten zu erhalten.<br \/>\nSollten unrichtige personenbezogene Daten verarbeitet worden sein, steht Ihnen gem\u00e4\u00df Art. 16 DSGVO ein Recht auf Berichtigung zu.<br \/>\nLiegen die gesetzlichen Voraussetzungen vor, so k\u00f6nnen Sie die L\u00f6schung oder Einschr\u00e4nkung der Verarbeitung verlangen sowie Widerspruch gegen die Datenverarbeitung einlegen (Art. 17, 18 und 21 DSGVO). Nach Art. 20 DSGVO k\u00f6nnen Sie bei Daten, die auf der Grundlage Ihrer Einwilligung oder eines Vertrags mit Ihnen automatisiert verarbeitet werden, das Recht auf Daten\u00fcbertragbarkeit geltend machen.<\/p>\n<p>Diese Rechte k\u00f6nnen gegen\u00fcber HEKU unter der oben in der Rubrik \u201eName und Kontaktdaten des Verantwortlichen\u201c genannten Adresse geltend gemacht werden.<\/p>\n<p>Wenn Sie der Auffassung sind, dass eine Datenverarbeitung gegen Datenschutzrecht verst\u00f6\u00dft, haben Sie das Recht, sich bei einer Datenschutzaufsichtsbeh\u00f6rde zu beschweren.<br \/>\nEine Liste der deutschen Aufsichtsbeh\u00f6rden finden Sie unter folgendem Link:<br \/>\n<a href=\"http:\/\/bfdi.bund.de\/DE\/Infothek\/Anschriften_Links\/anschriften_links-node.html\">bfdi.bund.de\/DE\/Infothek\/Anschriften_Links\/anschriften_links-node.html<\/a>[\/vc_column_text][\/vc_column][\/vc_row]<\/p>\n<\/div>","protected":false},"excerpt":{"rendered":"<p>[vc_row css_animation=&#8220;&#8220; row_type=&#8220;row&#8220; use_row_as_full_screen_section=&#8220;no&#8220; type=&#8220;full_width&#8220; angled_section=&#8220;no&#8220; text_align=&#8220;left&#8220; background_image_as_pattern=&#8220;without_pattern&#8220;][vc_column][vc_single_image image=&#8220;16137&#8243; img_size=&#8220;full&#8220; alignment=&#8220;center&#8220; qode_css_animation=&#8220;&#8220;][\/vc_column][\/vc_row][vc_row css_animation=&#8220;&#8220; row_type=&#8220;row&#8220; use_row_as_full_screen_section=&#8220;no&#8220; type=&#8220;full_width&#8220; angled_section=&#8220;no&#8220; text_align=&#8220;left&#8220; background_image_as_pattern=&#8220;without_pattern&#8220; css=&#8220;.vc_custom_1437036216140{padding-top: 50px !important;padding-bottom: 100px !important;}&#8220;][vc_column width=&#8220;1\/4&#8243;][vc_column_text] [\/vc_column_text][\/vc_column][vc_column width=&#8220;1\/2&#8243;][vc_column_text] DATENSCHUTZERKL\u00c4RUNG [\/vc_column_text][vc_column_text css=&#8220;.vc_custom_1437036622843{padding-top: 30px !important;}&#8220;] Haftungsausschluss (Disclaimer) [\/vc_column_text][\/vc_column][vc_column width=&#8220;1\/4&#8243;][vc_column_text] [\/vc_column_text][\/vc_column][\/vc_row][vc_row css_animation=&#8220;&#8220; row_type=&#8220;row&#8220; use_row_as_full_screen_section=&#8220;no&#8220; type=&#8220;grid&#8220; angled_section=&#8220;no&#8220; text_align=&#8220;left&#8220; background_image_as_pattern=&#8220;without_pattern&#8220; css=&#8220;.vc_custom_1437036635620{padding-top:&#8230;<\/p>\n","protected":false},"author":1,"featured_media":0,"parent":0,"menu_order":0,"comment_status":"open","ping_status":"open","template":"full_width.php","meta":{"footnotes":""},"class_list":["post-15302","page","type-page","status-publish","hentry"],"_links":{"self":[{"href":"https:\/\/www.heku-produkte.de\/index.php\/wp-json\/wp\/v2\/pages\/15302","targetHints":{"allow":["GET"]}}],"collection":[{"href":"https:\/\/www.heku-produkte.de\/index.php\/wp-json\/wp\/v2\/pages"}],"about":[{"href":"https:\/\/www.heku-produkte.de\/index.php\/wp-json\/wp\/v2\/types\/page"}],"author":[{"embeddable":true,"href":"https:\/\/www.heku-produkte.de\/index.php\/wp-json\/wp\/v2\/users\/1"}],"replies":[{"embeddable":true,"href":"https:\/\/www.heku-produkte.de\/index.php\/wp-json\/wp\/v2\/comments?post=15302"}],"version-history":[{"count":40,"href":"https:\/\/www.heku-produkte.de\/index.php\/wp-json\/wp\/v2\/pages\/15302\/revisions"}],"predecessor-version":[{"id":19733,"href":"https:\/\/www.heku-produkte.de\/index.php\/wp-json\/wp\/v2\/pages\/15302\/revisions\/19733"}],"wp:attachment":[{"href":"https:\/\/www.heku-produkte.de\/index.php\/wp-json\/wp\/v2\/media?parent=15302"}],"curies":[{"name":"wp","href":"https:\/\/api.w.org\/{rel}","templated":true}]}}