{"id":16377,"date":"2016-01-06T10:11:28","date_gmt":"2016-01-06T09:11:28","guid":{"rendered":"http:\/\/www.heku-produkte.de\/?page_id=16377"},"modified":"2016-01-06T11:36:08","modified_gmt":"2016-01-06T10:36:08","slug":"private-label","status":"publish","type":"page","link":"https:\/\/www.heku-produkte.de\/index.php\/private-label\/","title":{"rendered":"Private Label"},"content":{"rendered":"<div class=\"wpb-content-wrapper\"><p>[vc_row][vc_column][vc_single_image image=&#8220;16400&#8243; img_size=&#8220;full&#8220; alignment=&#8220;center&#8220;][\/vc_column][\/vc_row][vc_row css=&#8220;.vc_custom_1452070646043{padding-top: 50px !important;padding-bottom: 50px !important;}&#8220;][vc_column width=&#8220;1\/4&#8243;][\/vc_column][vc_column width=&#8220;1\/2&#8243;][vc_column_text]<\/p>\n<h1 style=\"text-align: center;\">PRIVATE LABEL<\/h1>\n<p>[\/vc_column_text][\/vc_column][vc_column width=&#8220;1\/4&#8243;][\/vc_column][\/vc_row][vc_row type=&#8220;grid&#8220; css=&#8220;.vc_custom_1452072505586{padding-bottom: 50px !important;}&#8220;][vc_column width=&#8220;1\/2&#8243;][vc_single_image image=&#8220;16378&#8243; img_size=&#8220;658&#215;532&#8243; alignment=&#8220;center&#8220; onclick=&#8220;img_link_large&#8220; img_link_target=&#8220;_blank&#8220;][\/vc_column][vc_column width=&#8220;1\/2&#8243;][vc_column_text]<\/p>\n<h2>HEKU-QUALIT\u00c4T IN IHRER AUFMACHUNG<\/h2>\n<p>[\/vc_column_text][vc_column_text css=&#8220;.vc_custom_1452071343529{padding-top: 30px !important;padding-bottom: 0px !important;}&#8220;]<\/p>\n<h4>\u2013 Sie wollen durch Ihre Eigenmarke ein eigenes Markenimage aufbauen oder ein bestehendes untermauern?<\/h4>\n<p>[\/vc_column_text][vc_column_text css=&#8220;.vc_custom_1452071435660{padding-top: 15px !important;padding-bottom: 0px !important;}&#8220;]<\/p>\n<h4>\u2013 Sie wollen die Beziehung zum Kunden mit Ihrer Eigenmarke festigen?<\/h4>\n<p>[\/vc_column_text][vc_column_text css=&#8220;.vc_custom_1452071427594{padding-top: 15px !important;padding-bottom: 0px !important;}&#8220;]<\/p>\n<h4>\u2013 Sie wollen\u00a0sich\u00a0unabh\u00e4ngig\u00a0von Markenherstellern machen?<\/h4>\n<p>[\/vc_column_text][vc_column_text css=&#8220;.vc_custom_1452071464465{padding-top: 30px !important;}&#8220;]<\/p>\n<h3>Dann sprechen Sie uns gerne an.<\/h3>\n<p>[\/vc_column_text][vc_column_text css=&#8220;.vc_custom_1452076559181{padding-top: 15px !important;}&#8220;]Wir werden dann in enger Zusammenarbeit mit Ihnen ein auf Ihre Kunden perfekt abgestimmtes zielgruppenspezifisches\u00a0 Sortiment entwickeln.\u00a0Durch unsere langj\u00e4hrige Erfahrung im Privat Label-Segment haben wir die M\u00f6glichkeit, nahezu alle Kundenw\u00fcnsche zu optimalen Preis-\/Leitungsverh\u00e4ltnissen\u00a0zu realisieren.[\/vc_column_text][\/vc_column][\/vc_row]<\/p>\n<\/div>","protected":false},"excerpt":{"rendered":"<p>[vc_row][vc_column][vc_single_image image=&#8220;16400&#8243; img_size=&#8220;full&#8220; alignment=&#8220;center&#8220;][\/vc_column][\/vc_row][vc_row css=&#8220;.vc_custom_1452070646043{padding-top: 50px !important;padding-bottom: 50px !important;}&#8220;][vc_column width=&#8220;1\/4&#8243;][\/vc_column][vc_column width=&#8220;1\/2&#8243;][vc_column_text] PRIVATE LABEL [\/vc_column_text][\/vc_column][vc_column width=&#8220;1\/4&#8243;][\/vc_column][\/vc_row][vc_row type=&#8220;grid&#8220; css=&#8220;.vc_custom_1452072505586{padding-bottom: 50px !important;}&#8220;][vc_column width=&#8220;1\/2&#8243;][vc_single_image image=&#8220;16378&#8243; img_size=&#8220;658&#215;532&#8243; alignment=&#8220;center&#8220; onclick=&#8220;img_link_large&#8220; img_link_target=&#8220;_blank&#8220;][\/vc_column][vc_column width=&#8220;1\/2&#8243;][vc_column_text] HEKU-QUALIT\u00c4T IN IHRER AUFMACHUNG [\/vc_column_text][vc_column_text css=&#8220;.vc_custom_1452071343529{padding-top: 30px !important;padding-bottom: 0px !important;}&#8220;] \u2013 Sie wollen durch Ihre Eigenmarke ein eigenes Markenimage&#8230;<\/p>\n","protected":false},"author":1,"featured_media":0,"parent":0,"menu_order":0,"comment_status":"closed","ping_status":"closed","template":"full_width.php","meta":{"footnotes":""},"class_list":["post-16377","page","type-page","status-publish","hentry"],"_links":{"self":[{"href":"https:\/\/www.heku-produkte.de\/index.php\/wp-json\/wp\/v2\/pages\/16377","targetHints":{"allow":["GET"]}}],"collection":[{"href":"https:\/\/www.heku-produkte.de\/index.php\/wp-json\/wp\/v2\/pages"}],"about":[{"href":"https:\/\/www.heku-produkte.de\/index.php\/wp-json\/wp\/v2\/types\/page"}],"author":[{"embeddable":true,"href":"https:\/\/www.heku-produkte.de\/index.php\/wp-json\/wp\/v2\/users\/1"}],"replies":[{"embeddable":true,"href":"https:\/\/www.heku-produkte.de\/index.php\/wp-json\/wp\/v2\/comments?post=16377"}],"version-history":[{"count":26,"href":"https:\/\/www.heku-produkte.de\/index.php\/wp-json\/wp\/v2\/pages\/16377\/revisions"}],"predecessor-version":[{"id":16410,"href":"https:\/\/www.heku-produkte.de\/index.php\/wp-json\/wp\/v2\/pages\/16377\/revisions\/16410"}],"wp:attachment":[{"href":"https:\/\/www.heku-produkte.de\/index.php\/wp-json\/wp\/v2\/media?parent=16377"}],"curies":[{"name":"wp","href":"https:\/\/api.w.org\/{rel}","templated":true}]}}