{"id":17682,"date":"2018-02-09T09:02:21","date_gmt":"2018-02-09T08:02:21","guid":{"rendered":"http:\/\/www.heku-produkte.de\/?page_id=17682"},"modified":"2026-01-27T12:10:43","modified_gmt":"2026-01-27T11:10:43","slug":"karriere","status":"publish","type":"page","link":"https:\/\/www.heku-produkte.de\/index.php\/karriere\/","title":{"rendered":"Karriere"},"content":{"rendered":"<div class=\"wpb-content-wrapper\"><p>[vc_row css_animation=&#8220;&#8220; row_type=&#8220;row&#8220; use_row_as_full_screen_section=&#8220;no&#8220; type=&#8220;full_width&#8220; angled_section=&#8220;no&#8220; text_align=&#8220;left&#8220; background_image_as_pattern=&#8220;without_pattern&#8220;][vc_column][vc_single_image image=&#8220;17680&#8243; img_size=&#8220;full&#8220; alignment=&#8220;center&#8220; qode_css_animation=&#8220;&#8220;][\/vc_column][\/vc_row][vc_row css_animation=&#8220;&#8220; row_type=&#8220;row&#8220; use_row_as_full_screen_section=&#8220;no&#8220; type=&#8220;full_width&#8220; angled_section=&#8220;no&#8220; text_align=&#8220;left&#8220; background_image_as_pattern=&#8220;without_pattern&#8220; css=&#8220;.vc_custom_1488809094078{padding-top: 0px !important;padding-bottom: 0px !important;}&#8220;][vc_column][vc_column_text css=&#8220;.vc_custom_1518101216810{padding-top: 50px !important;padding-bottom: 50px !important;}&#8220;]<\/p>\n<h1 style=\"text-align: center;\"><span style=\"font-size: 150%;\">Karriere bei der HEKU GmbH<br \/>\n<\/span><\/h1>\n<p>[\/vc_column_text][\/vc_column][\/vc_row][vc_row css_animation=&#8220;&#8220; row_type=&#8220;row&#8220; use_row_as_full_screen_section=&#8220;no&#8220; type=&#8220;grid&#8220; angled_section=&#8220;no&#8220; text_align=&#8220;left&#8220; background_image_as_pattern=&#8220;without_pattern&#8220;][vc_column][vc_column_text css=&#8220;.vc_custom_1769074215436{padding-bottom: 20px !important;}&#8220;]<\/p>\n<p style=\"text-align: center;\">Herz und Seele jedes Unternehmens und der ausschlaggebende Faktor f\u00fcr dessen Erfolg ist seine Belegschaft. Unser Team besteht aus zahlreichen engagierten und qualifizierten Mitarbeitern, die sowohl eigeninitiativ als auch gruppenbezogen arbeiten. Gewissenhaftigkeit und Professionalit\u00e4t stehen dabei an erster Stelle. Diese Eigenschaften treffen auch auf Sie zu? Dann k\u00f6nnten Sie genau der\/die richtige Bewerber\/in f\u00fcr eine Stelle bei der HEKU GmbH sein. Wir bieten Ihnen ein angenehmes und modernes Arbeitsumfeld mit leistungsgerechter Bezahlung und einem guten Betriebsklima sowie spannende und abwechslungsreiche Aufgabengebiete.<\/p>\n<p>&nbsp;<\/p>\n<p style=\"text-align: center;\">Wir freuen uns auf Ihre aussagekr\u00e4ftige Bewerbung. Bitte senden Sie Ihre schriftliche Bewerbung an<\/p>\n<p>&nbsp;<\/p>\n<p style=\"text-align: center;\"><strong>HEKU GmbH Papierwaren und Konsumg\u00fcter<\/strong><br \/>\n<strong>z. Hd. Herrn Andreas Matthies<\/strong><br \/>\n<strong>Handelsstra\u00dfe 1, <\/strong><strong>27374 Visselh\u00f6vede<\/strong><\/p>\n<p>&nbsp;<\/p>\n<p style=\"text-align: center;\">oder per Mail an<\/p>\n<p>&nbsp;<\/p>\n<p style=\"text-align: center;\"><a href=\"mailto:bewerbung@heku-produkte.de\"><strong>bewerbung@heku-produkte.de<\/strong><\/a><\/p>\n<h4 style=\"text-align: center;\"><\/h4>\n<p>&nbsp;<\/p>\n<p style=\"text-align: center;\">Bitte senden Sie Ihre Bewerbung per Mail aus datenschutzrechtlichen Gr\u00fcnden ausschlie\u00dflich an die oben genannte Adresse.<\/p>\n<p style=\"text-align: center;\">Bewerbungen an andere E-Mail-Adressen werden nicht ber\u00fccksichtigt.<\/p>\n<p>[\/vc_column_text][\/vc_column][\/vc_row][vc_row css_animation=&#8220;&#8220; row_type=&#8220;row&#8220; use_row_as_full_screen_section=&#8220;no&#8220; type=&#8220;grid&#8220; angled_section=&#8220;no&#8220; text_align=&#8220;left&#8220; background_image_as_pattern=&#8220;without_pattern&#8220; background_color=&#8220;#fbba00&#8243; css=&#8220;.vc_custom_1523341437630{padding-top: 5px !important;padding-bottom: 5px !important;}&#8220;][vc_column][\/vc_column][\/vc_row][vc_row css_animation=&#8220;&#8220; row_type=&#8220;row&#8220; use_row_as_full_screen_section=&#8220;no&#8220; type=&#8220;grid&#8220; angled_section=&#8220;no&#8220; text_align=&#8220;left&#8220; background_image_as_pattern=&#8220;without_pattern&#8220; css=&#8220;.vc_custom_1523341543644{padding-top: 20px !important;padding-bottom: 20px !important;}&#8220;][vc_column width=&#8220;1\/2&#8243;][vc_column_text css=&#8220;.vc_custom_1769075571537{padding-top: 15px !important;padding-bottom: 0px !important;}&#8220;]<\/p>\n<p style=\"text-align: center;\">Zur Verst\u00e4rkung unseres Teams suchen wir<\/p>\n<p style=\"text-align: center;\"><strong>per sofort in Voll- oder Teilzeit:<\/strong><\/p>\n<p>[\/vc_column_text][vc_column_text css=&#8220;.vc_custom_1769510843175{padding-top: 15px !important;}&#8220;]<\/p>\n<h2 style=\"text-align: center;\"><strong><span style=\"font-size: 150%;\">Mitarbeiter in der <\/span><\/strong><\/h2>\n<h2 style=\"text-align: center;\"><strong><span style=\"font-size: 150%;\">Finanzbuchhaltung<\/span><\/strong><\/h2>\n<p>[\/vc_column_text][vc_column_text css=&#8220;.vc_custom_1769510913073{padding-top: 5px !important;padding-bottom: 10px !important;}&#8220;]<\/p>\n<h3 style=\"text-align: center;\"><span style=\"font-size: 150%;\">(m\/w\/d)<\/span><\/h3>\n<p>[\/vc_column_text][vc_single_image image=&#8220;18631&#8243; img_size=&#8220;full&#8220; css=&#8220;&#8220; qode_css_animation=&#8220;&#8220;][vc_column_text css=&#8220;.vc_custom_1769073491101{padding-top: 15px !important;}&#8220;]<strong>Ihr Aufgabenfeld:<br \/>\n<\/strong><\/p>\n<ul>\n<li>Kreditoren- und Debitorenbuchhaltung mit Zahlungsverkehr<\/li>\n<li>Pr\u00fcfung, Kontierung und Buchung s\u00e4mtlicher laufender Gesch\u00e4ftsvorf\u00e4lle<\/li>\n<li>Aktive Mitarbeit bei Monatsabschl\u00fcssen<\/li>\n<li>Mahnwesen<\/li>\n<li>Abwicklung Warenkreditversicherung<\/li>\n<li>\u00dcberwachung und Pflege des Dokumentenmanagements<\/li>\n<li>Posteingangsbearbeitung und Vorgangserstellung in Business Central<\/li>\n<\/ul>\n<p>[\/vc_column_text][vc_column_text css=&#8220;.vc_custom_1769073507443{padding-top: 15px !important;}&#8220;]<strong>Ihre Qualifikationen:<\/strong><\/p>\n<ul>\n<li>Abgeschlossene kaufm\u00e4nnische Berufsausbildung, idealerweise zum Steuerfachangestellten<\/li>\n<li>Mehrj\u00e4hrige Berufserfahrung im Bereich Buchhaltung<\/li>\n<li>Selbstst\u00e4ndige Arbeitsweise<\/li>\n<li>Teamf\u00e4higkeit und Zuverl\u00e4ssigkeit<\/li>\n<li>Sicherer Umgang mit MS-Office<\/li>\n<li>Erfahrung mit der Software Business Central<\/li>\n<\/ul>\n<p>[\/vc_column_text][vc_column_text css=&#8220;.vc_custom_1769073516243{padding-top: 15px !important;}&#8220;]<strong>Das bieten wir Ihnen:<\/strong><\/p>\n<ul>\n<li>Eine unbefristete Festanstellung<\/li>\n<li>Ein kollegiales und offenes Betriebsklima<\/li>\n<li>Einen modernen Arbeitsplatz<\/li>\n<li>Flexible Arbeitszeiten und die M\u00f6glichkeit des mobilen Arbeitens<\/li>\n<li>Eine leistungsgerechte Bezahlung<\/li>\n<\/ul>\n<p>[\/vc_column_text][\/vc_column][vc_column width=&#8220;1\/2&#8243;][vc_column_text css=&#8220;.vc_custom_1769075571537{padding-top: 15px !important;padding-bottom: 0px !important;}&#8220;]<\/p>\n<p style=\"text-align: center;\">Zur Verst\u00e4rkung unseres Teams suchen wir<\/p>\n<p style=\"text-align: center;\"><strong>per sofort in Voll- oder Teilzeit:<\/strong><\/p>\n<p>[\/vc_column_text][vc_column_text css=&#8220;.vc_custom_1769511932277{padding-top: 15px !important;}&#8220;]<\/p>\n<h2 style=\"text-align: center;\"><strong><span style=\"font-size: 150%;\">\u00a0<\/span><\/strong><\/h2>\n<h2 style=\"text-align: center;\"><strong><span style=\"font-size: 150%;\">Fachlagerist<\/span><\/strong><\/h2>\n<p>[\/vc_column_text][vc_column_text css=&#8220;.vc_custom_1769510913073{padding-top: 5px !important;padding-bottom: 10px !important;}&#8220;]<\/p>\n<h3 style=\"text-align: center;\"><span style=\"font-size: 150%;\">(m\/w\/d)<\/span><\/h3>\n<p>[\/vc_column_text][vc_single_image image=&#8220;21224&#8243; img_size=&#8220;full&#8220; css=&#8220;&#8220; qode_css_animation=&#8220;&#8220;][vc_column_text css=&#8220;.vc_custom_1769511158054{padding-top: 15px !important;}&#8220;]<strong>Ihre Aufgaben:<br \/>\n<\/strong><\/p>\n<ul>\n<li>Auftragskommissionierung<\/li>\n<li>Containerentladung<\/li>\n<li>Warenannahme\/-ausgabe<\/li>\n<\/ul>\n<p>[\/vc_column_text][vc_column_text css=&#8220;.vc_custom_1769511280746{padding-top: 15px !important;}&#8220;]<strong>Ihr Profil:<\/strong><\/p>\n<ul>\n<li>Abgeschlossene Ausbildung zum Fachlageristen<\/li>\n<li>K\u00f6rperliche Belastbarkeit<\/li>\n<li>Teamf\u00e4higkeit und Zuverl\u00e4ssigkeit<\/li>\n<\/ul>\n<p>[\/vc_column_text][\/vc_column][\/vc_row][vc_row css_animation=&#8220;&#8220; row_type=&#8220;row&#8220; use_row_as_full_screen_section=&#8220;no&#8220; type=&#8220;grid&#8220; angled_section=&#8220;no&#8220; text_align=&#8220;left&#8220; background_image_as_pattern=&#8220;without_pattern&#8220; css=&#8220;.vc_custom_1523341543644{padding-top: 20px !important;padding-bottom: 20px !important;}&#8220;][vc_column][vc_column_text css=&#8220;.vc_custom_1769073026274{padding-top: 15px !important;}&#8220;]<\/p>\n<p style=\"text-align: center;\"><strong>Bitte geben Sie in Ihren Bewerbungsunterlagen Ihre Gehaltsvorstellung sowie den m\u00f6glichen Eintrittstermin an.<\/strong><\/p>\n<p>[\/vc_column_text][\/vc_column][\/vc_row][vc_row css_animation=&#8220;&#8220; row_type=&#8220;row&#8220; use_row_as_full_screen_section=&#8220;no&#8220; type=&#8220;grid&#8220; angled_section=&#8220;no&#8220; text_align=&#8220;left&#8220; background_image_as_pattern=&#8220;without_pattern&#8220; background_color=&#8220;#fbba00&#8243; css=&#8220;.vc_custom_1523341437630{padding-top: 5px !important;padding-bottom: 5px !important;}&#8220;][vc_column][\/vc_column][\/vc_row][vc_row css_animation=&#8220;&#8220; row_type=&#8220;row&#8220; use_row_as_full_screen_section=&#8220;no&#8220; type=&#8220;grid&#8220; angled_section=&#8220;no&#8220; text_align=&#8220;left&#8220; background_image_as_pattern=&#8220;without_pattern&#8220; css=&#8220;.vc_custom_1541602404322{padding-top: 50px !important;padding-bottom: 50px !important;}&#8220;][vc_column][vc_column_text]<strong>Datenschutz bei Bewerbungen und im Bewerbungsverfahren<\/strong><\/p>\n<p>Der f\u00fcr die Verarbeitung Verantwortliche erhebt und verarbeitet die personenbezogenen Daten von Bewerbern zum Zwecke der Abwicklung des Bewerbungsverfahrens. Schlie\u00dft der f\u00fcr die Verarbeitung Verantwortliche einen Anstellungsvertrag mit einem Bewerber, werden die \u00fcbermittelten Daten zum Zwecke der Abwicklung des Besch\u00e4ftigungsverh\u00e4ltnisses unter Beachtung der gesetzlichen Vorschriften gespeichert. Wird von dem f\u00fcr die Verarbeitung Verantwortlichen kein Anstellungsvertrag mit dem Bewerber geschlossen, so werden die Bewerbungsunterlagen zwei Monate nach Bekanntgabe der Absageentscheidung vernichtet (dem Bewerber zur\u00fcckgesandt), sofern diesem keine sonstigen berechtigten Interessen des f\u00fcr die Verarbeitung Verantwortlichen entgegenstehen. Sonstiges berechtigtes Interesse in diesem Sinne ist beispielsweise eine Beweispflicht in einem Verfahren nach dem Allgemeinen Gleichbehandlungsgesetz (AGG).[\/vc_column_text][\/vc_column][\/vc_row]<\/p>\n<\/div>","protected":false},"excerpt":{"rendered":"<p>[vc_row css_animation=&#8220;&#8220; row_type=&#8220;row&#8220; use_row_as_full_screen_section=&#8220;no&#8220; type=&#8220;full_width&#8220; angled_section=&#8220;no&#8220; text_align=&#8220;left&#8220; background_image_as_pattern=&#8220;without_pattern&#8220;][vc_column][vc_single_image image=&#8220;17680&#8243; img_size=&#8220;full&#8220; alignment=&#8220;center&#8220; qode_css_animation=&#8220;&#8220;][\/vc_column][\/vc_row][vc_row css_animation=&#8220;&#8220; row_type=&#8220;row&#8220; use_row_as_full_screen_section=&#8220;no&#8220; type=&#8220;full_width&#8220; angled_section=&#8220;no&#8220; text_align=&#8220;left&#8220; background_image_as_pattern=&#8220;without_pattern&#8220; css=&#8220;.vc_custom_1488809094078{padding-top: 0px !important;padding-bottom: 0px !important;}&#8220;][vc_column][vc_column_text css=&#8220;.vc_custom_1518101216810{padding-top: 50px !important;padding-bottom: 50px !important;}&#8220;] Karriere bei der HEKU GmbH [\/vc_column_text][\/vc_column][\/vc_row][vc_row css_animation=&#8220;&#8220; row_type=&#8220;row&#8220; use_row_as_full_screen_section=&#8220;no&#8220; type=&#8220;grid&#8220; angled_section=&#8220;no&#8220; text_align=&#8220;left&#8220; background_image_as_pattern=&#8220;without_pattern&#8220;][vc_column][vc_column_text css=&#8220;.vc_custom_1769074215436{padding-bottom: 20px !important;}&#8220;]&#8230;<\/p>\n","protected":false},"author":1,"featured_media":0,"parent":0,"menu_order":0,"comment_status":"closed","ping_status":"closed","template":"full_width.php","meta":{"footnotes":""},"class_list":["post-17682","page","type-page","status-publish","hentry"],"_links":{"self":[{"href":"https:\/\/www.heku-produkte.de\/index.php\/wp-json\/wp\/v2\/pages\/17682","targetHints":{"allow":["GET"]}}],"collection":[{"href":"https:\/\/www.heku-produkte.de\/index.php\/wp-json\/wp\/v2\/pages"}],"about":[{"href":"https:\/\/www.heku-produkte.de\/index.php\/wp-json\/wp\/v2\/types\/page"}],"author":[{"embeddable":true,"href":"https:\/\/www.heku-produkte.de\/index.php\/wp-json\/wp\/v2\/users\/1"}],"replies":[{"embeddable":true,"href":"https:\/\/www.heku-produkte.de\/index.php\/wp-json\/wp\/v2\/comments?post=17682"}],"version-history":[{"count":143,"href":"https:\/\/www.heku-produkte.de\/index.php\/wp-json\/wp\/v2\/pages\/17682\/revisions"}],"predecessor-version":[{"id":17795,"href":"https:\/\/www.heku-produkte.de\/index.php\/wp-json\/wp\/v2\/pages\/17682\/revisions\/17795"}],"wp:attachment":[{"href":"https:\/\/www.heku-produkte.de\/index.php\/wp-json\/wp\/v2\/media?parent=17682"}],"curies":[{"name":"wp","href":"https:\/\/api.w.org\/{rel}","templated":true}]}}