{"id":17770,"date":"2018-03-29T15:09:38","date_gmt":"2018-03-29T13:09:38","guid":{"rendered":"http:\/\/www.heku-produkte.de\/?page_id=17770"},"modified":"2022-04-25T10:31:59","modified_gmt":"2022-04-25T08:31:59","slug":"heku-startseite-2","status":"publish","type":"page","link":"https:\/\/www.heku-produkte.de\/index.php\/heku-startseite-2\/","title":{"rendered":"Home"},"content":{"rendered":"<div class=\"wpb-content-wrapper\"><p>[vc_row css_animation=&#8220;&#8220; row_type=&#8220;row&#8220; use_row_as_full_screen_section=&#8220;no&#8220; type=&#8220;full_width&#8220; angled_section=&#8220;no&#8220; text_align=&#8220;left&#8220; background_image_as_pattern=&#8220;without_pattern&#8220; padding_top=&#8220;87&#8243; padding_bottom=&#8220;34&#8243;][vc_column][vc_column_text]<\/p>\n<h1 style=\"text-align: center;\">WILLKOMMEN BEI HEKU<\/h1>\n<p>[\/vc_column_text][\/vc_column][\/vc_row][vc_row css_animation=&#8220;&#8220; row_type=&#8220;row&#8220; use_row_as_full_screen_section=&#8220;no&#8220; type=&#8220;full_width&#8220; angled_section=&#8220;no&#8220; text_align=&#8220;left&#8220; background_image_as_pattern=&#8220;without_pattern&#8220; css=&#8220;.vc_custom_1436863982501{padding-top: 0px !important;padding-bottom: 100px !important;}&#8220;][vc_column width=&#8220;1\/6&#8243;][vc_column_text]<br \/>\n[\/vc_column_text][\/vc_column][vc_column width=&#8220;2\/3&#8243; el_class=&#8220;addtoany_share_save_container&#8220;][vc_column_text css=&#8220;.vc_custom_1457531067140{padding-bottom: 30px !important;}&#8220;]<\/p>\n<h4 style=\"text-align: center;\">Die HEKU GmbH ist ein Marketing- und Vertriebsunternehmen mit Schwerpunkten im Bereich Papierwaren und Konsumg\u00fcter sowie Artikeln des t\u00e4glichen Bedarfs. Durch die mittlerweile 25-j\u00e4hrige Erfahrung hat sich die HEKU GmbH zu einem der f\u00fchrenden Handelspartner mit professionellen Dienstleistungsqualit\u00e4ten im Preiseinstiegssegment etabliert.<\/h4>\n<p>[\/vc_column_text]<a id=\"&lt;\/p&gt;\n&lt;p&gt;&lt;center&gt;\" itemprop=\"url\" href=\"http:\/\/www.heku-produkte.de\/index.php\/heku-philosophie\/\" target=\"_self\"  class=\"qbutton  center default\" style=\"\">Das ist HEKU<\/a>[\/vc_column][vc_column width=&#8220;1\/6&#8243;][vc_column_text]<br \/>\n[\/vc_column_text][\/vc_column][\/vc_row][vc_row row_type=&#8220;content_menu&#8220; disable_element=&#8220;yes&#8220; background_color=&#8220;#636466&#8243; css=&#8220;.vc_custom_1496916683711{padding-top: 20px !important;padding-bottom: 30px !important;background-color: #dddddd !important;}&#8220;][vc_column][vc_column_text css=&#8220;.vc_custom_1457518491387{padding-top: 0px !important;padding-bottom: 0px !important;}&#8220;]<\/center><\/p>\n<h2 style=\"text-align: center;\"><span style=\"color: #000000;\">ENTDECKEN SIE UNSER VIELF\u00c4LTIGES SORTIMENT<\/span><\/h2>\n<p>[\/vc_column_text][\/vc_column][\/vc_row][vc_row row_type=&#8220;content_menu&#8220; disable_element=&#8220;yes&#8220; background_color=&#8220;#dddddd&#8220;][vc_column width=&#8220;1\/4&#8243;]<div class=\"q_image_with_text_over\"><div class=\"shader\" style = \"background-color: rgba(0,0,0,0.4)\"><\/div><img decoding=\"async\" itemprop=\"image\" src=\"\" alt=\"STANDARD-SORTIMENT\" \/><div class=\"text\"><table><tr><td><h3 class=\"caption no_icon\" style=\"color: #ffffff;font-size: 28px;\">STANDARD-SORTIMENT<\/h3><\/td><\/tr><\/table><table><tr><td><div class=\"desc\"><\/p>\n<h3><span style=\"color: #ffffff;\">Die gro\u00dfe Auswahl erleben.<br \/>\n<\/span><\/h3>\n<p>[vc_separator type=&#8217;transparent&#8216; position=&#8217;center&#8216; color=&#8220; thickness=&#8220; up=&#8217;10&#8216; down=&#8217;10&#8216;]<\/p>\n<p><a  itemprop=\"url\" href=\"http:\/\/www.heku-produkte.de\/index.php\/sortiment\/\" target=\"_self\" data-hover-border-color='#636466'  class=\"qbutton  default\" style=\"color: #636466; border-color: #636466; \">weiter<\/a><\/div><\/td><\/tr><\/table><\/div><\/div>[\/vc_column][vc_column width=&#8220;1\/4&#8243;]<div class=\"q_image_with_text_over\"><div class=\"shader\" style = \"background-color: rgba(0,0,0,0.4)\"><\/div><img decoding=\"async\" itemprop=\"image\" src=\"\" alt=\"WEIHNACHTEN\" \/><div class=\"text\"><table><tr><td><h3 class=\"caption no_icon\" style=\"font-size: 28px;\">WEIHNACHTEN<\/h3><\/td><\/tr><\/table><table><tr><td><div class=\"desc\"><\/p>\n<h3><span style=\"color: #ffffff;\">Mit Freude schenken.<br \/>\n<\/span><\/h3>\n<p>[vc_separator type=&#8217;transparent&#8216; position=&#8217;center&#8216; color=&#8220; thickness=&#8220; up=&#8217;10&#8216; down=&#8217;10&#8216;]<\/p>\n<p><a  itemprop=\"url\" href=\"http:\/\/www.heku-produkte.de\/index.php\/sortiment\/\" target=\"_self\" data-hover-border-color='#636466'  class=\"qbutton  default\" style=\"color: #636466; border-color: #636466; \">weiter<\/a><\/div><\/td><\/tr><\/table><\/div><\/div>[\/vc_column][vc_column width=&#8220;1\/4&#8243;]<div class=\"q_image_with_text_over\"><div class=\"shader\" style = \"background-color: rgba(0,0,0,0.4)\"><\/div><img decoding=\"async\" itemprop=\"image\" src=\"https:\/\/www.heku-produkte.de\/wp-content\/uploads\/2015\/09\/Partyserie-Bayrisch_058.jpg\" alt=\"SAISONAL\" \/><div class=\"text\"><table><tr><td><h3 class=\"caption no_icon\" style=\"font-size: 28px;\">SAISONAL<\/h3><\/td><\/tr><\/table><table><tr><td><div class=\"desc\"><\/p>\n<h3><span style=\"color: #ffffff;\">Hier geht&#8217;s zu unseren saisonalen Artikeln.<\/span><\/h3>\n<p>[vc_separator type=&#8217;transparent&#8216; position=&#8217;center&#8216; color=&#8220; thickness=&#8220; up=&#8217;10&#8216; down=&#8217;10&#8216;]<\/p>\n<p><a  itemprop=\"url\" href=\"http:\/\/www.heku-produkte.de\/index.php\/sortiment\/\" target=\"_self\" data-hover-border-color='#636466'  class=\"qbutton  default\" style=\"color: #636466; border-color: #636466; \">weiter<\/a><\/div><\/td><\/tr><\/table><\/div><\/div>[\/vc_column][vc_column width=&#8220;1\/4&#8243;]<div class=\"q_image_with_text_over\"><div class=\"shader\" style = \"background-color: rgba(0,0,0,0.4)\"><\/div><img decoding=\"async\" itemprop=\"image\" src=\"\" alt=\"SONDERPOSTEN\" \/><div class=\"text\"><table><tr><td><h3 class=\"caption no_icon\" style=\"font-size: 28px;\">SONDERPOSTEN<\/h3><\/td><\/tr><\/table><table><tr><td><div class=\"desc\"><\/p>\n<h3><span style=\"color: #ffffff;\">Schn\u00e4ppchen gef\u00e4llig?<br \/>\n<\/span><\/h3>\n<p>[vc_separator type=&#8217;transparent&#8216; position=&#8217;center&#8216; color=&#8220; thickness=&#8220; up=&#8217;10&#8216; down=&#8217;10&#8216;]<\/p>\n<p><a  itemprop=\"url\" href=\"http:\/\/www.heku-produkte.de\/wp-content\/uploads\/2017\/05\/HEKU_Sopo_4_2017_Screen.pdf\" target=\"<code>_blank<\/code>\" data-hover-border-color='#636466'  class=\"qbutton  default\" style=\"color: #636466; border-color: #636466; \">weiter<\/a><\/div><\/td><\/tr><\/table><\/div><\/div>[\/vc_column][\/vc_row][vc_row row_type=&#8220;content_menu&#8220; disable_element=&#8220;yes&#8220; background_color=&#8220;#636466&#8243; css=&#8220;.vc_custom_1496916663157{padding-top: 30px !important;padding-bottom: 40px !important;background-color: #dddddd !important;}&#8220;][vc_column][vc_column_text]<br \/>\n[\/vc_column_text][vc_column_text css=&#8220;.vc_custom_1457516406827{padding-top: 0px !important;padding-bottom: 0px !important;}&#8220;]<\/p>\n<h3 style=\"text-align: center;\"><span style=\"color: #000000;\">Lassen Sie sich von der F\u00fclle an Artikeln in unserem Sortiment inspirieren.<\/span><\/h3>\n<h3 style=\"text-align: center;\"><span style=\"color: #000000;\">Ob allt\u00e4gliche Gebrauchsg\u00fcter f\u00fcr den Haushalt, kreative Geschenkaccessoires oder Weihnachtliche Dekoartikel \u2013 hier finden Sie garantiert das richtige.<\/span><\/h3>\n<p>[\/vc_column_text][vc_column_text]<br \/>\n[\/vc_column_text][\/vc_column][\/vc_row][vc_row css_animation=&#8220;&#8220; row_type=&#8220;row&#8220; use_row_as_full_screen_section=&#8220;no&#8220; type=&#8220;full_width&#8220; angled_section=&#8220;no&#8220; text_align=&#8220;left&#8220; background_image_as_pattern=&#8220;without_pattern&#8220; css=&#8220;.vc_custom_1497279145683{padding-bottom: 200px !important;}&#8220;][vc_column]<div class=\"q_image_with_text_over\"><div class=\"shader\" ><\/div><img decoding=\"async\" itemprop=\"image\" src=\"https:\/\/www.heku-produkte.de\/wp-content\/uploads\/2015\/10\/Neuigkeiten.jpg\" alt=\"NEUIGKEITEN\" \/><div class=\"text\"><table><tr><td><h3 class=\"caption no_icon\" style=\"font-size: 28px;\">NEUIGKEITEN<\/h3><\/td><\/tr><\/table><table><tr><td><div class=\"desc\"><\/p>\n<h1><strong><span style=\"color: #ffffff;\">NEUIGKEITEN<\/span><\/strong><\/h1>\n<p>[vc_separator type=&#8217;transparent&#8216; position=&#8217;center&#8216; color=&#8220; thickness=&#8220; up=&#8217;10&#8216; down=&#8217;10&#8216;]<\/p>\n<a  itemprop=\"url\" href=\"http:\/\/www.heku-produkte.de\/index.php\/neuigkeiten\/\" target=\"_self\" data-hover-border-color='#636466'  class=\"qbutton  default\" style=\"color: #636466; border-color: #636466; \">weiter<\/a>\n<p>&nbsp;<\/p>\n<h3><span style=\"color: #ffffff;\">Bleiben Sie immer auf dem Laufenden:<\/span><\/h3>\n<h3><span style=\"color: #ffffff;\">Hier finden Sie neue Artikel, aktuelle Design-Highlights<\/span><\/h3>\n<h3><span style=\"color: #ffffff;\"> sowie Neuigkeiten rund um die Firma HEKU.<\/span><\/h3>\n<p><\/div><\/td><\/tr><\/table><\/div><\/div>[\/vc_column][\/vc_row][vc_row css_animation=&#8220;&#8220; row_type=&#8220;row&#8220; use_row_as_full_screen_section=&#8220;yes&#8220; type=&#8220;full_width&#8220; angled_section=&#8220;no&#8220; text_align=&#8220;center&#8220; background_image_as_pattern=&#8220;without_pattern&#8220; css=&#8220;.vc_custom_1496917288657{padding-bottom: 200px !important;background-color: #ffffff !important;}&#8220;][vc_column]<div class=\"q_image_with_text_over\"><div class=\"shader\" style = \"background-color: rgba(255,255,255,0.6)\"><\/div><img decoding=\"async\" itemprop=\"image\" src=\"https:\/\/www.heku-produkte.de\/wp-content\/uploads\/2015\/07\/Einwegprogramm-Kleinpackungen_00501.jpg\" alt=\"SORTIMENT\" \/><div class=\"text\"><table><tr><td><h3 class=\"caption no_icon\" style=\"color: #000000;font-size: 28px;\">SORTIMENT<\/h3><\/td><\/tr><\/table><table><tr><td><div class=\"desc\"><\/p>\n<h1><strong><span style=\"color: #ffffff;\"><span style=\"color: #000000;\">UNSER SORTIMENT<\/span><br \/>\n<\/span><\/strong><\/h1>\n<p>[vc_separator type=&#8217;transparent&#8216; position=&#8217;center&#8216; color=&#8220; thickness=&#8220; up=&#8217;10&#8216; down=&#8217;10&#8216;]<\/p>\n<a  itemprop=\"url\" href=\"http:\/\/www.heku-produkte.de\/index.php\/sortiment\/\" target=\"_self\" data-hover-border-color='#636466'  class=\"qbutton  default\" style=\"color: #636466; border-color: #636466; \">weiter<\/a>\n<p>&nbsp;<\/p>\n<h3><span style=\"color: #000000;\">St\u00f6bern Sie in unserem Sortiment und entdecken Sie die HEKU-Produktvielfalt.<br \/>\n<\/span><\/h3>\n<p><\/div><\/td><\/tr><\/table><\/div><\/div>[\/vc_column][\/vc_row][vc_row css_animation=&#8220;&#8220; row_type=&#8220;row&#8220; use_row_as_full_screen_section=&#8220;yes&#8220; type=&#8220;full_width&#8220; angled_section=&#8220;no&#8220; text_align=&#8220;center&#8220; background_image_as_pattern=&#8220;without_pattern&#8220; css=&#8220;.vc_custom_1496917308507{padding-top: 0px !important;padding-bottom: 200px !important;}&#8220;][vc_column]<div class=\"q_image_with_text_over\"><div class=\"shader\" ><\/div><img decoding=\"async\" itemprop=\"image\" src=\"https:\/\/www.heku-produkte.de\/wp-content\/uploads\/2015\/07\/Messe_HEKU-Logo_1920x602.jpg\" alt=\"MESSETERMINE\" \/><div class=\"text\"><table><tr><td><h3 class=\"caption no_icon\" style=\"font-size: 28px;\">MESSETERMINE<\/h3><\/td><\/tr><\/table><table><tr><td><div class=\"desc\"><\/p>\n<h2><span style=\"color: #ffffff;\">WIR SEHEN UNS \u2013<\/span><\/h2>\n<h1><strong><span style=\"color: #ffffff;\">AUF DER GODDIES IN ANKUM<br \/>\n<\/span><\/strong><\/h1>\n<p>[vc_separator type=&#8217;transparent&#8216; position=&#8217;center&#8216; color=&#8220; thickness=&#8220; up=&#8217;10&#8216; down=&#8217;10&#8216;]<\/p>\n<a  itemprop=\"url\" href=\"http:\/\/www.heku-produkte.de\/index.php\/messetermine\/\" target=\"_self\" data-hover-border-color='#636466'  class=\"qbutton  default\" style=\"color: #636466; border-color: #636466; \">Messetermine<\/a>\n<p>&nbsp;<\/p>\n<h3><span style=\"color: #ffffff;\">Besuchen Sie unseren Messestand auf der Goodies in Ankum vom 08. \u2013 09. Mai 2018.<\/span><\/h3>\n<h3><span style=\"color: #ffffff;\">Weitere Informationen zu unseren Messeterminen und den einzelnen Messen finden Sie hier.<\/span><\/h3>\n<p><\/div><\/td><\/tr><\/table><\/div><\/div>[\/vc_column][\/vc_row][vc_row css_animation=&#8220;&#8220; row_type=&#8220;row&#8220; use_row_as_full_screen_section=&#8220;no&#8220; type=&#8220;full_width&#8220; angled_section=&#8220;no&#8220; text_align=&#8220;center&#8220; background_image_as_pattern=&#8220;without_pattern&#8220; css=&#8220;.vc_custom_1496917318054{padding-top: 0px !important;padding-bottom: 200px !important;}&#8220;][vc_column]<div class=\"q_image_with_text_over\"><div class=\"shader\" style = \"background-color: rgba(255,255,255,0.7)\"><\/div><img decoding=\"async\" itemprop=\"image\" src=\"\" alt=\"KATALOGE\" \/><div class=\"text\"><table><tr><td><h3 class=\"caption no_icon\" style=\"color: #000000;font-size: 28px;\">KATALOGE<\/h3><\/td><\/tr><\/table><table><tr><td><div class=\"desc\"><\/p>\n<h2><span style=\"color: #ffffff;\"><span style=\"color: #000000;\">LASSEN SIE SICH INSPIRIEREN:<\/span><\/span><\/h2>\n<h1><strong><span style=\"color: #ffffff;\"><span style=\"color: #000000;\">UNSERE KATALOGE<\/span><br \/>\n<\/span><\/strong><\/h1>\n<p>[vc_separator type=&#8217;transparent&#8216; position=&#8217;center&#8216; color=&#8220; thickness=&#8220; up=&#8217;10&#8216; down=&#8217;10&#8216;]<\/p>\n<a  itemprop=\"url\" href=\"http:\/\/www.heku-produkte.de\/index.php\/kataloge\/\" target=\"_self\" data-hover-border-color='#636466'  class=\"qbutton  default\" style=\"color: #636466; border-color: #636466; \">weiter<\/a>\n<h3><\/h3>\n<p>&nbsp;<\/p>\n<h3><span style=\"color: #000000;\">Ein Katalog sagt mehr als tausend Worte.<\/span><\/h3>\n<h3><span style=\"color: #000000;\">Bl\u00e4ttern Sie in unseren verschiedenen Katalogen und entdecken Sie unsere Produktvielfalt.<\/span><\/h3>\n<p><\/div><\/td><\/tr><\/table><\/div><\/div>[\/vc_column][\/vc_row][vc_row css_animation=&#8220;&#8220; row_type=&#8220;row&#8220; use_row_as_full_screen_section=&#8220;yes&#8220; type=&#8220;full_width&#8220; angled_section=&#8220;no&#8220; text_align=&#8220;center&#8220; background_image_as_pattern=&#8220;without_pattern&#8220; css=&#8220;.vc_custom_1496917327201{padding-top: 0px !important;padding-bottom: 200px !important;}&#8220;][vc_column]<div class=\"q_image_with_text_over\"><div class=\"shader\" style = \"background-color: rgba(2,2,2,0.7)\"><\/div><img decoding=\"async\" itemprop=\"image\" src=\"https:\/\/www.heku-produkte.de\/wp-content\/uploads\/2015\/07\/Howcanihelpyou_.jpg\" alt=\"ANSPRECHPARTNER\" \/><div class=\"text\"><table><tr><td><h3 class=\"caption no_icon\" style=\"font-size: 28px;\">ANSPRECHPARTNER<\/h3><\/td><\/tr><\/table><table><tr><td><div class=\"desc\"><\/p>\n<h2><span style=\"color: #ffffff;\">WIR SIND HEKU \u2013<\/span><\/h2>\n<h1><strong><span style=\"color: #ffffff;\">IHRE ANSPRECHPARTNER<br \/>\n<\/span><\/strong><\/h1>\n<p>[vc_separator type=&#8217;transparent&#8216; position=&#8217;center&#8216; color=&#8220; thickness=&#8220; up=&#8217;10&#8216; down=&#8217;10&#8216;]<\/p>\n<a  itemprop=\"url\" href=\"http:\/\/www.heku-produkte.de\/index.php\/ansprechpartner\/\" target=\"_self\" data-hover-border-color='#636466'  class=\"qbutton  default\" style=\"color: #636466; border-color: #636466; \">Ansprechpartner<\/a>\n<p>&nbsp;<\/p>\n<h3><span style=\"color: #ffffff;\">Sie m\u00f6chten Kontakt zu uns aufnehmen?<br \/>\n<\/span><\/h3>\n<h3><span style=\"color: #ffffff;\">Kein Problem \u2013 wie k\u00f6nnen wir Ihnen helfen?<\/span><\/h3>\n<p><\/div><\/td><\/tr><\/table><\/div><\/div>[\/vc_column][\/vc_row][vc_row css_animation=&#8220;&#8220; row_type=&#8220;row&#8220; use_row_as_full_screen_section=&#8220;yes&#8220; type=&#8220;full_width&#8220; angled_section=&#8220;no&#8220; text_align=&#8220;center&#8220; background_image_as_pattern=&#8220;without_pattern&#8220; css=&#8220;.vc_custom_1496917335368{padding-top: 0px !important;padding-bottom: 200px !important;}&#8220;][vc_column]<div class=\"q_image_with_text_over\"><div class=\"shader\" style = \"background-color: rgba(255,255,255,0.5)\"><\/div><img decoding=\"async\" itemprop=\"image\" src=\"\" alt=\"HEKU AM POS\" \/><div class=\"text\"><table><tr><td><h3 class=\"caption no_icon\" style=\"color: #000000;font-size: 28px;\">HEKU AM POS<\/h3><\/td><\/tr><\/table><table><tr><td><div class=\"desc\"><\/p>\n<h2><span style=\"color: #ffffff;\"><span style=\"color: #000000;\">IMMER EIN BLICKFANG:<\/span><\/span><\/h2>\n<h1><strong><span style=\"color: #ffffff;\"><span style=\"color: #000000;\">HEKU AM POS<\/span><br \/>\n<\/span><\/strong><\/h1>\n<p>[vc_separator type=&#8217;transparent&#8216; position=&#8217;center&#8216; color=&#8220; thickness=&#8220; up=&#8217;10&#8216; down=&#8217;10&#8216;]<\/p>\n<a  itemprop=\"url\" href=\"http:\/\/www.heku-produkte.de\/index.php\/heku-am-pos\/\" target=\"_self\" data-hover-border-color='#636466'  class=\"qbutton  default\" style=\"color: #636466; border-color: #636466; \">weiter<\/a>\n<h3><\/h3>\n<p>&nbsp;<\/p>\n<h3><span style=\"color: #000000;\">Um unsere Artikel auch bei Ihnen vor Ort ins richtige Licht zu r\u00fccken geben wir Ihnen gerne<\/span><\/h3>\n<h3><span style=\"color: #000000;\">Hilfestellung bei der Erstbest\u00fcckung Ihrer HEKU-Regalw\u00e4nde.<\/span><\/h3>\n<h3><span style=\"color: #000000;\">Zudem bieten wir Ihnen die M\u00f6glichkeit, ganz nach Ihren Vorgaben fertig best\u00fcckte Displayt\u00fcrme zu ordern.<\/span><\/h3>\n<h3><span style=\"color: #000000;\">Mit unserem aktuellen Displayplaner ist das kinderleicht. Hier erfahren Sie mehr.<\/span><\/h3>\n<p><\/div><\/td><\/tr><\/table><\/div><\/div>[\/vc_column][\/vc_row][vc_row css_animation=&#8220;&#8220; row_type=&#8220;row&#8220; use_row_as_full_screen_section=&#8220;yes&#8220; type=&#8220;full_width&#8220; angled_section=&#8220;no&#8220; text_align=&#8220;center&#8220; background_image_as_pattern=&#8220;without_pattern&#8220; css=&#8220;.vc_custom_1496917344132{padding-top: 0px !important;padding-bottom: 200px !important;}&#8220;][vc_column]<div class=\"q_image_with_text_over\"><div class=\"shader\" style = \"background-color: rgba(2,2,2,0.7)\"><\/div><img decoding=\"async\" itemprop=\"image\" src=\"https:\/\/www.heku-produkte.de\/wp-content\/uploads\/2015\/07\/HEKU_Map.jpg\" alt=\"KONTAKT\" \/><div class=\"text\"><table><tr><td><h3 class=\"caption no_icon\" style=\"font-size: 28px;\">KONTAKT<\/h3><\/td><\/tr><\/table><table><tr><td><div class=\"desc\"><\/p>\n<h2><span style=\"color: #ffffff;\">SO ERREICHEN SIE UNS \u2013<\/span><\/h2>\n<h1><strong><span style=\"color: #ffffff;\">KONTAKT<br \/>\n<\/span><\/strong><\/h1>\n<p>[vc_separator type=&#8217;transparent&#8216; position=&#8217;center&#8216; color=&#8220; thickness=&#8220; up=&#8217;10&#8216; down=&#8217;10&#8216;]<\/p>\n<a  itemprop=\"url\" href=\"http:\/\/www.heku-produkte.de\/index.php\/contact\/\" target=\"_self\" data-hover-border-color='#636466'  class=\"qbutton  default\" style=\"color: #636466; border-color: #636466; \">Ansprechpartner<\/a>\n<p>&nbsp;<\/p>\n<h3><span style=\"color: #ffffff;\">Nutzen Sie f\u00fcr Ihre Anfrage unser Kontaktformular und finden Sie<\/span><\/h3>\n<h3><span style=\"color: #ffffff;\">ganz einfach Ihren Anfahrtsweg zu uns.<\/span><\/h3>\n<h3><span style=\"color: #ffffff;\">Wir freuen uns auf Sie.<\/span><\/h3>\n<p><\/div><\/td><\/tr><\/table><\/div><\/div>[\/vc_column][\/vc_row][vc_row css_animation=&#8220;&#8220; row_type=&#8220;row&#8220; use_row_as_full_screen_section=&#8220;no&#8220; type=&#8220;full_width&#8220; angled_section=&#8220;no&#8220; text_align=&#8220;left&#8220; background_image_as_pattern=&#8220;without_pattern&#8220;][vc_column][vc_empty_space height=&#8220;50px&#8220;][\/vc_column][\/vc_row]<\/p>\n<\/div>","protected":false},"excerpt":{"rendered":"<p>[vc_row css_animation=&#8220;&#8220; row_type=&#8220;row&#8220; use_row_as_full_screen_section=&#8220;no&#8220; type=&#8220;full_width&#8220; angled_section=&#8220;no&#8220; text_align=&#8220;left&#8220; background_image_as_pattern=&#8220;without_pattern&#8220; padding_top=&#8220;87&#8243; padding_bottom=&#8220;34&#8243;][vc_column][vc_column_text] WILLKOMMEN BEI HEKU [\/vc_column_text][\/vc_column][\/vc_row][vc_row css_animation=&#8220;&#8220; row_type=&#8220;row&#8220; use_row_as_full_screen_section=&#8220;no&#8220; type=&#8220;full_width&#8220; angled_section=&#8220;no&#8220; text_align=&#8220;left&#8220; background_image_as_pattern=&#8220;without_pattern&#8220; css=&#8220;.vc_custom_1436863982501{padding-top: 0px !important;padding-bottom: 100px !important;}&#8220;][vc_column width=&#8220;1\/6&#8243;][vc_column_text] [\/vc_column_text][\/vc_column][vc_column width=&#8220;2\/3&#8243; el_class=&#8220;addtoany_share_save_container&#8220;][vc_column_text css=&#8220;.vc_custom_1457531067140{padding-bottom: 30px !important;}&#8220;] Die HEKU GmbH ist ein Marketing- und Vertriebsunternehmen mit Schwerpunkten im Bereich&#8230;<\/p>\n","protected":false},"author":1,"featured_media":0,"parent":0,"menu_order":0,"comment_status":"open","ping_status":"open","template":"full_width.php","meta":{"footnotes":""},"class_list":["post-17770","page","type-page","status-publish","hentry"],"_links":{"self":[{"href":"https:\/\/www.heku-produkte.de\/index.php\/wp-json\/wp\/v2\/pages\/17770","targetHints":{"allow":["GET"]}}],"collection":[{"href":"https:\/\/www.heku-produkte.de\/index.php\/wp-json\/wp\/v2\/pages"}],"about":[{"href":"https:\/\/www.heku-produkte.de\/index.php\/wp-json\/wp\/v2\/types\/page"}],"author":[{"embeddable":true,"href":"https:\/\/www.heku-produkte.de\/index.php\/wp-json\/wp\/v2\/users\/1"}],"replies":[{"embeddable":true,"href":"https:\/\/www.heku-produkte.de\/index.php\/wp-json\/wp\/v2\/comments?post=17770"}],"version-history":[{"count":2,"href":"https:\/\/www.heku-produkte.de\/index.php\/wp-json\/wp\/v2\/pages\/17770\/revisions"}],"predecessor-version":[{"id":20232,"href":"https:\/\/www.heku-produkte.de\/index.php\/wp-json\/wp\/v2\/pages\/17770\/revisions\/20232"}],"wp:attachment":[{"href":"https:\/\/www.heku-produkte.de\/index.php\/wp-json\/wp\/v2\/media?parent=17770"}],"curies":[{"name":"wp","href":"https:\/\/api.w.org\/{rel}","templated":true}]}}