{"id":19058,"date":"2020-01-29T17:14:59","date_gmt":"2020-01-29T16:14:59","guid":{"rendered":"https:\/\/www.heku-produkte.de\/?page_id=19058"},"modified":"2024-04-16T09:45:39","modified_gmt":"2024-04-16T07:45:39","slug":"katalogbestellung","status":"publish","type":"page","link":"https:\/\/www.heku-produkte.de\/index.php\/katalogbestellung\/","title":{"rendered":"Katalogbestellung"},"content":{"rendered":"<div class=\"wpb-content-wrapper\"><p>[vc_row css_animation=&#8220;&#8220; row_type=&#8220;row&#8220; use_row_as_full_screen_section=&#8220;no&#8220; type=&#8220;full_width&#8220; angled_section=&#8220;no&#8220; text_align=&#8220;left&#8220; background_image_as_pattern=&#8220;without_pattern&#8220;][vc_column][\/vc_column][\/vc_row][vc_row css_animation=&#8220;&#8220; row_type=&#8220;row&#8220; use_row_as_full_screen_section=&#8220;no&#8220; type=&#8220;full_width&#8220; angled_section=&#8220;no&#8220; text_align=&#8220;left&#8220; background_image_as_pattern=&#8220;without_pattern&#8220; css=&#8220;.vc_custom_1580372735320{padding-top: 75px !important;padding-bottom: 0px !important;}&#8220;][vc_column width=&#8220;1\/6&#8243;][vc_column_text]<br \/>\n[\/vc_column_text][\/vc_column][vc_column width=&#8220;2\/3&#8243; css=&#8220;.vc_custom_1439545614481{padding-top: 20px !important;}&#8220;][vc_column_text css=&#8220;.vc_custom_1580372647098{padding-top: 20px !important;}&#8220;]<\/p>\n<h2 style=\"text-align: center;\">Katalogbestellung<\/h2>\n<p>[\/vc_column_text][\/vc_column][vc_column width=&#8220;1\/6&#8243;][vc_column_text]<br \/>\n[\/vc_column_text][\/vc_column][\/vc_row][vc_row css_animation=&#8220;&#8220; row_type=&#8220;row&#8220; use_row_as_full_screen_section=&#8220;no&#8220; type=&#8220;full_width&#8220; angled_section=&#8220;no&#8220; text_align=&#8220;left&#8220; background_image_as_pattern=&#8220;without_pattern&#8220; css=&#8220;.vc_custom_1580372715040{padding-top: px !important;padding-bottom: px !important;}&#8220;][vc_column width=&#8220;1\/6&#8243;][vc_column_text]<br \/>\n[\/vc_column_text][\/vc_column][vc_column width=&#8220;2\/3&#8243; css=&#8220;.vc_custom_1580372704888{padding-top: 0px !important;}&#8220;][vc_column_text css=&#8220;.vc_custom_1713253535617{padding-top: 20px !important;}&#8220;]<\/p>\n<h4 style=\"text-align: left;\"><div class=\"wpforms-container wpforms-container-full\" id=\"wpforms-19057\"><form id=\"wpforms-form-19057\" class=\"wpforms-validate wpforms-form\" data-formid=\"19057\" method=\"post\" enctype=\"multipart\/form-data\" action=\"\/index.php\/wp-json\/wp\/v2\/pages\/19058\" data-token=\"9086c3979283555fc4355f7dea133dff\" data-token-time=\"1776225612\"><noscript class=\"wpforms-error-noscript\">Bitte aktiviere JavaScript in deinem Browser, um dieses Formular fertigzustellen.<\/noscript><div class=\"wpforms-field-container\"><div id=\"wpforms-19057-field_2-container\" class=\"wpforms-field wpforms-field-checkbox wpforms-list-3-columns\" data-field-id=\"2\"><label class=\"wpforms-field-label wpforms-label-hide\">Kataloge<\/label><ul id=\"wpforms-19057-field_2\" class=\"wpforms-image-choices wpforms-image-choices-modern\"><li class=\"choice-1 depth-1 wpforms-image-choices-item\"><label class=\"wpforms-field-label-inline\" for=\"wpforms-19057-field_2_1\" tabindex=\"0\"><span class=\"wpforms-image-choices-image\"><img decoding=\"async\" src=\"https:\/\/www.heku-produkte.de\/wp-content\/uploads\/2025\/12\/HEKU_PK_2026_Cover.jpg\" alt=\"Produktkatalog\" title=\"Produktkatalog\"><\/span><input type=\"checkbox\" id=\"wpforms-19057-field_2_1\" class=\"wpforms-screen-reader-element\" name=\"wpforms[fields][2][]\" value=\"Produktkatalog\" tabindex=\"-1\"  ><span class=\"wpforms-image-choices-label\">Produktkatalog<\/span><\/label><\/li><li class=\"choice-6 depth-1 wpforms-image-choices-item\"><label class=\"wpforms-field-label-inline\" for=\"wpforms-19057-field_2_6\" tabindex=\"0\"><span class=\"wpforms-image-choices-image\"><img decoding=\"async\" src=\"https:\/\/www.heku-produkte.de\/wp-content\/uploads\/2025\/11\/Thumb_Fruehjahr_Sommer_2026.jpg\" alt=\"Fr\u00fchjahr\/Sommer\" title=\"Fr\u00fchjahr\/Sommer\"><\/span><input type=\"checkbox\" id=\"wpforms-19057-field_2_6\" class=\"wpforms-screen-reader-element\" name=\"wpforms[fields][2][]\" value=\"Fr\u00fchjahr\/Sommer\" tabindex=\"-1\"  ><span class=\"wpforms-image-choices-label\">Fr\u00fchjahr\/Sommer<\/span><\/label><\/li><li class=\"choice-19 depth-1 wpforms-image-choices-item\"><label class=\"wpforms-field-label-inline\" for=\"wpforms-19057-field_2_19\" tabindex=\"0\"><span class=\"wpforms-image-choices-image\"><img decoding=\"async\" src=\"https:\/\/www.heku-produkte.de\/wp-content\/uploads\/2025\/11\/Thumb_Fussballparty_2026.jpg\" alt=\"Fu\u00dfballparty\" title=\"Fu\u00dfballparty\"><\/span><input type=\"checkbox\" id=\"wpforms-19057-field_2_19\" class=\"wpforms-screen-reader-element\" name=\"wpforms[fields][2][]\" value=\"Fu\u00dfballparty\" tabindex=\"-1\"  ><span class=\"wpforms-image-choices-label\">Fu\u00dfballparty<\/span><\/label><\/li><li class=\"choice-15 depth-1 wpforms-image-choices-item\"><label class=\"wpforms-field-label-inline\" for=\"wpforms-19057-field_2_15\" tabindex=\"0\"><span class=\"wpforms-image-choices-image\"><img decoding=\"async\" src=\"https:\/\/www.heku-produkte.de\/wp-content\/uploads\/2025\/05\/Thumb_Herbst_Winter_2025.jpg\" alt=\"Herbst\/Winter\" title=\"Herbst\/Winter\"><\/span><input type=\"checkbox\" id=\"wpforms-19057-field_2_15\" class=\"wpforms-screen-reader-element\" name=\"wpforms[fields][2][]\" value=\"Herbst\/Winter\" tabindex=\"-1\"  ><span class=\"wpforms-image-choices-label\">Herbst\/Winter<\/span><\/label><\/li><li class=\"choice-8 depth-1 wpforms-image-choices-item\"><label class=\"wpforms-field-label-inline\" for=\"wpforms-19057-field_2_8\" tabindex=\"0\"><span class=\"wpforms-image-choices-image\"><img decoding=\"async\" src=\"https:\/\/www.heku-produkte.de\/wp-content\/uploads\/2026\/01\/Thumb_Sopo_1_2026.jpg\" alt=\"Sonderposten\" title=\"Sonderposten\"><\/span><input type=\"checkbox\" id=\"wpforms-19057-field_2_8\" class=\"wpforms-screen-reader-element\" name=\"wpforms[fields][2][]\" value=\"Sonderposten\" tabindex=\"-1\"  ><span class=\"wpforms-image-choices-label\">Sonderposten<\/span><\/label><\/li><li class=\"choice-16 depth-1 wpforms-image-choices-item\"><label class=\"wpforms-field-label-inline\" for=\"wpforms-19057-field_2_16\" tabindex=\"0\"><span class=\"wpforms-image-choices-image\"><img decoding=\"async\" src=\"https:\/\/www.heku-produkte.de\/wp-content\/uploads\/2025\/05\/Thumb_WH-Sopo_2_2025.jpg\" alt=\"Weihnachts-Sonderposten\" title=\"Weihnachts-Sonderposten\"><\/span><input type=\"checkbox\" id=\"wpforms-19057-field_2_16\" class=\"wpforms-screen-reader-element\" name=\"wpforms[fields][2][]\" value=\"Weihnachts-Sonderposten\" tabindex=\"-1\"  ><span class=\"wpforms-image-choices-label\">Weihnachts-Sonderposten<\/span><\/label><\/li><\/ul><div class=\"wpforms-field-description\">Bitte w\u00e4hlen Sie die gew\u00fcnschten Kataloge aus. Wir werden Ihnen diese dann schnellstm\u00f6glich in Papierform zusenden. Der Katalogversand ist lediglich Firmenkunden im Gro\u00df- und Einzelhandel vorbehalten.<\/div><\/div><div id=\"wpforms-19057-field_7-container\" class=\"wpforms-field wpforms-field-text\" data-field-id=\"7\"><label class=\"wpforms-field-label\" for=\"wpforms-19057-field_7\">Firma <span class=\"wpforms-required-label\">*<\/span><\/label><input type=\"text\" id=\"wpforms-19057-field_7\" class=\"wpforms-field-medium wpforms-field-required\" name=\"wpforms[fields][7]\" required><\/div><div id=\"wpforms-19057-field_5-container\" class=\"wpforms-field wpforms-field-text\" data-field-id=\"5\"><label class=\"wpforms-field-label\" for=\"wpforms-19057-field_5\">Stra\u00dfe &amp; Hausnummer <span class=\"wpforms-required-label\">*<\/span><\/label><input type=\"text\" id=\"wpforms-19057-field_5\" class=\"wpforms-field-medium wpforms-field-required\" name=\"wpforms[fields][5]\" required><\/div><div id=\"wpforms-19057-field_6-container\" class=\"wpforms-field wpforms-field-text\" data-field-id=\"6\"><label class=\"wpforms-field-label\" for=\"wpforms-19057-field_6\">PLZ <span class=\"wpforms-required-label\">*<\/span><\/label><input type=\"text\" id=\"wpforms-19057-field_6\" class=\"wpforms-field-small wpforms-field-required wpforms-masked-input\" data-rule-inputmask-incomplete=\"1\" data-inputmask-mask=\"9999[9]\" name=\"wpforms[fields][6]\" required><\/div><div id=\"wpforms-19057-field_15-container\" class=\"wpforms-field wpforms-field-text\" data-field-id=\"15\"><label class=\"wpforms-field-label\" for=\"wpforms-19057-field_15\">Ort <span class=\"wpforms-required-label\">*<\/span><\/label><input type=\"text\" id=\"wpforms-19057-field_15\" class=\"wpforms-field-small wpforms-field-required\" name=\"wpforms[fields][15]\" required><\/div><div id=\"wpforms-19057-field_14-container\" class=\"wpforms-field wpforms-field-text\" data-field-id=\"14\"><label class=\"wpforms-field-label\" for=\"wpforms-19057-field_14\">Land <span class=\"wpforms-required-label\">*<\/span><\/label><input type=\"text\" id=\"wpforms-19057-field_14\" class=\"wpforms-field-small wpforms-field-required\" name=\"wpforms[fields][14]\" required><\/div><div id=\"wpforms-19057-field_3-container\" class=\"wpforms-field wpforms-field-name\" data-field-id=\"3\"><label class=\"wpforms-field-label\">Name <span class=\"wpforms-required-label\">*<\/span><\/label><div class=\"wpforms-field-row wpforms-field-medium\"><div class=\"wpforms-field-row-block wpforms-first wpforms-one-half\"><input type=\"text\" id=\"wpforms-19057-field_3\" class=\"wpforms-field-name-first wpforms-field-required\" name=\"wpforms[fields][3][first]\" required><label for=\"wpforms-19057-field_3\" class=\"wpforms-field-sublabel after\">Vorname<\/label><\/div><div class=\"wpforms-field-row-block wpforms-one-half\"><input type=\"text\" id=\"wpforms-19057-field_3-last\" class=\"wpforms-field-name-last wpforms-field-required\" name=\"wpforms[fields][3][last]\" required><label for=\"wpforms-19057-field_3-last\" class=\"wpforms-field-sublabel after\">Nachname<\/label><\/div><\/div><\/div><div id=\"wpforms-19057-field_10-container\" class=\"wpforms-field wpforms-field-email\" data-field-id=\"10\"><label class=\"wpforms-field-label\" for=\"wpforms-19057-field_10\">E-Mail <span class=\"wpforms-required-label\">*<\/span><\/label><input type=\"email\" id=\"wpforms-19057-field_10\" class=\"wpforms-field-medium wpforms-field-required\" name=\"wpforms[fields][10]\" spellcheck=\"false\" required><\/div><div id=\"wpforms-19057-field_13-container\" class=\"wpforms-field wpforms-field-text\" data-field-id=\"13\"><label class=\"wpforms-field-label\" for=\"wpforms-19057-field_13\">Telefon<\/label><input type=\"text\" id=\"wpforms-19057-field_13\" class=\"wpforms-field-medium\" name=\"wpforms[fields][13]\" ><\/div><div id=\"wpforms-19057-field_12-container\" class=\"wpforms-field wpforms-field-textarea\" data-field-id=\"12\"><label class=\"wpforms-field-label\" for=\"wpforms-19057-field_12\">Kommentar<\/label><textarea id=\"wpforms-19057-field_12\" class=\"wpforms-field-medium\" name=\"wpforms[fields][12]\" ><\/textarea><\/div><div id=\"wpforms-19057-field_17-container\" class=\"wpforms-field wpforms-field-gdpr-checkbox\" data-field-id=\"17\"><label class=\"wpforms-field-label\">Datenschutzerkl\u00e4rung <span class=\"wpforms-required-label\">*<\/span><\/label><ul id=\"wpforms-19057-field_17\" class=\"wpforms-field-required\"><li class=\"choice-1\"><input type=\"checkbox\" id=\"wpforms-19057-field_17_1\" name=\"wpforms[fields][17][]\" value=\"Ja, ich stimme der &lt;a href=&quot;https:\/\/www.heku-produkte.de\/index.php\/datenschutz\/&quot;&gt;Datenschutzerkl\u00e4rung&lt;\/a&gt; zu.\" required ><label class=\"wpforms-field-label-inline\" for=\"wpforms-19057-field_17_1\">Ja, ich stimme der <a href=\"https:\/\/www.heku-produkte.de\/index.php\/datenschutz\/\">Datenschutzerkl\u00e4rung<\/a> zu.<\/label><\/li><\/ul><\/div><\/div><!-- .wpforms-field-container --><div class=\"wpforms-field wpforms-field-hp\"><label for=\"wpforms-19057-field-hp\" class=\"wpforms-field-label\">Message<\/label><input type=\"text\" name=\"wpforms[hp]\" id=\"wpforms-19057-field-hp\" class=\"wpforms-field-medium\"><\/div><div class=\"wpforms-submit-container\" ><input type=\"hidden\" name=\"wpforms[id]\" value=\"19057\"><input type=\"hidden\" name=\"page_title\" value=\"\"><input type=\"hidden\" name=\"page_url\" value=\"https:\/\/www.heku-produkte.de\/index.php\/wp-json\/wp\/v2\/pages\/19058\"><input type=\"hidden\" name=\"url_referer\" value=\"\"><button type=\"submit\" name=\"wpforms[submit]\" id=\"wpforms-submit-19057\" class=\"wpforms-submit\" data-alt-text=\"Senden...\" data-submit-text=\"Kostenfrei bestellen\" aria-live=\"assertive\" value=\"wpforms-submit\">Kostenfrei bestellen<\/button><\/div><\/form><\/div>  <!-- .wpforms-container --><\/h4>\n<p>[\/vc_column_text][\/vc_column][vc_column width=&#8220;1\/6&#8243;][vc_column_text]<br \/>\n[\/vc_column_text][\/vc_column][\/vc_row][vc_row css_animation=&#8220;&#8220; row_type=&#8220;row&#8220; use_row_as_full_screen_section=&#8220;no&#8220; type=&#8220;full_width&#8220; angled_section=&#8220;no&#8220; text_align=&#8220;left&#8220; background_image_as_pattern=&#8220;without_pattern&#8220;][vc_column][vc_empty_space height=&#8220;70px&#8220;][\/vc_column][\/vc_row]<\/p>\n<\/div>","protected":false},"excerpt":{"rendered":"<p>[vc_row css_animation=&#8220;&#8220; row_type=&#8220;row&#8220; use_row_as_full_screen_section=&#8220;no&#8220; type=&#8220;full_width&#8220; angled_section=&#8220;no&#8220; text_align=&#8220;left&#8220; background_image_as_pattern=&#8220;without_pattern&#8220;][vc_column][\/vc_column][\/vc_row][vc_row css_animation=&#8220;&#8220; row_type=&#8220;row&#8220; use_row_as_full_screen_section=&#8220;no&#8220; type=&#8220;full_width&#8220; angled_section=&#8220;no&#8220; text_align=&#8220;left&#8220; background_image_as_pattern=&#8220;without_pattern&#8220; css=&#8220;.vc_custom_1580372735320{padding-top: 75px !important;padding-bottom: 0px !important;}&#8220;][vc_column width=&#8220;1\/6&#8243;][vc_column_text] [\/vc_column_text][\/vc_column][vc_column width=&#8220;2\/3&#8243; css=&#8220;.vc_custom_1439545614481{padding-top: 20px !important;}&#8220;][vc_column_text css=&#8220;.vc_custom_1580372647098{padding-top: 20px !important;}&#8220;] Katalogbestellung [\/vc_column_text][\/vc_column][vc_column width=&#8220;1\/6&#8243;][vc_column_text] [\/vc_column_text][\/vc_column][\/vc_row][vc_row css_animation=&#8220;&#8220; row_type=&#8220;row&#8220; use_row_as_full_screen_section=&#8220;no&#8220; type=&#8220;full_width&#8220; angled_section=&#8220;no&#8220; text_align=&#8220;left&#8220; background_image_as_pattern=&#8220;without_pattern&#8220; css=&#8220;.vc_custom_1580372715040{padding-top: px !important;padding-bottom: px !important;}&#8220;][vc_column&#8230;<\/p>\n","protected":false},"author":1,"featured_media":0,"parent":0,"menu_order":0,"comment_status":"open","ping_status":"open","template":"full_width.php","meta":{"footnotes":""},"class_list":["post-19058","page","type-page","status-publish","hentry"],"_links":{"self":[{"href":"https:\/\/www.heku-produkte.de\/index.php\/wp-json\/wp\/v2\/pages\/19058","targetHints":{"allow":["GET"]}}],"collection":[{"href":"https:\/\/www.heku-produkte.de\/index.php\/wp-json\/wp\/v2\/pages"}],"about":[{"href":"https:\/\/www.heku-produkte.de\/index.php\/wp-json\/wp\/v2\/types\/page"}],"author":[{"embeddable":true,"href":"https:\/\/www.heku-produkte.de\/index.php\/wp-json\/wp\/v2\/users\/1"}],"replies":[{"embeddable":true,"href":"https:\/\/www.heku-produkte.de\/index.php\/wp-json\/wp\/v2\/comments?post=19058"}],"version-history":[{"count":13,"href":"https:\/\/www.heku-produkte.de\/index.php\/wp-json\/wp\/v2\/pages\/19058\/revisions"}],"predecessor-version":[{"id":20837,"href":"https:\/\/www.heku-produkte.de\/index.php\/wp-json\/wp\/v2\/pages\/19058\/revisions\/20837"}],"wp:attachment":[{"href":"https:\/\/www.heku-produkte.de\/index.php\/wp-json\/wp\/v2\/media?parent=19058"}],"curies":[{"name":"wp","href":"https:\/\/api.w.org\/{rel}","templated":true}]}}