{"id":19153,"date":"2020-02-05T16:49:14","date_gmt":"2020-02-05T15:49:14","guid":{"rendered":"https:\/\/www.heku-produkte.de\/?page_id=19153"},"modified":"2021-01-25T09:57:55","modified_gmt":"2021-01-25T08:57:55","slug":"nachhaltigkeit","status":"publish","type":"page","link":"https:\/\/www.heku-produkte.de\/index.php\/nachhaltigkeit\/","title":{"rendered":"Nachhaltigkeit"},"content":{"rendered":"<div class=\"wpb-content-wrapper\"><p>[vc_row][vc_column][vc_single_image image=&#8220;19208&#8243; img_size=&#8220;full&#8220; alignment=&#8220;center&#8220; css=&#8220;.vc_custom_1580916825762{padding-bottom: 50px !important;}&#8220;][\/vc_column][\/vc_row][vc_row][vc_column width=&#8220;1\/4&#8243;][vc_column_text]<br \/>\n[\/vc_column_text][\/vc_column][vc_column width=&#8220;1\/2&#8243;][vc_column_text]<\/p>\n<h1 style=\"text-align: center;\">NACHHALTIGKEIT<\/h1>\n<p>[\/vc_column_text][\/vc_column][vc_column width=&#8220;1\/4&#8243;][vc_column_text]<br \/>\n[\/vc_column_text][\/vc_column][\/vc_row][vc_row][vc_column][vc_empty_space height=&#8220;100px&#8220;][\/vc_column][\/vc_row][vc_row type=&#8220;grid&#8220;][vc_column width=&#8220;2\/5&#8243;][vc_single_image image=&#8220;19209&#8243; img_size=&#8220;400&#215;325&#8243;][\/vc_column][vc_column width=&#8220;3\/5&#8243;][vc_column_text]<strong>Das Thema Nachhaltigkeit ist in aller Munde.<\/strong> W\u00e4hrend 2018\/2019 die Verschmutzung der Weltmeere durch Plastikm\u00fcll DAS Thema war und letztendlich zum EU-Beschluss gef\u00fchrt hat u.a. ausgew\u00e4hlte Plastikartikel, f\u00fcr die es sinnvolle Ersatzartikel gibt, ab 2021 komplett zu verbieten, steht heute mehr und mehr der <span class=\"LrzXr kno-fv\">CO<sub>2<\/sub><\/span>-Fu\u00dfabdruck im Fokus. Auch wir sind uns unserer Verantwortung als Unternehmen bewusst und stellen uns der Herausforderung, wirtschaftliche Gesichtspunkte mit \u00f6kologischen und sozialen Interessen zu vereinbaren.[\/vc_column_text][vc_empty_space height=&#8220;40px&#8220;][vc_column_text css=&#8220;.vc_custom_1580917905295{padding-top: 20px !important;padding-bottom: 20px !important;background-color: #afd620 !important;}&#8220;]<\/p>\n<h3 style=\"text-align: center;\"><span style=\"color: #ffffff;\">Nachhaltigkeit ist f\u00fcr uns nicht nur Option,<\/span><br \/>\n<span style=\"color: #ffffff;\">sondern ein wichtiger Unternehmenswert<\/span><\/h3>\n<p>[\/vc_column_text][\/vc_column][\/vc_row][vc_row type=&#8220;grid&#8220; css=&#8220;.vc_custom_1580899061713{padding-top: 100px !important;}&#8220;][vc_column width=&#8220;1\/2&#8243;][vc_column_text]<strong>Mittlerweile ist konkret beschlossen worden, dass in der gesamten EU ab dem 03. Juli 2021 nachfolgende Kunststoff-Einwegartikel nicht mehr in Verkehr gebracht werden d\u00fcrfen:<\/strong><\/p>\n<p>Einwegteller und \u2013bestecke, R\u00fchrst\u00e4bchen, Trinkhalme, Wattest\u00e4bchen, Luftballonst\u00e4be sowie Getr\u00e4nke- und Lebensmittelbeh\u00e4lter aus Styropor. Dieses Verbot bezieht sich explizit auf die Abgabe durch den Hersteller, so dass ein Abverkauf bereits in Verkehr gebrachter Produkte auch nach Inkrafttreten der Verordnung m\u00f6glich ist. Somit k\u00f6nnen noch vorhandene Warenbest\u00e4nde abgebaut werden und m\u00fcssen nicht vernichtet werden! In der jetzigen \u00dcbergangszeit steht unser umfassendes HEKU <span style=\"color: #afc701;\"><strong>be green<\/strong><\/span>-Sortiment weiterhin im Mittelpunkt unserer Produktentwicklung. In vielen Produktbereichen haben wir derzeit sinnvolle und m\u00f6gliche Alternativen geschaffen. Denn nicht jeder nachhaltige Artikel weist bei genauerer Betrachtung eine positive \u00d6kobilanz auf. Unterschiedliche Herkunftsl\u00e4nder mit l\u00e4ngeren Transportwegen, erh\u00f6hter Wasserverbrauch beim Anbau und der Weiterverarbeitung der nat\u00fcrlichen Rohstoffe oder energieaufwendigere Produktionen sind nur beispielhafte Faktoren, die sich negativ auf die Gesamtbilanz auswirken. Deshalb betrachten wir einen kompletten Wandel in Richtung biologisch abbaubarer Rohstoffe kritisch, zumal der aktuelle und auch wachsende Bedarf an Verpackungsl\u00f6sungen kaum durch diese gedeckt werden kann.[\/vc_column_text][\/vc_column][vc_column width=&#8220;1\/2&#8243;][vc_single_image image=&#8220;19212&#8243; img_size=&#8220;800&#215;464&#8243; onclick=&#8220;link_image&#8220;][\/vc_column][\/vc_row][vc_row type=&#8220;grid&#8220; css=&#8220;.vc_custom_1580899052841{padding-top: 100px !important;}&#8220;][vc_column width=&#8220;1\/3&#8243;][vc_single_image image=&#8220;19210&#8243; img_size=&#8220;400&#215;325&#8243;][\/vc_column][vc_column width=&#8220;2\/3&#8243;][vc_column_text]<strong>Ziel muss es eher sein, die in Deutschland bereits vorhandenen M\u00f6glichkeiten des Recyclings weiter auszubauen<\/strong> und auf andere L\u00e4nder auszuweiten, so dass Materialien wie Plastik vielf\u00e4ltig weiter verwendet und aufbereitet werden k\u00f6nnen und immer wieder Teil einer neuen Wertsch\u00f6pfungskette werden. Deshalb stehen wir zum einen f\u00fcr Bio-Alternativl\u00f6sungen, die sich tats\u00e4chlich als nachhaltig und sinnvoll erweisen und zum anderen f\u00fcr die Weiterentwicklung und Optimierung des Recyclings, da teilweise auch nachwachsende Rohstoffe eines kontrollierten und industriell durchgef\u00fchrten Recyclings bzw. einer industriellen, energieintensiven Kompostierung bed\u00fcrfen. Unter diesem Gesichtspunkt haben wir unseren \u201e<span style=\"color: #afc701;\"><strong>be green<\/strong><\/span>-Gedanken\u201c auch dahingehend modifiziert, dass nicht nur die nachwachsenden Rohstoffe entscheidendes Kriterium sind, sondern Artikel aus Recyclingmaterial ebenso dazuz\u00e4hlen. Denn Artikel, die aus 100% Recyclingmaterial gefertigt werden, wie u.a. einige unserer Abfalls\u00e4cke oder Geschenkb\u00e4nder, sind mindestens genauso nachhaltig und \u201e<span style=\"color: #afc701;\"><strong>be green<\/strong><\/span>-w\u00fcrdig\u201c.[\/vc_column_text][\/vc_column][\/vc_row][vc_row type=&#8220;grid&#8220; css=&#8220;.vc_custom_1580899044658{padding-top: 100px !important;}&#8220;][vc_column width=&#8220;2\/3&#8243;][vc_column_text]<strong>In diesem Zusammenhang sprechen wir uns auch gegen eine generelle Verteufelung des Plastiks aus.<\/strong> Plastik ist grunds\u00e4tzlich ein hervorragender Werkstoff. Es ist leicht, flexibel, formbar, hitzebest\u00e4ndig und sehr haltbar. All das sind Eigenschaften, die andere Materialen gar nicht oder oft nur mit einer schlechteren \u00d6kobilanz liefern k\u00f6nnen. Viele HEKU Produkte, wie u.a. unsere Gefrierbeutel, Frischhaltefolien und Abdeckhauben, k\u00f6nnen bereits heute mehrfach verwendet werden und erm\u00f6glichen so einen nachhaltigen Umgang mit Lebensmitteln \u2013 beugen also einem anderen sehr aktuellen Problem vor: der Lebensmittelverschwendung. Des Weiteren sind nahezu alle unsere Plastikartikel aus sogenannten Monorohstoffen hergestellt, welche im Gegensatz zu Verbundstoffen aus einem reinen Werkstoff bestehen und somit perfekt dem Recyclingkreislauf zugef\u00fchrt werden k\u00f6nnen. Und uns allen sollte auch klar sein, dass jeder von uns zuk\u00fcnftig zwingend seinen pers\u00f6nlichen Beitrag zum Umweltschutz leisten muss \u2013 denn Verpackungen landen nicht von selbst im Meer.[\/vc_column_text][\/vc_column][vc_column width=&#8220;1\/3&#8243;][vc_single_image image=&#8220;19219&#8243; img_size=&#8220;400&#215;325&#8243;][\/vc_column][\/vc_row][vc_row][vc_column][vc_empty_space height=&#8220;100px&#8220;][\/vc_column][\/vc_row][vc_row type=&#8220;grid&#8220;][vc_column][vc_column_text css=&#8220;.vc_custom_1581603119735{padding-top: 20px !important;padding-right: 20px !important;padding-bottom: 20px !important;padding-left: 20px !important;background-color: #afd620 !important;}&#8220;]<\/p>\n<h3 style=\"text-align: center;\"><span style=\"color: #ffffff;\">Plastik ist somit kein M\u00fcll, sondern ein Wertstoff, den es sinnvoll und nachhaltig zu nutzen gilt.<\/span><\/h3>\n<p>[\/vc_column_text][\/vc_column][\/vc_row][vc_row][vc_column][vc_empty_space height=&#8220;100px&#8220;][\/vc_column][\/vc_row]<\/p>\n<\/div>","protected":false},"excerpt":{"rendered":"<p>[vc_row][vc_column][vc_single_image image=&#8220;19208&#8243; img_size=&#8220;full&#8220; alignment=&#8220;center&#8220; css=&#8220;.vc_custom_1580916825762{padding-bottom: 50px !important;}&#8220;][\/vc_column][\/vc_row][vc_row][vc_column width=&#8220;1\/4&#8243;][vc_column_text] [\/vc_column_text][\/vc_column][vc_column width=&#8220;1\/2&#8243;][vc_column_text] NACHHALTIGKEIT [\/vc_column_text][\/vc_column][vc_column width=&#8220;1\/4&#8243;][vc_column_text] [\/vc_column_text][\/vc_column][\/vc_row][vc_row][vc_column][vc_empty_space height=&#8220;100px&#8220;][\/vc_column][\/vc_row][vc_row type=&#8220;grid&#8220;][vc_column width=&#8220;2\/5&#8243;][vc_single_image image=&#8220;19209&#8243; img_size=&#8220;400&#215;325&#8243;][\/vc_column][vc_column width=&#8220;3\/5&#8243;][vc_column_text]Das Thema Nachhaltigkeit ist in aller Munde. W\u00e4hrend 2018\/2019 die Verschmutzung der Weltmeere durch Plastikm\u00fcll DAS Thema war und letztendlich zum EU-Beschluss gef\u00fchrt hat u.a. ausgew\u00e4hlte&#8230;<\/p>\n","protected":false},"author":1,"featured_media":0,"parent":0,"menu_order":0,"comment_status":"open","ping_status":"open","template":"full_width.php","meta":{"footnotes":""},"class_list":["post-19153","page","type-page","status-publish","hentry"],"_links":{"self":[{"href":"https:\/\/www.heku-produkte.de\/index.php\/wp-json\/wp\/v2\/pages\/19153","targetHints":{"allow":["GET"]}}],"collection":[{"href":"https:\/\/www.heku-produkte.de\/index.php\/wp-json\/wp\/v2\/pages"}],"about":[{"href":"https:\/\/www.heku-produkte.de\/index.php\/wp-json\/wp\/v2\/types\/page"}],"author":[{"embeddable":true,"href":"https:\/\/www.heku-produkte.de\/index.php\/wp-json\/wp\/v2\/users\/1"}],"replies":[{"embeddable":true,"href":"https:\/\/www.heku-produkte.de\/index.php\/wp-json\/wp\/v2\/comments?post=19153"}],"version-history":[{"count":45,"href":"https:\/\/www.heku-produkte.de\/index.php\/wp-json\/wp\/v2\/pages\/19153\/revisions"}],"predecessor-version":[{"id":19601,"href":"https:\/\/www.heku-produkte.de\/index.php\/wp-json\/wp\/v2\/pages\/19153\/revisions\/19601"}],"wp:attachment":[{"href":"https:\/\/www.heku-produkte.de\/index.php\/wp-json\/wp\/v2\/media?parent=19153"}],"curies":[{"name":"wp","href":"https:\/\/api.w.org\/{rel}","templated":true}]}}