{"id":19373,"date":"2020-06-22T10:46:51","date_gmt":"2020-06-22T08:46:51","guid":{"rendered":"https:\/\/www.heku-produkte.de\/?page_id=19373"},"modified":"2020-06-22T12:12:04","modified_gmt":"2020-06-22T10:12:04","slug":"coffee-to-go","status":"publish","type":"page","link":"https:\/\/www.heku-produkte.de\/index.php\/coffee-to-go\/","title":{"rendered":"Coffee-to-go-Becher"},"content":{"rendered":"<div class=\"wpb-content-wrapper\"><p>[vc_row row_type=&#8220;parallax&#8220; text_align=&#8220;center&#8220; background_image=&#8220;19421&#8243; section_height=&#8220;602&#8243;][vc_column][\/vc_column][\/vc_row][vc_row css=&#8220;.vc_custom_1592819193661{padding-top: 20px !important;}&#8220;][vc_column width=&#8220;1\/4&#8243;][vc_column_text]<br \/>\n[\/vc_column_text][\/vc_column][vc_column width=&#8220;1\/2&#8243;][vc_column_text]<\/p>\n<h1 style=\"text-align: center;\">Coffee-to-go-Becher<\/h1>\n<p>[\/vc_column_text][\/vc_column][vc_column width=&#8220;1\/4&#8243;][vc_column_text]<br \/>\n[\/vc_column_text][\/vc_column][\/vc_row][vc_row][vc_column][vc_empty_space height=&#8220;20px&#8220;][\/vc_column][\/vc_row][vc_row type=&#8220;grid&#8220;][vc_column][vc_column_text]<\/p>\n<h4 style=\"text-align: center;\">Kaum ein anderes Einwegprodukt steht derzeit so sehr im Fokus einer kritischen \u00d6ffentlichkeit wie der Coffee-to-go-\/Pappbecher.<\/h4>\n<h4 style=\"text-align: center;\">Er sei nicht nachhaltig und umweltsch\u00e4dlich in der Produktion und Entsorgung, verschmutze unsere Innenst\u00e4dte durch M\u00fcllberge und seine Nutzung sei durch alternative Mehrwegsysteme mittlerweile \u00fcberfl\u00fcssig geworden. Im Folgenden beleuchten wir die einzelnen Aspekte dieser Kritik und zeigen Ihnen, warum der Pappbecher nach wie vor seine Daseinsberechtigung hat und in Sachen Praktikabilit\u00e4t und Nachhaltigkeit seine Alternativen in den Schatten stellt.<\/h4>\n<p>[\/vc_column_text][vc_empty_space height=&#8220;50px&#8220;][\/vc_column][\/vc_row][vc_row type=&#8220;grid&#8220;][vc_column css_animation=&#8220;none&#8220; width=&#8220;1\/3&#8243;][vc_single_image image=&#8220;19386&#8243; img_size=&#8220;200&#215;200&#8243; alignment=&#8220;center&#8220;][vc_column_text]<\/p>\n<h2 style=\"text-align: center;\">HOLZVERBRAUCH<\/h2>\n<p>[\/vc_column_text][vc_column_text css=&#8220;.vc_custom_1592816221575{padding-top: 20px !important;}&#8220;]<\/p>\n<p style=\"text-align: center;\">Der Bedarf an Holz f\u00fcr s\u00e4mtliche Pappbecher f\u00fcr Hei\u00dfgetr\u00e4nke f\u00fcr den deutschen Markt w\u00e4chst allein in finnischen W\u00e4ldern in weniger als f\u00fcnf Stunden nach. (1) Auch in deutschen W\u00e4ldern w\u00e4chst j\u00e4hrlich weit mehr Holz nach, als genutzt wird. (2)<\/p>\n<p>[\/vc_column_text][\/vc_column][vc_column css_animation=&#8220;none&#8220; width=&#8220;1\/3&#8243;][vc_single_image image=&#8220;19391&#8243; img_size=&#8220;200&#215;200&#8243; alignment=&#8220;center&#8220;][vc_column_text]<\/p>\n<h2 style=\"text-align: center;\">WASSERVERBRAUCH<\/h2>\n<p>[\/vc_column_text][vc_column_text css=&#8220;.vc_custom_1592816390823{padding-top: 20px !important;}&#8220;]<\/p>\n<p style=\"text-align: center;\">Zur Herstellung eines Pappbechers werden ca. 100 ml Wasser ben\u00f6tigt. Ein Mehrwegbecher l\u00e4sst sich mit dieser Wassermenge weder herstellen noch sp\u00fclen. (1)<\/p>\n<p>[\/vc_column_text][\/vc_column][vc_column css_animation=&#8220;none&#8220; width=&#8220;1\/3&#8243;][vc_single_image image=&#8220;19385&#8243; img_size=&#8220;200&#215;200&#8243; alignment=&#8220;center&#8220;][vc_column_text]<\/p>\n<h2 style=\"text-align: center;\">CO2-SPEICHER<\/h2>\n<p>[\/vc_column_text][vc_column_text css=&#8220;.vc_custom_1592816432637{padding-top: 20px !important;}&#8220;]<\/p>\n<p style=\"text-align: center;\">Pappbecher dienen als tempor\u00e4re CO2-Speicher. Das Molek\u00fcl ist in den Papierfasern der Becher gebunden und wird beim Verbrennen in der M\u00fcllverbrennungsanlage wieder frei.<br \/>\nInsgesamt geschieht dies jedoch Klimaneutral, da dieses CO2 bereits vorher vorhanden war. Zudem weisen Pappbecher einen sehr guten Brennwert auf, womit umweltsch\u00e4dlichere Brennstoffe eingespart werden k\u00f6nnen. Auch dies wirkt sich CO2-mindernd aus. (3)<\/p>\n<p>[\/vc_column_text][\/vc_column][\/vc_row][vc_row][vc_column][vc_empty_space height=&#8220;50px&#8220;][\/vc_column][\/vc_row][vc_row type=&#8220;grid&#8220;][vc_column css_animation=&#8220;none&#8220; width=&#8220;1\/2&#8243;][vc_single_image image=&#8220;19388&#8243; img_size=&#8220;200&#215;200&#8243; alignment=&#8220;center&#8220;][vc_column_text]<\/p>\n<h2 style=\"text-align: center;\">LITTERING<\/h2>\n<p>[\/vc_column_text][vc_column_text css=&#8220;.vc_custom_1592816607678{padding-top: 20px !important;}&#8220;]<\/p>\n<p style=\"text-align: center;\">Der Anteil von Pappbechern am gesamten j\u00e4hrlichen Siedlungsabfallaufkommen in Deutschland betr\u00e4gt gerade einmal 0,03 %. Davon werden ca. 40 % im \u00f6ffentlichen Raum entsorgt, der Rest f\u00e4llt in<br \/>\ngeschlossenen Bereichen wie Krankenh\u00e4usern oder Kantinen an und wird dort \u00fcber das duale System entsorgt. (4) Klar ist, dass wir alle unseren Beitrag zur Sauberhaltung des \u00f6ffentlichen Raums und der korrekten Entsorgung unserer Abf\u00e4lle leisten m\u00fcssen.<\/p>\n<p>[\/vc_column_text][\/vc_column][vc_column css_animation=&#8220;none&#8220; width=&#8220;1\/2&#8243;][vc_single_image image=&#8220;19384&#8243; img_size=&#8220;200&#215;200&#8243; alignment=&#8220;center&#8220;][vc_column_text]<\/p>\n<h2 style=\"text-align: center;\">MEHRWEGBECHER ALS ALTERNATIVE?<\/h2>\n<p>[\/vc_column_text][vc_column_text css=&#8220;.vc_custom_1592816768918{padding-top: 20px !important;}&#8220;]<\/p>\n<p style=\"text-align: center;\">Mehrwegbecher ben\u00f6tigen ca. 50 Uml\u00e4ufe im deutschen Strommix (oder 10 Uml\u00e4ufe bei 100% \u00d6kostrom), um sich einen \u00f6kologischen Vorteil gegen\u00fcber Einwegbechern zu verschaffen. Auch der Wasserverbrauch beim Sp\u00fclen dieser Becher ist h\u00f6her als die Wassermenge die f\u00fcr die Herstellung eines Pappbechers ben\u00f6tigt wird. Geradezu absurd wird die Benutzung solcher Becher, wenn diese, wie vielerorts \u00fcblich, mit Plastik-Einwegdeckeln kombiniert werden. Dar\u00fcber hinaus setzen Mehrwegbecher aus Bambus besonders bei leicht sauren und hei\u00dfen Getr\u00e4nken wie Kaffee teils bedenkliche Mengen der gesundheitssch\u00e4dlichen Stoffe Melamin und Formaldehyd frei. (1, 3, 5)<\/p>\n<p>[\/vc_column_text][\/vc_column][\/vc_row][vc_row][vc_column][vc_empty_space height=&#8220;100px&#8220;][\/vc_column][\/vc_row][vc_row row_type=&#8220;parallax&#8220; text_align=&#8220;center&#8220; background_image=&#8220;19415&#8243; section_height=&#8220;500&#8243; css=&#8220;.vc_custom_1592818687299{background-image: url(https:\/\/www.heku-produkte.de\/wp-content\/uploads\/2020\/06\/Coffee_to_go.jpeg?id=19415) !important;}&#8220;][vc_column][\/vc_column][\/vc_row][vc_row css=&#8220;.vc_custom_1592820013676{padding-top: 50px !important;padding-bottom: 20px !important;}&#8220;][vc_column width=&#8220;1\/4&#8243;][vc_column_text]<br \/>\n[\/vc_column_text][\/vc_column][vc_column width=&#8220;1\/2&#8243;][vc_column_text]<\/p>\n<h1 style=\"text-align: center;\">Dar\u00fcber hinaus sind Coffee-to-go- und andere Einwegbecher&#8230;<\/h1>\n<p>[\/vc_column_text][\/vc_column][vc_column width=&#8220;1\/4&#8243;][vc_column_text]<br \/>\n[\/vc_column_text][\/vc_column][\/vc_row][vc_row type=&#8220;grid&#8220;][vc_column css_animation=&#8220;none&#8220; width=&#8220;1\/2&#8243;][vc_single_image image=&#8220;19387&#8243; img_size=&#8220;200&#215;200&#8243; alignment=&#8220;center&#8220;][vc_column_text]<\/p>\n<h2 style=\"text-align: center;\">&#8230;HYGIENISCH<\/h2>\n<p>[\/vc_column_text][vc_column_text css=&#8220;.vc_custom_1592817438922{padding-top: 20px !important;}&#8220;]<\/p>\n<p style=\"text-align: center;\">Pappbecher sind stets sicher und hygienisch verpackt und wurden vorher garantiert noch niemals benutzt. Beim Sp\u00fclen von Mehrwegbechern und -gl\u00e4sern werden durch Sp\u00fclwasser und -lappen oft unz\u00e4hlige Hefe- und Schimmelpilze und Keime verteilt, darunter E-Coli-Bakterien, Salmonellen und Campylobacter. Durch die Verwendung von Einweggeschirr wie Coffee-to-go-Bechern wird somit das Risiko von Krankheits\u00fcbertragungen vermindert.<\/p>\n<p>[\/vc_column_text][\/vc_column][vc_column css_animation=&#8220;none&#8220; width=&#8220;1\/2&#8243;][vc_single_image image=&#8220;19389&#8243; img_size=&#8220;200&#215;200&#8243; alignment=&#8220;center&#8220;][vc_column_text]<\/p>\n<h2 style=\"text-align: center;\">&#8230;MOBIL<\/h2>\n<p>[\/vc_column_text][vc_column_text css=&#8220;.vc_custom_1592817459948{padding-top: 20px !important;}&#8220;]<\/p>\n<p style=\"text-align: center;\">Unterwegs einen Kaffee oder Tee trinken? Mit Einwegbechern kein Problem. Der Trend zum Kaffee f\u00fcr Unterwegs und eine immer weiter wachsende \u201eto go\u201c-Kultur verlangen nach flexiblen Servier- und Verpackungsl\u00f6sungen. Einwegbecher k\u00f6nnen von der Ausgabestelle aus praktisch \u00fcberall hin mitgenommen und nach der Verwendung unkompliziert entsorgt werden.<\/p>\n<p>[\/vc_column_text][\/vc_column][\/vc_row][vc_row][vc_column][vc_empty_space height=&#8220;50px&#8220;][\/vc_column][\/vc_row][vc_row type=&#8220;grid&#8220;][vc_column css_animation=&#8220;none&#8220; width=&#8220;1\/2&#8243;][vc_single_image image=&#8220;19390&#8243; img_size=&#8220;200&#215;200&#8243; alignment=&#8220;center&#8220;][vc_column_text]<\/p>\n<h2 style=\"text-align: center;\">&#8230;SICHER<\/h2>\n<p>[\/vc_column_text][vc_column_text css=&#8220;.vc_custom_1592817545789{padding-top: 20px !important;}&#8220;]<\/p>\n<p style=\"text-align: center;\">Coffee-to-go-Becher eignen sich nicht als Wurfgeschosse und sind unzerbrechlich. Ein zu Boden fallender Pappbecher zerspringt nicht in unz\u00e4hlige Scherben und l\u00e4sst sich somit leicht und sicher wieder aufheben und entsorgen.<\/p>\n<p>[\/vc_column_text][\/vc_column][vc_column css_animation=&#8220;none&#8220; width=&#8220;1\/2&#8243;][vc_single_image image=&#8220;19392&#8243; img_size=&#8220;200&#215;200&#8243; alignment=&#8220;center&#8220;][vc_column_text]<\/p>\n<h2 style=\"text-align: center;\">&#8230;WIRTSCHAFTLICH<\/h2>\n<p>[\/vc_column_text][vc_column_text css=&#8220;.vc_custom_1592817573988{padding-top: 20px !important;}&#8220;]<\/p>\n<p style=\"text-align: center;\">Da sie nicht gesp\u00fclt werden m\u00fcssen, sparen Coffee-to-go-Becher den ausgebenden Betrieben Zeit und somit Geld. Ein finanzieller Vorteil der auch dem Kunden durch geringere Preise zugute kommen kann.<\/p>\n<p>[\/vc_column_text][\/vc_column][\/vc_row][vc_row][vc_column][vc_empty_space height=&#8220;50px&#8220;][\/vc_column][\/vc_row][vc_row row_type=&#8220;parallax&#8220; background_image=&#8220;19426&#8243; section_height=&#8220;600&#8243;][vc_column][\/vc_column][\/vc_row][vc_row type=&#8220;grid&#8220; css=&#8220;.vc_custom_1592819907620{padding-top: 20px !important;padding-bottom: 20px !important;}&#8220;][vc_column][vc_column_text css=&#8220;.vc_custom_1592816758348{padding-top: 20px !important;padding-right: 20px !important;padding-bottom: 20px !important;padding-left: 20px !important;}&#8220;]<\/p>\n<h3 style=\"text-align: left;\"><span style=\"color: #000000;\">Quellen:<\/span><\/h3>\n<p>&nbsp;<\/p>\n<ol>\n<li>\n<h6>\u00a0https:\/\/www.pro-s-pack.de\/resources\/PRO-S-PACK-Factsheet-Papierbecher-CTG-Quelle-GVM-UBA.pdf<\/h6>\n<\/li>\n<li>\n<h6>\u00a0https:\/\/www.bundeswaldinventur.de\/dritte-bundeswaldinventur-2012\/rohstoffquelle-wald-holzvorrat-auf-rekordniveau\/zuwachs-groesser-als-nutzung\/<\/h6>\n<\/li>\n<li>\n<h6>https:\/\/www.nzz.ch\/wirtschaft\/die-verklaerung-des-mehrwegbechers-ist-falsch-ld.1483728<\/h6>\n<\/li>\n<li>\n<h6>https:\/\/www.pro-s-pack.de\/resources\/Gemeinsame-Stellungnahme-BdS_bdv_Pro-S-Pack-zur-UBA-Studie-Einwegbecher.pdf<\/h6>\n<\/li>\n<li>\n<h6>https:\/\/www.test.de\/Bambusbecher-im-Test-Die-meisten-setzen-hohe-Mengen-an-Schadstoffen-frei-5496265-0\/<\/h6>\n<\/li>\n<\/ol>\n<p>[\/vc_column_text][\/vc_column][\/vc_row]<\/p>\n<\/div>","protected":false},"excerpt":{"rendered":"<p>[vc_row row_type=&#8220;parallax&#8220; text_align=&#8220;center&#8220; background_image=&#8220;19421&#8243; section_height=&#8220;602&#8243;][vc_column][\/vc_column][\/vc_row][vc_row css=&#8220;.vc_custom_1592819193661{padding-top: 20px !important;}&#8220;][vc_column width=&#8220;1\/4&#8243;][vc_column_text] [\/vc_column_text][\/vc_column][vc_column width=&#8220;1\/2&#8243;][vc_column_text] Coffee-to-go-Becher [\/vc_column_text][\/vc_column][vc_column width=&#8220;1\/4&#8243;][vc_column_text] [\/vc_column_text][\/vc_column][\/vc_row][vc_row][vc_column][vc_empty_space height=&#8220;20px&#8220;][\/vc_column][\/vc_row][vc_row type=&#8220;grid&#8220;][vc_column][vc_column_text] Kaum ein anderes Einwegprodukt steht derzeit so sehr im Fokus einer kritischen \u00d6ffentlichkeit wie der Coffee-to-go-\/Pappbecher. Er sei nicht nachhaltig und umweltsch\u00e4dlich in der Produktion und Entsorgung, verschmutze&#8230;<\/p>\n","protected":false},"author":1,"featured_media":0,"parent":0,"menu_order":0,"comment_status":"open","ping_status":"open","template":"full_width.php","meta":{"footnotes":""},"class_list":["post-19373","page","type-page","status-publish","hentry"],"_links":{"self":[{"href":"https:\/\/www.heku-produkte.de\/index.php\/wp-json\/wp\/v2\/pages\/19373","targetHints":{"allow":["GET"]}}],"collection":[{"href":"https:\/\/www.heku-produkte.de\/index.php\/wp-json\/wp\/v2\/pages"}],"about":[{"href":"https:\/\/www.heku-produkte.de\/index.php\/wp-json\/wp\/v2\/types\/page"}],"author":[{"embeddable":true,"href":"https:\/\/www.heku-produkte.de\/index.php\/wp-json\/wp\/v2\/users\/1"}],"replies":[{"embeddable":true,"href":"https:\/\/www.heku-produkte.de\/index.php\/wp-json\/wp\/v2\/comments?post=19373"}],"version-history":[{"count":46,"href":"https:\/\/www.heku-produkte.de\/index.php\/wp-json\/wp\/v2\/pages\/19373\/revisions"}],"predecessor-version":[{"id":19433,"href":"https:\/\/www.heku-produkte.de\/index.php\/wp-json\/wp\/v2\/pages\/19373\/revisions\/19433"}],"wp:attachment":[{"href":"https:\/\/www.heku-produkte.de\/index.php\/wp-json\/wp\/v2\/media?parent=19373"}],"curies":[{"name":"wp","href":"https:\/\/api.w.org\/{rel}","templated":true}]}}