{"id":19743,"date":"2021-05-14T13:56:59","date_gmt":"2021-05-14T11:56:59","guid":{"rendered":"https:\/\/www.heku-produkte.de\/?page_id=19743"},"modified":"2021-10-05T11:48:57","modified_gmt":"2021-10-05T09:48:57","slug":"heku-mehrweg","status":"publish","type":"page","link":"https:\/\/www.heku-produkte.de\/index.php\/heku-mehrweg\/","title":{"rendered":"HEKU Mehrweg-Artikel"},"content":{"rendered":"<div class=\"wpb-content-wrapper\"><p>[vc_row css_animation=&#8220;&#8220; row_type=&#8220;row&#8220; use_row_as_full_screen_section=&#8220;no&#8220; type=&#8220;full_width&#8220; angled_section=&#8220;no&#8220; text_align=&#8220;left&#8220; background_image_as_pattern=&#8220;without_pattern&#8220;][vc_column][vc_single_image image=&#8220;20002&#8243; img_size=&#8220;full&#8220; alignment=&#8220;center&#8220; qode_css_animation=&#8220;&#8220;][\/vc_column][\/vc_row][vc_row css_animation=&#8220;&#8220; row_type=&#8220;row&#8220; use_row_as_full_screen_section=&#8220;no&#8220; type=&#8220;full_width&#8220; angled_section=&#8220;no&#8220; text_align=&#8220;left&#8220; background_image_as_pattern=&#8220;without_pattern&#8220; css=&#8220;.vc_custom_1549548596844{margin-top: 5px !important;background-color: #afd620 !important;}&#8220;][vc_column][vc_empty_space height=&#8220;10px&#8220; css=&#8220;.vc_custom_1549548514322{padding-top: 5px !important;}&#8220;][\/vc_column][\/vc_row][vc_row css_animation=&#8220;&#8220; row_type=&#8220;row&#8220; use_row_as_full_screen_section=&#8220;no&#8220; type=&#8220;grid&#8220; angled_section=&#8220;no&#8220; text_align=&#8220;left&#8220; background_image_as_pattern=&#8220;without_pattern&#8220; css=&#8220;.vc_custom_1549548133231{padding-top: 0px !important;padding-bottom: 0px !important;}&#8220;][vc_column][vc_column_text css=&#8220;.vc_custom_1622445396768{padding-top: 40px !important;padding-bottom: 10px !important;}&#8220;]<\/p>\n<h1 style=\"text-align: center;\"><span style=\"font-size: 150%;\">HEKU<\/span><strong><span style=\"font-size: 150%;\"> <span style=\"color: #afd620;\">Mehrweg-Artikel<\/span><\/span><\/strong><\/h1>\n<p>[\/vc_column_text][\/vc_column][\/vc_row][vc_row css_animation=&#8220;&#8220; row_type=&#8220;row&#8220; use_row_as_full_screen_section=&#8220;no&#8220; type=&#8220;grid&#8220; angled_section=&#8220;no&#8220; text_align=&#8220;left&#8220; background_image_as_pattern=&#8220;without_pattern&#8220; css=&#8220;.vc_custom_1622447064023{padding-bottom: 30px !important;}&#8220; z_index=&#8220;&#8220;][vc_column][vc_column_text css=&#8220;.vc_custom_1622461551490{padding-top: 15px !important;}&#8220;]<\/p>\n<h6 style=\"text-align: center;\"><span style=\"font-size: 150%;\">Plastik ist grunds\u00e4tzlich ein hervorragender Werkstoff. Es ist leicht, flexibel, formbar, hitzebest\u00e4ndig und sehr haltbar. Ebenso haben hygienische Aspekte durch den weltweit verbreiteten Corona-Virus wieder mehr an Bedeutung gewonnen. All das sind Eigenschaften, die andere Materialien gar nicht oder oft nur mit einer schlechteren \u00d6kobilanz liefern k\u00f6nnen.<\/span><\/h6>\n<p>&nbsp;<\/p>\n<h6 style=\"text-align: center;\"><span style=\"font-size: 150%;\">Um die Vorteile dieses Materials zu nutzen und parallel auch die \u00f6kologischen Gesichtspunkte zu ber\u00fccksichtigen, bieten wir jetzt auch unsere neue Warengruppe \u201eMehrwegprogramm\u201c an. Hierunter f\u00fchren wir Plastikgeschirr, das mehrfach verwendet werden kann und sp\u00fclmaschinengeeignet ist. Viele dieser Plastikartikel sind zudem aus sogenannten Monorohstoffen hergestellt, welche im Gegensatz zu Verbundstoffen aus einem reinen Werkstoff bestehen und somit perfekt dem Recyclingkreislauf zugef\u00fchrt werden k\u00f6nnen &#8211; das sorgt nicht nur f\u00fcr eine nachhaltigere Produktion, sondern schont auch die Umwelt. <\/span><\/h6>\n<p>[\/vc_column_text][\/vc_column][\/vc_row][vc_row css_animation=&#8220;&#8220; row_type=&#8220;row&#8220; use_row_as_full_screen_section=&#8220;no&#8220; type=&#8220;full_width&#8220; angled_section=&#8220;no&#8220; text_align=&#8220;left&#8220; background_image_as_pattern=&#8220;without_pattern&#8220; css=&#8220;.vc_custom_1549548752391{margin-top: 5px !important;margin-bottom: 10px !important;background-color: #afd620 !important;}&#8220;][vc_column][vc_column_text css=&#8220;.vc_custom_1622447076058{padding-top: 15px !important;padding-bottom: 10px !important;}&#8220;]<\/p>\n<h2 style=\"text-align: center;\"><span style=\"font-size: 150%; color: #ffffff;\">All unsere Mehrweg-Artikel sind:<br \/>\n<\/span><\/h2>\n<p>[\/vc_column_text][\/vc_column][\/vc_row][vc_row css_animation=&#8220;&#8220; row_type=&#8220;row&#8220; use_row_as_full_screen_section=&#8220;no&#8220; type=&#8220;grid&#8220; angled_section=&#8220;no&#8220; text_align=&#8220;left&#8220; background_image_as_pattern=&#8220;without_pattern&#8220; css=&#8220;.vc_custom_1622447133233{padding-top: 10px !important;padding-bottom: 20px !important;}&#8220; z_index=&#8220;&#8220;][vc_column width=&#8220;1\/5&#8243;][vc_single_image image=&#8220;19896&#8243; img_size=&#8220;60px&#8220; alignment=&#8220;right&#8220; qode_css_animation=&#8220;&#8220;][\/vc_column][vc_column width=&#8220;1\/5&#8243;][vc_column_text css=&#8220;.vc_custom_1622446625580{padding-top: 15px !important;}&#8220;]<\/p>\n<h1>Wiederverwendbar<\/h1>\n<p>[\/vc_column_text][\/vc_column][vc_column width=&#8220;1\/5&#8243;][vc_single_image image=&#8220;19899&#8243; img_size=&#8220;60px&#8220; alignment=&#8220;right&#8220; qode_css_animation=&#8220;&#8220;][\/vc_column][vc_column width=&#8220;1\/5&#8243;][vc_column_text css=&#8220;.vc_custom_1622447325248{padding-top: 15px !important;}&#8220;]<\/p>\n<h1>Sp\u00fclmaschinengeeignet<\/h1>\n<p>[\/vc_column_text][\/vc_column][vc_column width=&#8220;1\/5&#8243;][\/vc_column][\/vc_row][vc_row css_animation=&#8220;&#8220; row_type=&#8220;row&#8220; use_row_as_full_screen_section=&#8220;no&#8220; type=&#8220;grid&#8220; angled_section=&#8220;no&#8220; text_align=&#8220;left&#8220; background_image_as_pattern=&#8220;without_pattern&#8220; css=&#8220;.vc_custom_1622447133233{padding-top: 10px !important;padding-bottom: 20px !important;}&#8220; z_index=&#8220;&#8220;][vc_column width=&#8220;1\/5&#8243;][vc_single_image image=&#8220;19897&#8243; img_size=&#8220;60px&#8220; alignment=&#8220;right&#8220; qode_css_animation=&#8220;&#8220;][\/vc_column][vc_column width=&#8220;1\/5&#8243;][vc_column_text css=&#8220;.vc_custom_1622447343408{padding-top: 15px !important;}&#8220;]<\/p>\n<h1>Mikrowellengeeignet<\/h1>\n<p>[\/vc_column_text][\/vc_column][vc_column width=&#8220;1\/5&#8243;][vc_single_image image=&#8220;19898&#8243; img_size=&#8220;60px&#8220; alignment=&#8220;right&#8220; qode_css_animation=&#8220;&#8220;][\/vc_column][vc_column width=&#8220;1\/5&#8243;][vc_column_text css=&#8220;.vc_custom_1622447373113{padding-top: 15px !important;}&#8220;]<\/p>\n<h1>Recyclebar<\/h1>\n<p>[\/vc_column_text][\/vc_column][vc_column width=&#8220;1\/5&#8243;][\/vc_column][\/vc_row][vc_row css_animation=&#8220;&#8220; row_type=&#8220;row&#8220; use_row_as_full_screen_section=&#8220;no&#8220; type=&#8220;grid&#8220; angled_section=&#8220;no&#8220; text_align=&#8220;left&#8220; background_image_as_pattern=&#8220;without_pattern&#8220; css=&#8220;.vc_custom_1622444872954{margin-top: 0px !important;padding-bottom: 20px !important;background-color: #dff29b !important;}&#8220; z_index=&#8220;&#8220;][vc_column css_animation=&#8220;none&#8220; width=&#8220;1\/4&#8243;][vc_single_image image=&#8220;19871&#8243; img_size=&#8220;medium&#8220; alignment=&#8220;center&#8220; onclick=&#8220;zoom&#8220; qode_css_animation=&#8220;&#8220; css=&#8220;.vc_custom_1622444363343{padding-top: 10px !important;padding-bottom: 10px !important;}&#8220;][vc_single_image image=&#8220;19875&#8243; img_size=&#8220;medium&#8220; alignment=&#8220;center&#8220; onclick=&#8220;zoom&#8220; qode_css_animation=&#8220;&#8220; css=&#8220;.vc_custom_1622444706391{padding-top: 10px !important;padding-bottom: 10px !important;}&#8220;][vc_single_image image=&#8220;19879&#8243; img_size=&#8220;medium&#8220; alignment=&#8220;center&#8220; qode_css_animation=&#8220;&#8220; css=&#8220;.vc_custom_1622444747701{padding-top: 10px !important;padding-bottom: 10px !important;}&#8220;][vc_single_image image=&#8220;19883&#8243; img_size=&#8220;medium&#8220; alignment=&#8220;center&#8220; qode_css_animation=&#8220;&#8220; css=&#8220;.vc_custom_1622444558182{padding-top: 10px !important;padding-bottom: 10px !important;}&#8220;][\/vc_column][vc_column css_animation=&#8220;none&#8220; width=&#8220;1\/4&#8243;][vc_single_image image=&#8220;19999&#8243; img_size=&#8220;medium&#8220; alignment=&#8220;center&#8220; qode_css_animation=&#8220;&#8220; css=&#8220;.vc_custom_1633427309389{padding-top: 10px !important;padding-bottom: 10px !important;}&#8220;][vc_single_image image=&#8220;19876&#8243; img_size=&#8220;medium&#8220; alignment=&#8220;center&#8220; qode_css_animation=&#8220;&#8220; css=&#8220;.vc_custom_1622444719601{padding-top: 10px !important;padding-bottom: 10px !important;}&#8220;][vc_single_image image=&#8220;19880&#8243; img_size=&#8220;medium&#8220; alignment=&#8220;center&#8220; qode_css_animation=&#8220;&#8220; css=&#8220;.vc_custom_1622444756906{padding-top: 10px !important;padding-bottom: 10px !important;}&#8220;][vc_single_image image=&#8220;19884&#8243; img_size=&#8220;medium&#8220; alignment=&#8220;center&#8220; onclick=&#8220;zoom&#8220; qode_css_animation=&#8220;&#8220; css=&#8220;.vc_custom_1622444794177{padding-top: 10px !important;padding-bottom: 10px !important;}&#8220;][\/vc_column][vc_column css_animation=&#8220;none&#8220; width=&#8220;1\/4&#8243;][vc_single_image image=&#8220;20000&#8243; img_size=&#8220;medium&#8220; alignment=&#8220;center&#8220; qode_css_animation=&#8220;&#8220; css=&#8220;.vc_custom_1633427335298{padding-top: 10px !important;padding-bottom: 10px !important;}&#8220;][vc_single_image image=&#8220;19877&#8243; img_size=&#8220;medium&#8220; alignment=&#8220;center&#8220; qode_css_animation=&#8220;&#8220; css=&#8220;.vc_custom_1622444473914{padding-top: 10px !important;padding-bottom: 10px !important;}&#8220;][vc_single_image image=&#8220;19881&#8243; img_size=&#8220;medium&#8220; alignment=&#8220;center&#8220; qode_css_animation=&#8220;&#8220; css=&#8220;.vc_custom_1622444766610{padding-top: 10px !important;padding-bottom: 10px !important;}&#8220;][vc_single_image image=&#8220;19885&#8243; img_size=&#8220;medium&#8220; alignment=&#8220;center&#8220; qode_css_animation=&#8220;&#8220; css=&#8220;.vc_custom_1622444800631{padding-top: 10px !important;padding-bottom: 10px !important;}&#8220;][\/vc_column][vc_column width=&#8220;1\/4&#8243;][vc_single_image image=&#8220;19872&#8243; img_size=&#8220;medium&#8220; alignment=&#8220;center&#8220; qode_css_animation=&#8220;&#8220; css=&#8220;.vc_custom_1622444693575{padding-top: 10px !important;padding-bottom: 10px !important;}&#8220;][vc_single_image image=&#8220;19878&#8243; img_size=&#8220;medium&#8220; alignment=&#8220;center&#8220; qode_css_animation=&#8220;&#8220; css=&#8220;.vc_custom_1622444737940{padding-top: 10px !important;padding-bottom: 10px !important;}&#8220;][vc_single_image image=&#8220;19882&#8243; img_size=&#8220;medium&#8220; alignment=&#8220;center&#8220; qode_css_animation=&#8220;&#8220; css=&#8220;.vc_custom_1622444778177{padding-top: 10px !important;padding-bottom: 10px !important;}&#8220;][vc_single_image image=&#8220;19886&#8243; img_size=&#8220;medium&#8220; alignment=&#8220;center&#8220; qode_css_animation=&#8220;&#8220; css=&#8220;.vc_custom_1622444807329{padding-top: 10px !important;padding-bottom: 10px !important;}&#8220;][\/vc_column][\/vc_row][vc_row css_animation=&#8220;&#8220; row_type=&#8220;row&#8220; use_row_as_full_screen_section=&#8220;no&#8220; type=&#8220;full_width&#8220; angled_section=&#8220;no&#8220; text_align=&#8220;left&#8220; background_image_as_pattern=&#8220;without_pattern&#8220; css=&#8220;.vc_custom_1549548752391{margin-top: 5px !important;margin-bottom: 10px !important;background-color: #afd620 !important;}&#8220;][vc_column][vc_empty_space height=&#8220;30px&#8220; css=&#8220;.vc_custom_1549548735167{padding-top: 5px !important;}&#8220;][\/vc_column][\/vc_row]<\/p>\n<\/div>","protected":false},"excerpt":{"rendered":"<p>[vc_row css_animation=&#8220;&#8220; row_type=&#8220;row&#8220; use_row_as_full_screen_section=&#8220;no&#8220; type=&#8220;full_width&#8220; angled_section=&#8220;no&#8220; text_align=&#8220;left&#8220; background_image_as_pattern=&#8220;without_pattern&#8220;][vc_column][vc_single_image image=&#8220;20002&#8243; img_size=&#8220;full&#8220; alignment=&#8220;center&#8220; qode_css_animation=&#8220;&#8220;][\/vc_column][\/vc_row][vc_row css_animation=&#8220;&#8220; row_type=&#8220;row&#8220; use_row_as_full_screen_section=&#8220;no&#8220; type=&#8220;full_width&#8220; angled_section=&#8220;no&#8220; text_align=&#8220;left&#8220; background_image_as_pattern=&#8220;without_pattern&#8220; css=&#8220;.vc_custom_1549548596844{margin-top: 5px !important;background-color: #afd620 !important;}&#8220;][vc_column][vc_empty_space height=&#8220;10px&#8220; css=&#8220;.vc_custom_1549548514322{padding-top: 5px !important;}&#8220;][\/vc_column][\/vc_row][vc_row css_animation=&#8220;&#8220; row_type=&#8220;row&#8220; use_row_as_full_screen_section=&#8220;no&#8220; type=&#8220;grid&#8220; angled_section=&#8220;no&#8220; text_align=&#8220;left&#8220; background_image_as_pattern=&#8220;without_pattern&#8220; css=&#8220;.vc_custom_1549548133231{padding-top: 0px !important;padding-bottom: 0px !important;}&#8220;][vc_column][vc_column_text css=&#8220;.vc_custom_1622445396768{padding-top: 40px !important;padding-bottom: 10px !important;}&#8220;]&#8230;<\/p>\n","protected":false},"author":1,"featured_media":0,"parent":0,"menu_order":0,"comment_status":"closed","ping_status":"closed","template":"full_width.php","meta":{"footnotes":""},"class_list":["post-19743","page","type-page","status-publish","hentry"],"_links":{"self":[{"href":"https:\/\/www.heku-produkte.de\/index.php\/wp-json\/wp\/v2\/pages\/19743","targetHints":{"allow":["GET"]}}],"collection":[{"href":"https:\/\/www.heku-produkte.de\/index.php\/wp-json\/wp\/v2\/pages"}],"about":[{"href":"https:\/\/www.heku-produkte.de\/index.php\/wp-json\/wp\/v2\/types\/page"}],"author":[{"embeddable":true,"href":"https:\/\/www.heku-produkte.de\/index.php\/wp-json\/wp\/v2\/users\/1"}],"replies":[{"embeddable":true,"href":"https:\/\/www.heku-produkte.de\/index.php\/wp-json\/wp\/v2\/comments?post=19743"}],"version-history":[{"count":23,"href":"https:\/\/www.heku-produkte.de\/index.php\/wp-json\/wp\/v2\/pages\/19743\/revisions"}],"predecessor-version":[{"id":20005,"href":"https:\/\/www.heku-produkte.de\/index.php\/wp-json\/wp\/v2\/pages\/19743\/revisions\/20005"}],"wp:attachment":[{"href":"https:\/\/www.heku-produkte.de\/index.php\/wp-json\/wp\/v2\/media?parent=19743"}],"curies":[{"name":"wp","href":"https:\/\/api.w.org\/{rel}","templated":true}]}}