{"id":20059,"date":"2021-12-08T14:29:10","date_gmt":"2021-12-08T13:29:10","guid":{"rendered":"https:\/\/www.heku-produkte.de\/?page_id=20059"},"modified":"2022-02-22T08:18:23","modified_gmt":"2022-02-22T07:18:23","slug":"heku-sortiments-news","status":"publish","type":"page","link":"https:\/\/www.heku-produkte.de\/index.php\/heku-sortiments-news\/","title":{"rendered":"HEKU Sortiments-News"},"content":{"rendered":"<div class=\"wpb-content-wrapper\"><p>[vc_row css_animation=&#8220;&#8220; row_type=&#8220;row&#8220; use_row_as_full_screen_section=&#8220;no&#8220; type=&#8220;full_width&#8220; angled_section=&#8220;no&#8220; text_align=&#8220;left&#8220; background_image_as_pattern=&#8220;without_pattern&#8220; css=&#8220;.vc_custom_1638970337077{padding-bottom: 10px !important;}&#8220; z_index=&#8220;&#8220;][vc_column][vc_single_image image=&#8220;20066&#8243; img_size=&#8220;full&#8220; alignment=&#8220;center&#8220; qode_css_animation=&#8220;&#8220;][\/vc_column][\/vc_row][vc_row css_animation=&#8220;&#8220; row_type=&#8220;row&#8220; use_row_as_full_screen_section=&#8220;no&#8220; type=&#8220;full_width&#8220; angled_section=&#8220;no&#8220; text_align=&#8220;left&#8220; background_image_as_pattern=&#8220;without_pattern&#8220; css=&#8220;.vc_custom_1638970323445{margin-top: 0px !important;background-color: #faba00 !important;}&#8220; z_index=&#8220;&#8220;][vc_column][vc_empty_space height=&#8220;10px&#8220; css=&#8220;.vc_custom_1638971051949{padding-top: 0px !important;}&#8220;][\/vc_column][\/vc_row][vc_row css_animation=&#8220;&#8220; row_type=&#8220;row&#8220; use_row_as_full_screen_section=&#8220;no&#8220; type=&#8220;grid&#8220; angled_section=&#8220;no&#8220; text_align=&#8220;left&#8220; background_image_as_pattern=&#8220;without_pattern&#8220; css=&#8220;.vc_custom_1638970954891{padding-top: 0px !important;padding-bottom: 20px !important;}&#8220; z_index=&#8220;&#8220;][vc_column][vc_column_text css=&#8220;.vc_custom_1638970486272{padding-top: 40px !important;padding-bottom: 10px !important;}&#8220;]<\/p>\n<h1 style=\"text-align: center;\"><span style=\"font-size: 150%;\">HEKU<\/span><span style=\"color: #faba00;\"><strong><span style=\"font-size: 150%;\"> Sortiments-News<\/span><\/strong><\/span><\/h1>\n<p>[\/vc_column_text][\/vc_column][\/vc_row][vc_row css_animation=&#8220;&#8220; row_type=&#8220;row&#8220; use_row_as_full_screen_section=&#8220;no&#8220; type=&#8220;grid&#8220; angled_section=&#8220;no&#8220; text_align=&#8220;left&#8220; background_image_as_pattern=&#8220;without_pattern&#8220; z_index=&#8220;&#8220; css=&#8220;.vc_custom_1638970723694{padding-top: 20px !important;padding-bottom: 20px !important;}&#8220;][vc_column width=&#8220;1\/2&#8243;][vc_column_text]<\/p>\n<h3><strong>Neue Weihnachts-Premiumserie \u201eSmiling Santa\u201c<br \/>\n<\/strong><\/h3>\n<p>[\/vc_column_text][vc_separator type=&#8220;normal&#8220; color=&#8220;#faba00&#8243; thickness=&#8220;2&#8243;][vc_column_text]<\/p>\n<h5>22.02.2022<\/h5>\n<p>[\/vc_column_text][vc_column_text]Als eine der gro\u00dfen Neuheiten des kommenden Weihnachtskataloges haben wir die Weihnachts-Premiumserie \u201eSmiling Santa\u201c kreiert, die insbesondere f\u00fcr Geschenke an Kinder gedacht ist. Durch das trendige und universelle Design, das von den omnipr\u00e4senten Emojis inspiriert wurde, eignet es sich jedoch auch ideal f\u00fcr Teenager und Junggebliebene.[\/vc_column_text][vc_separator type=&#8220;normal&#8220; color=&#8220;#faba00&#8243; thickness=&#8220;2&#8243;][vc_gallery interval=&#8220;3&#8243; images=&#8220;20187,20188&#8243; img_size=&#8220;full&#8220;][vc_separator type=&#8220;normal&#8220; color=&#8220;#faba00&#8243; thickness=&#8220;6&#8243;][\/vc_column][vc_column width=&#8220;1\/2&#8243;][\/vc_column][\/vc_row][vc_row css_animation=&#8220;&#8220; row_type=&#8220;row&#8220; use_row_as_full_screen_section=&#8220;no&#8220; type=&#8220;full_width&#8220; angled_section=&#8220;no&#8220; text_align=&#8220;left&#8220; background_image_as_pattern=&#8220;without_pattern&#8220; z_index=&#8220;&#8220;][vc_column][vc_empty_space height=&#8220;50px&#8220; css=&#8220;.vc_custom_1638970970510{padding-top: 5px !important;}&#8220;][\/vc_column][\/vc_row][vc_row css_animation=&#8220;&#8220; row_type=&#8220;row&#8220; use_row_as_full_screen_section=&#8220;no&#8220; type=&#8220;full_width&#8220; angled_section=&#8220;no&#8220; text_align=&#8220;left&#8220; background_image_as_pattern=&#8220;without_pattern&#8220; css=&#8220;.vc_custom_1638970323445{margin-top: 0px !important;background-color: #faba00 !important;}&#8220; z_index=&#8220;&#8220;][vc_column][vc_empty_space height=&#8220;10px&#8220; css=&#8220;.vc_custom_1638971051949{padding-top: 0px !important;}&#8220;][\/vc_column][\/vc_row][vc_row css_animation=&#8220;&#8220; row_type=&#8220;row&#8220; use_row_as_full_screen_section=&#8220;no&#8220; type=&#8220;full_width&#8220; angled_section=&#8220;no&#8220; text_align=&#8220;left&#8220; background_image_as_pattern=&#8220;without_pattern&#8220; z_index=&#8220;&#8220;][vc_column][vc_empty_space height=&#8220;5px&#8220; css=&#8220;.vc_custom_1638971105621{padding-top: 5px !important;}&#8220;][\/vc_column][\/vc_row]<\/p>\n<\/div>","protected":false},"excerpt":{"rendered":"<p>[vc_row css_animation=&#8220;&#8220; row_type=&#8220;row&#8220; use_row_as_full_screen_section=&#8220;no&#8220; type=&#8220;full_width&#8220; angled_section=&#8220;no&#8220; text_align=&#8220;left&#8220; background_image_as_pattern=&#8220;without_pattern&#8220; css=&#8220;.vc_custom_1638970337077{padding-bottom: 10px !important;}&#8220; z_index=&#8220;&#8220;][vc_column][vc_single_image image=&#8220;20066&#8243; img_size=&#8220;full&#8220; alignment=&#8220;center&#8220; qode_css_animation=&#8220;&#8220;][\/vc_column][\/vc_row][vc_row css_animation=&#8220;&#8220; row_type=&#8220;row&#8220; use_row_as_full_screen_section=&#8220;no&#8220; type=&#8220;full_width&#8220; angled_section=&#8220;no&#8220; text_align=&#8220;left&#8220; background_image_as_pattern=&#8220;without_pattern&#8220; css=&#8220;.vc_custom_1638970323445{margin-top: 0px !important;background-color: #faba00 !important;}&#8220; z_index=&#8220;&#8220;][vc_column][vc_empty_space height=&#8220;10px&#8220; css=&#8220;.vc_custom_1638971051949{padding-top: 0px !important;}&#8220;][\/vc_column][\/vc_row][vc_row css_animation=&#8220;&#8220; row_type=&#8220;row&#8220; use_row_as_full_screen_section=&#8220;no&#8220; type=&#8220;grid&#8220; angled_section=&#8220;no&#8220; text_align=&#8220;left&#8220; background_image_as_pattern=&#8220;without_pattern&#8220; css=&#8220;.vc_custom_1638970954891{padding-top: 0px !important;padding-bottom: 20px !important;}&#8220;&#8230;<\/p>\n","protected":false},"author":1,"featured_media":0,"parent":0,"menu_order":0,"comment_status":"closed","ping_status":"closed","template":"full_width.php","meta":{"footnotes":""},"class_list":["post-20059","page","type-page","status-publish","hentry"],"_links":{"self":[{"href":"https:\/\/www.heku-produkte.de\/index.php\/wp-json\/wp\/v2\/pages\/20059","targetHints":{"allow":["GET"]}}],"collection":[{"href":"https:\/\/www.heku-produkte.de\/index.php\/wp-json\/wp\/v2\/pages"}],"about":[{"href":"https:\/\/www.heku-produkte.de\/index.php\/wp-json\/wp\/v2\/types\/page"}],"author":[{"embeddable":true,"href":"https:\/\/www.heku-produkte.de\/index.php\/wp-json\/wp\/v2\/users\/1"}],"replies":[{"embeddable":true,"href":"https:\/\/www.heku-produkte.de\/index.php\/wp-json\/wp\/v2\/comments?post=20059"}],"version-history":[{"count":18,"href":"https:\/\/www.heku-produkte.de\/index.php\/wp-json\/wp\/v2\/pages\/20059\/revisions"}],"predecessor-version":[{"id":20180,"href":"https:\/\/www.heku-produkte.de\/index.php\/wp-json\/wp\/v2\/pages\/20059\/revisions\/20180"}],"wp:attachment":[{"href":"https:\/\/www.heku-produkte.de\/index.php\/wp-json\/wp\/v2\/media?parent=20059"}],"curies":[{"name":"wp","href":"https:\/\/api.w.org\/{rel}","templated":true}]}}