{"id":20708,"date":"2023-11-30T14:13:37","date_gmt":"2023-11-30T13:13:37","guid":{"rendered":"https:\/\/www.heku-produkte.de\/?page_id=20708"},"modified":"2024-01-19T07:54:52","modified_gmt":"2024-01-19T06:54:52","slug":"einweg-kunststoff-fondsgesetz","status":"publish","type":"page","link":"https:\/\/www.heku-produkte.de\/index.php\/einweg-kunststoff-fondsgesetz\/","title":{"rendered":"Einweg-Kunststoff-Fondsgesetz"},"content":{"rendered":"<div class=\"wpb-content-wrapper\"><p>[vc_row css_animation=&#8220;&#8220; row_type=&#8220;row&#8220; use_row_as_full_screen_section=&#8220;no&#8220; type=&#8220;full_width&#8220; angled_section=&#8220;no&#8220; text_align=&#8220;left&#8220; background_image_as_pattern=&#8220;without_pattern&#8220;][vc_column][vc_empty_space height=&#8220;100px&#8220;][\/vc_column][\/vc_row][vc_row css_animation=&#8220;&#8220; row_type=&#8220;row&#8220; use_row_as_full_screen_section=&#8220;no&#8220; type=&#8220;full_width&#8220; angled_section=&#8220;no&#8220; text_align=&#8220;left&#8220; background_image_as_pattern=&#8220;without_pattern&#8220;][vc_column width=&#8220;1\/4&#8243;][vc_column_text]<br \/>\n[\/vc_column_text][\/vc_column][vc_column width=&#8220;1\/2&#8243;][vc_column_text]<\/p>\n<h1 style=\"text-align: center;\"><span style=\"color: #000000;\">EINWEG-KUNSTSTOFF-FONDSGESETZ<\/span><\/h1>\n<p>[\/vc_column_text][\/vc_column][vc_column width=&#8220;1\/4&#8243;][vc_column_text]<br \/>\n[\/vc_column_text][\/vc_column][\/vc_row][vc_row css_animation=&#8220;&#8220; row_type=&#8220;row&#8220; use_row_as_full_screen_section=&#8220;no&#8220; type=&#8220;full_width&#8220; angled_section=&#8220;no&#8220; text_align=&#8220;left&#8220; background_image_as_pattern=&#8220;without_pattern&#8220;][vc_column][vc_empty_space height=&#8220;50px&#8220;][\/vc_column][\/vc_row][vc_row css_animation=&#8220;&#8220; row_type=&#8220;row&#8220; use_row_as_full_screen_section=&#8220;no&#8220; type=&#8220;grid&#8220; angled_section=&#8220;no&#8220; text_align=&#8220;left&#8220; background_image_as_pattern=&#8220;without_pattern&#8220;][vc_column width=&#8220;1\/6&#8243;][\/vc_column][vc_column width=&#8220;2\/3&#8243;][vc_column_text]<span style=\"color: #000000;\"><strong>Am 11. Mai 2023 hat die Bundesregierung das Einweg-Kunststoff-Fondsgesetz verabschiedet<\/strong> (<span style=\"color: #faba00;\"><em><a style=\"color: #faba00;\" href=\"https:\/\/www.recht.bund.de\/bgbl\/1\/2023\/124\/VO.html\"><strong>BGBI 2023 Teil I S. 124<\/strong><\/a><\/em><\/span>), wodurch eine Vorgabe aus der EU-Einweg-Kunststoffprodukte Richtlinie (Artikel 8, EU 2019\/904) in deutsches Recht umgesetzt wird. Am 25.08.2023 hat das Bundeskanzleramt die Verordnung an den Deutschen Bundestag zur Zustimmung \u00fcbersendet. Die Zustimmung des Bundestages steht jedoch noch aus, muss aber bis zum Jahresende erfolgen, damit das Gesetz am 01.01.2024 in Kraft treten kann.<\/span><\/p>\n<p>&nbsp;<\/p>\n<p><span style=\"color: #000000;\">Das Gesetz besagt, dass abgabeverpflichtete Hersteller, die bestimmte Einwegprodukte gewerbsm\u00e4\u00dfig erstmals auf dem deutschen Markt bereitstellen, eine Sonderabgabe in den Einweg-Kunststoff-Fonds zahlen m\u00fcssen. Hersteller im Sinne des Gesetzes k\u00f6nnen u.a. Produzenten, Bef\u00fcller, Verk\u00e4ufer oder Importeure sein.<\/span><\/p>\n<p>&nbsp;<\/p>\n<p><span style=\"color: #000000;\">Die Abgabenh\u00f6he ist abh\u00e4ngig von der Art und Masse der produzierten Einwegkunststoffprodukte.<\/span><\/p>\n<p>&nbsp;<\/p>\n<p><span style=\"color: #000000;\">Von dieser Sonderabgabe soll die M\u00fclleinsammlung \u00f6ffentlich-rechtlicher Entsorgungstr\u00e4ger (M\u00fcll- und Abfallbetriebe, Autobahnmeistereien) von St\u00e4dten und Gemeinden finanziert werden.<\/span><\/p>\n<p>&nbsp;<\/p>\n<p><span style=\"color: #000000;\">Die Abgabe haben die Hersteller und Importeure erstmals im Fr\u00fchjahr 2025 zu leisten und zwar r\u00fcckwirkend auf der Basis der im Kalenderjahr 2024 bereitgestellten Produktmengen.<\/span><br \/>\n<span style=\"color: #000000;\">Die jeweilige H\u00f6he der Abgabe wird in \u00a72 der Einweg-Kunststoff-Fondsverordnung (EWKFondsV) wie folgt geregelt:<\/span><\/p>\n<p>&nbsp;<\/p>\n<p><span style=\"color: #000000;\"><strong> Abgabesatz (Euro pro Kilogramm)<\/strong><\/span><\/p>\n<ul>\n<li><span style=\"color: #000000;\">Lebensmittelbeh\u00e4lter \u20ac 0,177<\/span><\/li>\n<li><span style=\"color: #000000;\">T\u00fcten und Folienverpackungen \u20ac 0,876<\/span><\/li>\n<li><span style=\"color: #000000;\">Nicht bepfandete Getr\u00e4nkebeh\u00e4lter \u20ac 0,181<\/span><\/li>\n<li><span style=\"color: #000000;\">Bepfandete Getr\u00e4nkebeh\u00e4lter \u20ac 0,001<\/span><\/li>\n<li><span style=\"color: #000000;\"><strong>Getr\u00e4nkebecher \u20ac 1,236<\/strong><\/span><\/li>\n<li><span style=\"color: #000000;\">Leichte Kunststofftragetaschen \u20ac 3,801<\/span><\/li>\n<li><span style=\"color: #000000;\">Feuchtt\u00fccher \u20ac 0,061<\/span><\/li>\n<li><span style=\"color: #000000;\"><strong>Luftballons \u20ac 4,340<\/strong><\/span><\/li>\n<li><span style=\"color: #000000;\">Tabakfilter (Produkte) \u20ac 8,972<\/span><\/li>\n<\/ul>\n<p>&nbsp;<\/p>\n<p>&nbsp;<\/p>\n<p><span style=\"color: #000000;\">Die unser Sortiment betreffenden Abgabes\u00e4tze sind in der o.a. Auflistung fett dargestellt. <\/span><\/p>\n<p><span style=\"color: #000000;\">Dabei ist es unerheblich, ob das Produkt zu 100% oder nur teilweise aus Kunststoff besteht.<\/span><\/p>\n<p>&nbsp;<\/p>\n<p><strong><span style=\"color: #000000;\">Hieraus resultierende Preisauswirkungen m\u00f6chten wir anhand nachfolgender Beispiele aufzeigen:<\/span><\/strong><\/p>\n<p>&nbsp;<\/p>\n<ul>\n<li><span style=\"color: #000000;\">#423 &#8211; 100er Trinkbecher, 0,2 l, wei\u00df \u2013 <strong>0,36 \u20ac<\/strong> pro Packung<\/span><\/li>\n<li><span style=\"color: #000000;\">#426 &#8211; 50 Pappbecher \u201eCoffee to go\u201c, 0,2 l, PE beschichtet \u2013<strong> 0,49 \u20ac<\/strong> pro Packung<\/span><\/li>\n<li><span style=\"color: #000000;\">#762 &#8211; 100er Luftballon, \u00d8 22 cm \u2013 <strong>0,89 \u20ac<\/strong> pro Packung<\/span><\/li>\n<li><span style=\"color: #000000;\">#619 &#8211; Folienballons \u201eZahl\u201c \u2013<strong> 0,09 \u20ac<\/strong> pro Packung<\/span><\/li>\n<\/ul>\n<p>&nbsp;<\/p>\n<p><strong><span style=\"color: #000000;\">Eine umfassende Auflistung aller betroffenen Artikel in unserem Standardsortiment mit den jeweils anfallenden Abgaben finden Sie<\/span><\/strong> <span style=\"color: #faba00;\"><em><strong><a style=\"color: #faba00;\" href=\"https:\/\/www.heku-produkte.de\/wp-content\/uploads\/2024\/01\/Liste-Einweg-Kunststoff-Fond-ab_01.01.2024_15.01.24.pdf\">hier<\/a><\/strong><\/em><\/span><span style=\"color: #000000;\">.<\/span><\/p>\n<p>&nbsp;<\/p>\n<p><span style=\"color: #000000;\">Die HEKU GmbH wird die zum Teil enormen Zusatzabgaben zwingend an ihre Kunden in Deutschland weitergeben m\u00fcssen. <\/span><span style=\"color: #000000;\">An dieser Stelle verzichten wir auf Kommentare zur Sinnhaftigkeit und Rechtm\u00e4\u00dfigkeit der Abgabe. <\/span><span style=\"color: #000000;\">Ausk\u00fcnfte zu diesem Thema werden vom Umweltbundesamt (UBA), welches f\u00fcr die Verwaltung des EWKFondsG verantwortlich ist, leider erst ab dem 01.01.2024 erteilt.<\/span><\/p>\n<p>&nbsp;<\/p>\n<p><span style=\"color: #000000;\">H\u00e4ufig gestellte Fragen zu dieser Thematik sind:<\/span><\/p>\n<p>&nbsp;<\/p>\n<p><span style=\"color: #000000;\"><strong>Ist das Gesetz schon in trockenen T\u00fcchern?<\/strong><\/span><\/p>\n<p>&nbsp;<\/p>\n<p><span style=\"color: #000000;\"><strong>Nein!<\/strong> Verschiedenste Verb\u00e4nde und Unternehmungen haben gegen dieses Gesetz geklagt. Es gibt erhebliche Bedenken, ob diese Zwangsabgabe rechtlich zul\u00e4ssig ist. <\/span><span style=\"color: #000000;\">Allerdings wird die juristische Abkl\u00e4rung vor dem Inkrafttreten \u2013 die Zustimmung des Bundestages vorausgesetzt \u2013 nicht abgeschlossen sein.<\/span><\/p>\n<p>&nbsp;<\/p>\n<p><span style=\"color: #000000;\"><strong>Warum haben wir unsere Kunden nicht eher informiert?<\/strong><\/span><\/p>\n<p>&nbsp;<\/p>\n<p><span style=\"color: #000000;\">Zum einen ist die erforderliche Zustimmung des Bundestages noch nicht erfolgt, zum anderen wurden die Abgabes\u00e4tze erst vor einigen Wochen ver\u00f6ffentlicht. <\/span><span style=\"color: #000000;\">Erschwerend kommt hinzu, dass sich bislang nur wenige Hersteller konkret zur Abwicklung \u00e4u\u00dfern konnten, da es noch diverse Unklarheiten zur Umsetzung des Gesetzes gibt.<\/span><\/p>\n<p>&nbsp;<\/p>\n<p><span style=\"color: #000000;\"><strong>Wie werden wir die Geb\u00fchren in Rechnung stellen?<\/strong><\/span><\/p>\n<p>&nbsp;<\/p>\n<p><span style=\"color: #000000;\">Grunds\u00e4tzlich wollten wir die Zusatzgeb\u00fchren in den Artikelpreis inkludieren und nicht als zus\u00e4tzliche Position in der Rechnung auff\u00fchren. <\/span><span style=\"color: #000000;\">Dies k\u00f6nnen wir aber noch nicht eindeutig best\u00e4tigen, weil einige Juristen und Steuerberater der Ansicht sind, dass eine eindeutige Abgrenzung der Geb\u00fchren in Form einer separaten Position oder Rechnung erforderlich ist.<\/span><\/p>\n<p>&nbsp;<\/p>\n<p><span style=\"color: #000000;\"><strong>Ab wann werden wir die Geb\u00fchren in Rechnung stellen?<\/strong><\/span><\/p>\n<p>&nbsp;<\/p>\n<p><span style=\"color: #000000;\">Wir gehen Stand heute davon aus, dass wir Ihnen die entsprechende Geb\u00fchr ab dem 01.01.2024 berechnen m\u00fcssen.<\/span><\/p>\n<p>&nbsp;<\/p>\n<p><span style=\"color: #000000;\"><strong>HEKU zahlt doch bereits Geb\u00fchren nach dem Verpackungsgesetz (\u201eLizenz\u201c,\u201eGr\u00fcner Punkt\u201c, \u201eGelber Sack-Geb\u00fchren\u201c). Fallen diese Geb\u00fchren zus\u00e4tzlich an?<\/strong><\/span><\/p>\n<p>&nbsp;<\/p>\n<p><span style=\"color: #000000;\">Ja, denn hier geht es nicht darum, die <strong>Verpackung<\/strong> der Produkte bei den Haushalten einzusammeln, sondern die <strong>Produkte<\/strong> von den \u00f6ffentlichen Fl\u00e4chen, an den Stra\u00dfen und in der freien Natur. Die Fonds-Abgabe f\u00e4llt somit zus\u00e4tzlich an.<\/span><\/p>\n<p>&nbsp;<\/p>\n<p><span style=\"color: #000000;\">Diese Infoseite soll Ihnen erst einmal als Vorabinformation dienen, da vielen von diesem Gesetz betroffenen Unternehmen die Thematik bisher nicht bekannt ist.<\/span><\/p>\n<p><span style=\"color: #000000;\">Wir werden unsere Kunden auch weiterhin auf dem Laufenden halten.<\/span>[\/vc_column_text][vc_empty_space height=&#8220;40px&#8220;][\/vc_column][vc_column width=&#8220;1\/6&#8243;][\/vc_column][\/vc_row][vc_row css_animation=&#8220;&#8220; row_type=&#8220;row&#8220; use_row_as_full_screen_section=&#8220;no&#8220; type=&#8220;full_width&#8220; angled_section=&#8220;no&#8220; text_align=&#8220;left&#8220; background_image_as_pattern=&#8220;without_pattern&#8220;][vc_column][vc_empty_space height=&#8220;100px&#8220;][\/vc_column][\/vc_row]<\/p>\n<\/div>","protected":false},"excerpt":{"rendered":"<p>[vc_row css_animation=&#8220;&#8220; row_type=&#8220;row&#8220; use_row_as_full_screen_section=&#8220;no&#8220; type=&#8220;full_width&#8220; angled_section=&#8220;no&#8220; text_align=&#8220;left&#8220; background_image_as_pattern=&#8220;without_pattern&#8220;][vc_column][vc_empty_space height=&#8220;100px&#8220;][\/vc_column][\/vc_row][vc_row css_animation=&#8220;&#8220; row_type=&#8220;row&#8220; use_row_as_full_screen_section=&#8220;no&#8220; type=&#8220;full_width&#8220; angled_section=&#8220;no&#8220; text_align=&#8220;left&#8220; background_image_as_pattern=&#8220;without_pattern&#8220;][vc_column width=&#8220;1\/4&#8243;][vc_column_text] [\/vc_column_text][\/vc_column][vc_column width=&#8220;1\/2&#8243;][vc_column_text] EINWEG-KUNSTSTOFF-FONDSGESETZ [\/vc_column_text][\/vc_column][vc_column width=&#8220;1\/4&#8243;][vc_column_text] [\/vc_column_text][\/vc_column][\/vc_row][vc_row css_animation=&#8220;&#8220; row_type=&#8220;row&#8220; use_row_as_full_screen_section=&#8220;no&#8220; type=&#8220;full_width&#8220; angled_section=&#8220;no&#8220; text_align=&#8220;left&#8220; background_image_as_pattern=&#8220;without_pattern&#8220;][vc_column][vc_empty_space height=&#8220;50px&#8220;][\/vc_column][\/vc_row][vc_row css_animation=&#8220;&#8220; row_type=&#8220;row&#8220; use_row_as_full_screen_section=&#8220;no&#8220; type=&#8220;grid&#8220; angled_section=&#8220;no&#8220; text_align=&#8220;left&#8220; background_image_as_pattern=&#8220;without_pattern&#8220;][vc_column width=&#8220;1\/6&#8243;][\/vc_column][vc_column width=&#8220;2\/3&#8243;][vc_column_text]Am 11. Mai 2023 hat die&#8230;<\/p>\n","protected":false},"author":1,"featured_media":0,"parent":0,"menu_order":0,"comment_status":"open","ping_status":"closed","template":"full_width.php","meta":{"footnotes":""},"class_list":["post-20708","page","type-page","status-publish","hentry"],"_links":{"self":[{"href":"https:\/\/www.heku-produkte.de\/index.php\/wp-json\/wp\/v2\/pages\/20708","targetHints":{"allow":["GET"]}}],"collection":[{"href":"https:\/\/www.heku-produkte.de\/index.php\/wp-json\/wp\/v2\/pages"}],"about":[{"href":"https:\/\/www.heku-produkte.de\/index.php\/wp-json\/wp\/v2\/types\/page"}],"author":[{"embeddable":true,"href":"https:\/\/www.heku-produkte.de\/index.php\/wp-json\/wp\/v2\/users\/1"}],"replies":[{"embeddable":true,"href":"https:\/\/www.heku-produkte.de\/index.php\/wp-json\/wp\/v2\/comments?post=20708"}],"version-history":[{"count":22,"href":"https:\/\/www.heku-produkte.de\/index.php\/wp-json\/wp\/v2\/pages\/20708\/revisions"}],"predecessor-version":[{"id":20784,"href":"https:\/\/www.heku-produkte.de\/index.php\/wp-json\/wp\/v2\/pages\/20708\/revisions\/20784"}],"wp:attachment":[{"href":"https:\/\/www.heku-produkte.de\/index.php\/wp-json\/wp\/v2\/media?parent=20708"}],"curies":[{"name":"wp","href":"https:\/\/api.w.org\/{rel}","templated":true}]}}